{"id":7687,"date":"2024-09-05T08:35:04","date_gmt":"2024-09-05T08:35:04","guid":{"rendered":"https:\/\/pracek.si\/ekrani-za-prenosnike\/?post_type=product&#038;p=7687"},"modified":"2024-12-05T09:50:05","modified_gmt":"2024-12-05T09:50:05","slug":"156-lcd-144hz-fhd-mat-ips-zaslon-za-msi-ms-16w2-40pin-z-lepilom-nov","status":"publish","type":"product","link":"https:\/\/pracek.si\/ekrani-za-prenosnike\/product\/156-lcd-144hz-fhd-mat-ips-zaslon-za-msi-ms-16w2-40pin-z-lepilom-nov\/","title":{"rendered":"15,6&#8243; LCD 144Hz FHD mat IPS zaslon za MSI MS-16W2 40pin z lepilom Nov"},"content":{"rendered":"<p><strong>Dejanski model LCD ekrana: n156hra-ea1 REV C1 \/ N156HRA-GAA Rev.c1 \/ N156HMA-GA1 REV C2 \u2013 popolnoma zdru\u017eljiv z LCD ekranom za prenosnik MSI MS-16W2 SERIES<\/strong><\/p>\n<p>Izbolj\u0161ajte zaslon svojega prenosnika MSI MS-16W2 Series z LCD ekranom velikosti 15,6&#8243;, ki je zasnovan za izjemno vizualno jasnost in gladko delovanje. S Full HD (1920&#215;1080) lo\u010dljivostjo in frekvenco osve\u017eevanja 144Hz ta ekran ponuja izjemne podrobnosti in teko\u010de gibanje, kar je idealno za igranje iger, delo ali zabavo.<\/p>\n<p>Tehnologija IPS zagotavlja \u0161iroke kote gledanja in natan\u010dne barve, medtem ko matirana povr\u0161ina zmanj\u0161uje ble\u0161\u010danje in odseve ter omogo\u010da udobno gledanje v razli\u010dnih svetlobnih pogojih. Povezava z eDP 40-pinskim priklju\u010dkom zagotavlja varno in stabilno povezavo z va\u0161im prenosnikom.<\/p>\n<p>Namestitev je preprosta z vklju\u010denim obojestranskim lepilnim trakom. Prosimo, upo\u0161tevajte, da zaslon prihaja brez zgornjih in spodnjih nosilcev. Izdelek je povsem nov, kar zagotavlja, da prejmete kakovosten in brezhiben zaslon, pripravljen za namestitev.<\/p>\n","protected":false},"excerpt":{"rendered":"<p>Nadgradite svoj prenosnik MSI MS-16W2 Series z 15,6&#8243; FHD IPS matiranim zaslonom s frekvenco 144Hz. Vklju\u010duje 40-pinski eDP priklju\u010dek in obojestranski lepilni trak za enostavno namestitev. Stanje: novo.<\/p>\n","protected":false},"featured_media":7673,"template":"","meta":[],"product_brand":[],"product_cat":[50],"product_tag":[63],"class_list":{"0":"post-7687","1":"product","2":"type-product","3":"status-publish","4":"has-post-thumbnail","6":"product_cat-15-6","7":"product_tag-msi","9":"first","10":"instock","11":"taxable","12":"shipping-taxable","13":"purchasable","14":"product-type-simple"},"_links":{"self":[{"href":"https:\/\/pracek.si\/ekrani-za-prenosnike\/wp-json\/wp\/v2\/product\/7687","targetHints":{"allow":["GET"]}}],"collection":[{"href":"https:\/\/pracek.si\/ekrani-za-prenosnike\/wp-json\/wp\/v2\/product"}],"about":[{"href":"https:\/\/pracek.si\/ekrani-za-prenosnike\/wp-json\/wp\/v2\/types\/product"}],"wp:featuredmedia":[{"embeddable":true,"href":"https:\/\/pracek.si\/ekrani-za-prenosnike\/wp-json\/wp\/v2\/media\/7673"}],"wp:attachment":[{"href":"https:\/\/pracek.si\/ekrani-za-prenosnike\/wp-json\/wp\/v2\/media?parent=7687"}],"wp:term":[{"taxonomy":"product_brand","embeddable":true,"href":"https:\/\/pracek.si\/ekrani-za-prenosnike\/wp-json\/wp\/v2\/product_brand?post=7687"},{"taxonomy":"product_cat","embeddable":true,"href":"https:\/\/pracek.si\/ekrani-za-prenosnike\/wp-json\/wp\/v2\/product_cat?post=7687"},{"taxonomy":"product_tag","embeddable":true,"href":"https:\/\/pracek.si\/ekrani-za-prenosnike\/wp-json\/wp\/v2\/product_tag?post=7687"}],"curies":[{"name":"wp","href":"https:\/\/api.w.org\/{rel}","templated":true}]}}