{"id":7688,"date":"2024-09-05T09:25:14","date_gmt":"2024-09-05T09:25:14","guid":{"rendered":"https:\/\/pracek.si\/ekrani-za-prenosnike\/?post_type=product&#038;p=7688"},"modified":"2024-12-12T08:32:59","modified_gmt":"2024-12-12T08:32:59","slug":"dell-g8wwp-156-fhd-ips-lcd-144hz-40pin-mat-z-lepilnim-trakom-nov","status":"publish","type":"product","link":"https:\/\/pracek.si\/ekrani-za-prenosnike\/product\/dell-g8wwp-156-fhd-ips-lcd-144hz-40pin-mat-z-lepilnim-trakom-nov\/","title":{"rendered":"Dell G8WWP 15,6&#8243; FHD IPS LCD 144Hz 40pin mat z lepilnim trakom Nov"},"content":{"rendered":"<p><strong>Dejanski model LCD ekrana: n156hra-ea1 REV C1 \/ N156HRA-GAA Rev.c1 \/ N156HMA-GA1 REV C2 \u2013 popolnoma zdru\u017eljiv z LCD ekranom za prenosnik Dell G8WWP \/ 0G8WWP<\/strong><\/p>\n<p>Izbolj\u0161ajte zmogljivost svojega prenosnika z Dell G8WWP 15,6&#8243; FHD IPS LCD zaslonom. Ta zaslon je zasnovan za gladke in jasne vizualne u\u010dinke, saj ponuja Full HD (1920&#215;1080) lo\u010dljivost v kombinaciji z osve\u017eevalno frekvenco 144 Hz, kar omogo\u010da brezhibno gibanje in ostre slike \u2013 idealno za igranje iger, pretakanje in produktivnost.<\/p>\n<p>Tehnologija IPS zagotavlja \u017eive barve in \u0161iroke kote gledanja, medtem ko matirana povr\u0161ina zmanj\u0161uje ble\u0161\u010danje, kar omogo\u010da udobno gledanje v razli\u010dnih svetlobnih pogojih. Zaslon uporablja 40-pinski eDP konektor za stabilen prenos podatkov in zanesljivo delovanje.<\/p>\n<p>Namestitev je preprosta z vklju\u010ditvijo obojestranskega samolepilnega traku. Prosimo, upo\u0161tevajte, da zaslon nima zgornjih in spodnjih nosilcev. Zaslon je v popolnoma novem stanju, kar zagotavlja optimalno delovanje od prvega dne.<\/p>\n","protected":false},"excerpt":{"rendered":"<p>Nadgradite zaslon svojega prenosnika z Dell G8WWP 15,6&#8243; FHD IPS LCD zaslonom. Z osve\u017eevanjem 144 Hz, matiranim premazom in 40-pinsko eDP povezavo zagotavlja gladke vizualne u\u010dinke in \u017eive barve. Vklju\u010duje obojestranski samolepilni trak za enostavno namestitev. Stanje: novo.<\/p>\n","protected":false},"featured_media":7673,"template":"","meta":[],"product_brand":[],"product_cat":[50],"product_tag":[64],"class_list":{"0":"post-7688","1":"product","2":"type-product","3":"status-publish","4":"has-post-thumbnail","6":"product_cat-15-6","7":"product_tag-dell","9":"first","10":"instock","11":"taxable","12":"shipping-taxable","13":"purchasable","14":"product-type-simple"},"_links":{"self":[{"href":"https:\/\/pracek.si\/ekrani-za-prenosnike\/wp-json\/wp\/v2\/product\/7688","targetHints":{"allow":["GET"]}}],"collection":[{"href":"https:\/\/pracek.si\/ekrani-za-prenosnike\/wp-json\/wp\/v2\/product"}],"about":[{"href":"https:\/\/pracek.si\/ekrani-za-prenosnike\/wp-json\/wp\/v2\/types\/product"}],"wp:featuredmedia":[{"embeddable":true,"href":"https:\/\/pracek.si\/ekrani-za-prenosnike\/wp-json\/wp\/v2\/media\/7673"}],"wp:attachment":[{"href":"https:\/\/pracek.si\/ekrani-za-prenosnike\/wp-json\/wp\/v2\/media?parent=7688"}],"wp:term":[{"taxonomy":"product_brand","embeddable":true,"href":"https:\/\/pracek.si\/ekrani-za-prenosnike\/wp-json\/wp\/v2\/product_brand?post=7688"},{"taxonomy":"product_cat","embeddable":true,"href":"https:\/\/pracek.si\/ekrani-za-prenosnike\/wp-json\/wp\/v2\/product_cat?post=7688"},{"taxonomy":"product_tag","embeddable":true,"href":"https:\/\/pracek.si\/ekrani-za-prenosnike\/wp-json\/wp\/v2\/product_tag?post=7688"}],"curies":[{"name":"wp","href":"https:\/\/api.w.org\/{rel}","templated":true}]}}