{"id":7690,"date":"2024-09-05T10:53:56","date_gmt":"2024-09-05T10:53:56","guid":{"rendered":"https:\/\/pracek.si\/ekrani-za-prenosnike\/?post_type=product&#038;p=7690"},"modified":"2024-12-05T12:22:08","modified_gmt":"2024-12-05T12:22:08","slug":"hp-compaq-victus-15-fa-lcd-zaslon-156-fhd-ips-144hz-mat-z-lepilnim-trakom-nov","status":"publish","type":"product","link":"https:\/\/pracek.si\/ekrani-za-prenosnike\/product\/hp-compaq-victus-15-fa-lcd-zaslon-156-fhd-ips-144hz-mat-z-lepilnim-trakom-nov\/","title":{"rendered":"HP Victus 15-FA LCD zaslon 15,6&#8243; FHD IPS 144Hz mat z lepilnim trakom Nov"},"content":{"rendered":"<p><strong>Dejanski model LCD ekrana: n156hra-ea1 REV C1 \/ N156HRA-GAA Rev.c1 \/ N156HMA-GA1 REV C2 \u2013 popolnoma zdru\u017eljiv z LCD ekranom za prenosnik HP\u00a0 VICTUS 15-FA SERIES<\/strong><\/p>\n<p>Izbolj\u0161ajte svoj HP Victus 15-FA serijo prenosnik s tem visokokakovostnim 15,6&#8243; LCD zaslonom, zasnovanim za gladko delovanje in izjemno vizualno jasnost. Z lo\u010dljivostjo Full HD (1920&#215;1080) in osve\u017eevalno hitrostjo 144Hz ta zaslon zagotavlja teko\u010de in ostre slike, kar je idealno za igre in multimedijske naloge.<\/p>\n<p>Tehnologija IPS omogo\u010da \u0161iroke kote gledanja in dosledno barvno natan\u010dnost, medtem ko mat premaz pomaga zmanj\u0161ati ble\u0161\u010danje, kar izbolj\u0161a vidljivost v razli\u010dnih svetlobnih pogojih. 40-pinski eDP konektor zagotavlja varno povezavo z va\u0161o napravo.<\/p>\n<p>Zaslon vklju\u010duje obojestranski lepilni trak za enostavno namestitev, vendar ne vklju\u010duje zgornjih in spodnjih nosilcev. Ta povsem nov zaslon je kot nala\u0161\u010d za zamenjavo po\u0161kodovanih ali okvarjenih zaslonov in vra\u010danje va\u0161ega prenosnika v optimalno stanje.<\/p>\n<p>15-FA0000CA, 15-FA0000CI, 15-FA0000LA, 15-FA0000NA, 15-FA0000NE, 15-FA0000NI, 15-FA0000NIA, 15-FA0000NJ, 15-FA0000NK, 15-FA0000NL, 15-FA0000NM, 15-FA0000NQ, 15-FA0000NS, 15-FA0000NT, 15-FA0000NU, 15-FA0000NX 15-FA0000SA, 15-FA0000SF, 15-FA0000SL, 15-FA0000TX, 15-FA0000UA, 15-FA0000UR, 15-FA0001CI, 15-FA0001LA, 15-FA0001NA, 15-FA0001NE, 15-FA0001NI, 15-FA0001NK, 15-FA0001NM, 15-FA0001NQ, 15-FA0001NS, 15-FA0001NT, 15-FA0001NW, 15-FA0001NX, 15-FA0001SF 15-FA0001SL, 15-FA0001TX, 15-FA0001UA, 15-FA0001UR, 15-FA0002CI, 15-FA0002LA, 15-FA0002NA, 15-FA0002NE, 15-FA0002NG, 15-FA0002NK, 15-FA0002NM, 15-FA0002NQ, 15-FA0002NS 15-FA0002NT, 15-FA0002SF, 15-FA0002SL, 15-FA0002UA, 15-FA0003CA, 15-FA0003CI, 15-FA0003NA, 15-FA0003NE, 15-FA0003NK, 15-FA0003NM, 15-FA0003NQ, 15-FA0003NS, 15-FA0003NT, 15-FA0003SF, 15-FA0003SL, 15-FA0003UA, 15-FA0004CI, 15-FA0004LA, 15-FA0004NA, 15-FA0004NE, 15-FA0004NK, 15-FA0004NM, 15-FA0004NQ, 15-FA0004NS, 15-FA0004NT, 15-FA0004NV, 15-FA0004NW, 15-FA0004NX, 15-FA0004SF, 15-FA0004SL, 15-FA0004UA, 15-FA0005CI, 15-A0005NA, 15-FA0005NE, 15-FA0005NI, 15-FA0005NJ, 15-FA0005NK, 15-FA0005NL, 15-FA0005NM, 15-FA0005NQ, 15-FA0005NS, 15-FA0005NT, 15-FA0005NX, 15-FA0005SF, 15-FA0005SL, 15-FA0005TG, 15-FA0005UA, 15-FA0006CI, 15-FA0006LA, 15-FA0006NA, 15-FA0006NE, 15-FA0046NM, 15-FA0092NE, 15-FA1000NX, 15-FA1000NX, 15-FA1017NP, 15-FA1063NT, 15-FA1064NT,<\/p>\n","protected":false},"excerpt":{"rendered":"<p>Nadgradite svoj HP Victus 15-FA serijo z 15,6&#8243; FHD 144Hz mat LCD zaslonom. Ta IPS panel nudi ostre slike, \u0161iroke kote gledanja in vklju\u010duje obojestranski lepilni trak za enostavno namestitev. Stanje: novo.<\/p>\n","protected":false},"featured_media":7673,"template":"","meta":[],"product_brand":[],"product_cat":[50],"product_tag":[62],"class_list":{"0":"post-7690","1":"product","2":"type-product","3":"status-publish","4":"has-post-thumbnail","6":"product_cat-15-6","7":"product_tag-hp","9":"first","10":"instock","11":"taxable","12":"shipping-taxable","13":"purchasable","14":"product-type-simple"},"_links":{"self":[{"href":"https:\/\/pracek.si\/ekrani-za-prenosnike\/wp-json\/wp\/v2\/product\/7690","targetHints":{"allow":["GET"]}}],"collection":[{"href":"https:\/\/pracek.si\/ekrani-za-prenosnike\/wp-json\/wp\/v2\/product"}],"about":[{"href":"https:\/\/pracek.si\/ekrani-za-prenosnike\/wp-json\/wp\/v2\/types\/product"}],"wp:featuredmedia":[{"embeddable":true,"href":"https:\/\/pracek.si\/ekrani-za-prenosnike\/wp-json\/wp\/v2\/media\/7673"}],"wp:attachment":[{"href":"https:\/\/pracek.si\/ekrani-za-prenosnike\/wp-json\/wp\/v2\/media?parent=7690"}],"wp:term":[{"taxonomy":"product_brand","embeddable":true,"href":"https:\/\/pracek.si\/ekrani-za-prenosnike\/wp-json\/wp\/v2\/product_brand?post=7690"},{"taxonomy":"product_cat","embeddable":true,"href":"https:\/\/pracek.si\/ekrani-za-prenosnike\/wp-json\/wp\/v2\/product_cat?post=7690"},{"taxonomy":"product_tag","embeddable":true,"href":"https:\/\/pracek.si\/ekrani-za-prenosnike\/wp-json\/wp\/v2\/product_tag?post=7690"}],"curies":[{"name":"wp","href":"https:\/\/api.w.org\/{rel}","templated":true}]}}