{"id":7695,"date":"2024-09-05T13:17:17","date_gmt":"2024-09-05T13:17:17","guid":{"rendered":"https:\/\/pracek.si\/ekrani-za-prenosnike\/?post_type=product&#038;p=7695"},"modified":"2024-12-05T09:49:32","modified_gmt":"2024-12-05T09:49:32","slug":"lcd-zaslon-hp-victus-15-6-fhd-ips-144hz-mat-edp-40pin-z-lepilom-nov","status":"publish","type":"product","link":"https:\/\/pracek.si\/ekrani-za-prenosnike\/product\/lcd-zaslon-hp-victus-15-6-fhd-ips-144hz-mat-edp-40pin-z-lepilom-nov\/","title":{"rendered":"LCD zaslon HP Victus 15.6&#8243; FHD IPS 144Hz mat eDP 40pin z lepilom Nov"},"content":{"rendered":"<p><strong>Dejanski model LCD ekrana: n156hra-ea1 REV C1 \/ N156HRA-GAA Rev.c1 \/ N156HMA-GA1 REV C2 \u2013 popolnoma zdru\u017eljiv z LCD ekranom za prenosnik HP Victus 15-fa0012dx, 15-fa0033dx<\/strong><\/p>\n<p>Izbolj\u0161ajte svoj gaming prenosnik HP Victus z novim 15,6&#8243; LCD zaslonom, ki je zdru\u017eljiv z modeli 15-fa0012dx, 15-fa0033dx in 15-fa0039dx. Ta zaslon s Full HD (1920&#215;1080) lo\u010dljivostjo ponuja ostre in \u017eivahne slike, ki so popolne za igre in vsakodnevno uporabo. IPS tehnologija zagotavlja enakomerne barve in \u0161iroke kote gledanja, medtem ko mat povr\u0161ina zmanj\u0161uje ble\u0161\u010danje, kar omogo\u010da udobno uporabo tudi v svetlej\u0161ih okoljih.<\/p>\n<p>S frekvenco osve\u017eevanja 144 Hz ta ekran zagotavlja gladko in brezhibno delovanje, kar je idealno za hitro akcijo v igrah in multimedijske dejavnosti. Povezava s 40-pinskim eDP konektorjem zagotavlja varno zdru\u017eljivost z va\u0161o napravo. Obojestranski lepilni trakovi so vklju\u010deni za enostavno in varno namestitev.<\/p>\n<p>Upo\u0161tevajte, da ta ekran prihaja brez zgornjih in spodnjih nosilcev. Stanje: novo.<\/p>\n","protected":false},"excerpt":{"rendered":"<p>Nadgradite svoj HP Victus z 15,6&#8243; FHD IPS LCD zaslonom. S frekvenco osve\u017eevanja 144 Hz, mat povr\u0161ino in 40-pinsko eDP povezavo zagotavlja gladke slike. Vklju\u010deni so obojestranski lepilni trakovi za enostavno namestitev. Stanje: novo.<\/p>\n","protected":false},"featured_media":7673,"template":"","meta":[],"product_brand":[],"product_cat":[50],"product_tag":[62],"class_list":{"0":"post-7695","1":"product","2":"type-product","3":"status-publish","4":"has-post-thumbnail","6":"product_cat-15-6","7":"product_tag-hp","9":"first","10":"instock","11":"taxable","12":"shipping-taxable","13":"purchasable","14":"product-type-simple"},"_links":{"self":[{"href":"https:\/\/pracek.si\/ekrani-za-prenosnike\/wp-json\/wp\/v2\/product\/7695","targetHints":{"allow":["GET"]}}],"collection":[{"href":"https:\/\/pracek.si\/ekrani-za-prenosnike\/wp-json\/wp\/v2\/product"}],"about":[{"href":"https:\/\/pracek.si\/ekrani-za-prenosnike\/wp-json\/wp\/v2\/types\/product"}],"wp:featuredmedia":[{"embeddable":true,"href":"https:\/\/pracek.si\/ekrani-za-prenosnike\/wp-json\/wp\/v2\/media\/7673"}],"wp:attachment":[{"href":"https:\/\/pracek.si\/ekrani-za-prenosnike\/wp-json\/wp\/v2\/media?parent=7695"}],"wp:term":[{"taxonomy":"product_brand","embeddable":true,"href":"https:\/\/pracek.si\/ekrani-za-prenosnike\/wp-json\/wp\/v2\/product_brand?post=7695"},{"taxonomy":"product_cat","embeddable":true,"href":"https:\/\/pracek.si\/ekrani-za-prenosnike\/wp-json\/wp\/v2\/product_cat?post=7695"},{"taxonomy":"product_tag","embeddable":true,"href":"https:\/\/pracek.si\/ekrani-za-prenosnike\/wp-json\/wp\/v2\/product_tag?post=7695"}],"curies":[{"name":"wp","href":"https:\/\/api.w.org\/{rel}","templated":true}]}}