{"id":7698,"date":"2024-09-05T18:43:21","date_gmt":"2024-09-05T18:43:21","guid":{"rendered":"https:\/\/pracek.si\/ekrani-za-prenosnike\/?post_type=product&#038;p=7698"},"modified":"2024-12-05T09:49:22","modified_gmt":"2024-12-05T09:49:22","slug":"hp-victus-156-fhd-ips-144hz-lcd-zaslon-mat-edp-40-pin-z-lepilom-nov","status":"publish","type":"product","link":"https:\/\/pracek.si\/ekrani-za-prenosnike\/product\/hp-victus-156-fhd-ips-144hz-lcd-zaslon-mat-edp-40-pin-z-lepilom-nov\/","title":{"rendered":"HP Victus 15,6&#8243; FHD IPS 144Hz LCD zaslon mat eDP 40-pin z lepilom nov"},"content":{"rendered":"<p><strong>Dejanski model LCD ekrana: n156hra-ea1 REV C1 \/ N156HRA-GAA Rev.c1 \/ N156HMA-GA1 REV C2 \u2013 popolnoma zdru\u017eljiv z LCD ekranom za prenosnik HP Victus 15-fa0010nr, 15-fa0047nr, 15-fa0007nr, 15-fa0018nr<\/strong><\/p>\n<p>Izbolj\u0161ajte zmogljivost svojega prenosnika HP Victus z 15,6&#8243; Full HD (1920&#215;1080) IPS LCD zaslonom, zasnovanim za modele 15-fa0010nr, 15-fa0047nr, 15-fa0007nr in 15-fa0018nr. Z osve\u017eevalno hitrostjo 144Hz ta zaslon zagotavlja gladko sliko, kar je idealno za igre, multimedijo in vsakodnevno uporabo. Tehnologija IPS nudi \u017eivahne barve in \u0161iroke kote gledanja, medtem ko matirana povr\u0161ina zmanj\u0161uje ble\u0161\u010danje za udobno gledanje v razli\u010dnih svetlobnih pogojih.<\/p>\n<p>S 40-pinskim eDP konektorjem zaslon omogo\u010da nemoteno povezavo z va\u0161o napravo. Namestitev je enostavna zahvaljujo\u010d prilo\u017eenemu obojestranskemu lepilnemu traku, ki omogo\u010da varno pritrditev brez zgornjih in spodnjih nosilcev.<\/p>\n<p>Ne glede na to, ali zamenjujete po\u0161kodovan zaslon ali nadgrajujete za bolj\u0161o zmogljivost, vam bo ta popolnoma nov zaslon zagotovil vrhunsko kakovost in vzdr\u017eljivost.<\/p>\n","protected":false},"excerpt":{"rendered":"<p>Nadgradite svoj prenosnik HP Victus z 15,6&#8243; FHD 144Hz IPS LCD zaslonom. S 40-pinsko eDP povezavo, mat premazom in \u017eivimi slikami zaslon vklju\u010duje obojestranski lepilni trak za enostavno namestitev. Stanje: novo.<\/p>\n","protected":false},"featured_media":7673,"template":"","meta":[],"product_brand":[],"product_cat":[50],"product_tag":[62],"class_list":{"0":"post-7698","1":"product","2":"type-product","3":"status-publish","4":"has-post-thumbnail","6":"product_cat-15-6","7":"product_tag-hp","9":"first","10":"instock","11":"taxable","12":"shipping-taxable","13":"purchasable","14":"product-type-simple"},"_links":{"self":[{"href":"https:\/\/pracek.si\/ekrani-za-prenosnike\/wp-json\/wp\/v2\/product\/7698","targetHints":{"allow":["GET"]}}],"collection":[{"href":"https:\/\/pracek.si\/ekrani-za-prenosnike\/wp-json\/wp\/v2\/product"}],"about":[{"href":"https:\/\/pracek.si\/ekrani-za-prenosnike\/wp-json\/wp\/v2\/types\/product"}],"wp:featuredmedia":[{"embeddable":true,"href":"https:\/\/pracek.si\/ekrani-za-prenosnike\/wp-json\/wp\/v2\/media\/7673"}],"wp:attachment":[{"href":"https:\/\/pracek.si\/ekrani-za-prenosnike\/wp-json\/wp\/v2\/media?parent=7698"}],"wp:term":[{"taxonomy":"product_brand","embeddable":true,"href":"https:\/\/pracek.si\/ekrani-za-prenosnike\/wp-json\/wp\/v2\/product_brand?post=7698"},{"taxonomy":"product_cat","embeddable":true,"href":"https:\/\/pracek.si\/ekrani-za-prenosnike\/wp-json\/wp\/v2\/product_cat?post=7698"},{"taxonomy":"product_tag","embeddable":true,"href":"https:\/\/pracek.si\/ekrani-za-prenosnike\/wp-json\/wp\/v2\/product_tag?post=7698"}],"curies":[{"name":"wp","href":"https:\/\/api.w.org\/{rel}","templated":true}]}}