{"id":7704,"date":"2024-09-06T16:28:37","date_gmt":"2024-09-06T16:28:37","guid":{"rendered":"https:\/\/pracek.si\/ekrani-za-prenosnike\/?post_type=product&#038;p=7704"},"modified":"2024-12-05T09:49:18","modified_gmt":"2024-12-05T09:49:18","slug":"msi-ms-16p7-lcd-zaslon-156-fhd-ips-144hz-edp-40pin-z-lepilom-nov","status":"publish","type":"product","link":"https:\/\/pracek.si\/ekrani-za-prenosnike\/product\/msi-ms-16p7-lcd-zaslon-156-fhd-ips-144hz-edp-40pin-z-lepilom-nov\/","title":{"rendered":"MSI MS-16P7 LCD zaslon 15,6&#8243; FHD IPS 144Hz eDP 40pin z lepilom Nov"},"content":{"rendered":"<p><strong>Dejanski model LCD ekrana: n156hra-ea1 REV C1 \/ N156HRA-GAA Rev.c1 \/ N156HMA-GA1 REV C2 \u2013 popolnoma zdru\u017eljiv z LCD ekranom za prenosnik MSI MS-16P7<\/strong><\/p>\n<p>Izbolj\u0161ajte svojo igralno ali delovno izku\u0161njo z MSI MS-16P7 15,6&#8243; LCD zaslonom. Ta zaslon je zasnovan za vrhunsko zmogljivost in ponuja Full HD (1920&#215;1080) lo\u010dljivost za ostre in \u017eivahne slike. Z osve\u017eevalno frekvenco 144 Hz zagotavlja gladkej\u0161e gibanje in bolj\u0161o odzivnost, kar je popolno za igre in urejanje medijskih vsebin. IPS panel zagotavlja enakomerne barve in \u0161iroke kote gledanja, medtem ko matirana povr\u0161ina zmanj\u0161uje odseve, kar omogo\u010da udobno gledanje tudi v svetlej\u0161ih prostorih.<\/p>\n<p>Ta zaslon uporablja 40-pinski eDP konektor za varno povezljivost. V paketu so prilo\u017eeni obojestranski lepilni trakovi za enostavno namestitev. Prosimo, upo\u0161tevajte, da zaslon ne vklju\u010duje zgornjih in spodnjih nosilcev. Je v popolnoma novem stanju in pripravljen za zamenjavo starega zaslona ter zagotavljanje vrhunske zmogljivosti.<\/p>\n","protected":false},"excerpt":{"rendered":"<p>Nadgradite svoj prenosnik z MSI MS-16P7 15,6&#8243; LCD zaslonom. Ta FHD IPS zaslon ponuja osve\u017eevalno frekvenco 144 Hz in mat povr\u0161ino, ki zmanj\u0161uje ble\u0161\u010danje. Ima 40-pinski eDP konektor in vklju\u010duje obojestranski lepilni trak za enostavno namestitev. Stanje: novo.<\/p>\n","protected":false},"featured_media":7673,"template":"","meta":[],"product_brand":[],"product_cat":[50],"product_tag":[63],"class_list":{"0":"post-7704","1":"product","2":"type-product","3":"status-publish","4":"has-post-thumbnail","6":"product_cat-15-6","7":"product_tag-msi","9":"first","10":"instock","11":"taxable","12":"shipping-taxable","13":"purchasable","14":"product-type-simple"},"_links":{"self":[{"href":"https:\/\/pracek.si\/ekrani-za-prenosnike\/wp-json\/wp\/v2\/product\/7704","targetHints":{"allow":["GET"]}}],"collection":[{"href":"https:\/\/pracek.si\/ekrani-za-prenosnike\/wp-json\/wp\/v2\/product"}],"about":[{"href":"https:\/\/pracek.si\/ekrani-za-prenosnike\/wp-json\/wp\/v2\/types\/product"}],"wp:featuredmedia":[{"embeddable":true,"href":"https:\/\/pracek.si\/ekrani-za-prenosnike\/wp-json\/wp\/v2\/media\/7673"}],"wp:attachment":[{"href":"https:\/\/pracek.si\/ekrani-za-prenosnike\/wp-json\/wp\/v2\/media?parent=7704"}],"wp:term":[{"taxonomy":"product_brand","embeddable":true,"href":"https:\/\/pracek.si\/ekrani-za-prenosnike\/wp-json\/wp\/v2\/product_brand?post=7704"},{"taxonomy":"product_cat","embeddable":true,"href":"https:\/\/pracek.si\/ekrani-za-prenosnike\/wp-json\/wp\/v2\/product_cat?post=7704"},{"taxonomy":"product_tag","embeddable":true,"href":"https:\/\/pracek.si\/ekrani-za-prenosnike\/wp-json\/wp\/v2\/product_tag?post=7704"}],"curies":[{"name":"wp","href":"https:\/\/api.w.org\/{rel}","templated":true}]}}