{"id":7705,"date":"2024-09-06T16:33:53","date_gmt":"2024-09-06T16:33:53","guid":{"rendered":"https:\/\/pracek.si\/ekrani-za-prenosnike\/?post_type=product&#038;p=7705"},"modified":"2024-12-12T08:32:59","modified_gmt":"2024-12-12T08:32:59","slug":"dell-07xgnj-lcd-zaslon-156-fhd-144hz-ips-mat-z-lepilnim-trakom-nov","status":"publish","type":"product","link":"https:\/\/pracek.si\/ekrani-za-prenosnike\/product\/dell-07xgnj-lcd-zaslon-156-fhd-144hz-ips-mat-z-lepilnim-trakom-nov\/","title":{"rendered":"Dell 07XGNJ LCD zaslon 15,6&#8243; FHD 144Hz IPS mat z lepilnim trakom Nov"},"content":{"rendered":"<p><strong>Dejanski model LCD ekrana: n156hra-ea1 REV C1 \/ N156HRA-GAA Rev.c1 \/ N156HMA-GA1 REV C2 \u2013 popolnoma zdru\u017eljiv z LCD ekranom za prenosnik Dell 07XGNJ 7XGNJ<\/strong><\/p>\n<p>Izbolj\u0161ajte prikaz va\u0161ega prenosnika z Dell 07XGNJ 15,6&#8243; LCD zaslonom, ki je zasnovan za izjemno vizualno zmogljivost in jasnost. Ta zaslon ponuja Full HD (1920&#215;1080) lo\u010dljivost, kar zagotavlja ostre in \u017eive slike za poglobljeno izku\u0161njo. Z 144Hz osve\u017eevalno frekvenco bodo va\u0161i vizualni u\u010dinki bolj gladki in odzivni, kar je idealno za igranje iger in hitre aplikacije.<\/p>\n<p>Tehnologija IPS omogo\u010da enakomerne barve in \u0161iroke kote gledanja, medtem ko matirana povr\u0161ina zmanj\u0161uje ble\u0161\u010danje, kar je idealno za uporabo v razli\u010dnih svetlobnih pogojih. eDP 40-pinski priklju\u010dek omogo\u010da varno in zanesljivo povezavo z va\u0161o napravo, prilo\u017eeni obojestranski lepilni trak pa omogo\u010da enostavno in hitro namestitev.<\/p>\n<p>Upo\u0161tevajte, da ta zaslon prihaja brez zgornjih in spodnjih nosilcev. Zaslon je v popolnoma novem stanju, kar zagotavlja visoko kakovost izdelka, pripravljenega za uporabo.<\/p>\n","protected":false},"excerpt":{"rendered":"<p>Nadgradite svoj prenosnik z Dell 07XGNJ 15,6&#8243; LCD zaslonom. Ponuja FHD lo\u010dljivost, tehnologijo IPS in 144Hz osve\u017eevanje za gladke vizualne u\u010dinke. Vklju\u010duje 40-pinski eDP priklop in obojestranski lepilni trak za enostavno namestitev. Matirana povr\u0161ina zmanj\u0161uje ble\u0161\u010danje. Stanje: novo.<\/p>\n","protected":false},"featured_media":7673,"template":"","meta":[],"product_brand":[],"product_cat":[50],"product_tag":[64],"class_list":{"0":"post-7705","1":"product","2":"type-product","3":"status-publish","4":"has-post-thumbnail","6":"product_cat-15-6","7":"product_tag-dell","9":"first","10":"instock","11":"taxable","12":"shipping-taxable","13":"purchasable","14":"product-type-simple"},"_links":{"self":[{"href":"https:\/\/pracek.si\/ekrani-za-prenosnike\/wp-json\/wp\/v2\/product\/7705","targetHints":{"allow":["GET"]}}],"collection":[{"href":"https:\/\/pracek.si\/ekrani-za-prenosnike\/wp-json\/wp\/v2\/product"}],"about":[{"href":"https:\/\/pracek.si\/ekrani-za-prenosnike\/wp-json\/wp\/v2\/types\/product"}],"wp:featuredmedia":[{"embeddable":true,"href":"https:\/\/pracek.si\/ekrani-za-prenosnike\/wp-json\/wp\/v2\/media\/7673"}],"wp:attachment":[{"href":"https:\/\/pracek.si\/ekrani-za-prenosnike\/wp-json\/wp\/v2\/media?parent=7705"}],"wp:term":[{"taxonomy":"product_brand","embeddable":true,"href":"https:\/\/pracek.si\/ekrani-za-prenosnike\/wp-json\/wp\/v2\/product_brand?post=7705"},{"taxonomy":"product_cat","embeddable":true,"href":"https:\/\/pracek.si\/ekrani-za-prenosnike\/wp-json\/wp\/v2\/product_cat?post=7705"},{"taxonomy":"product_tag","embeddable":true,"href":"https:\/\/pracek.si\/ekrani-za-prenosnike\/wp-json\/wp\/v2\/product_tag?post=7705"}],"curies":[{"name":"wp","href":"https:\/\/api.w.org\/{rel}","templated":true}]}}