{"id":7706,"date":"2024-09-06T16:42:01","date_gmt":"2024-09-06T16:42:01","guid":{"rendered":"https:\/\/pracek.si\/ekrani-za-prenosnike\/?post_type=product&#038;p=7706"},"modified":"2024-12-12T08:32:59","modified_gmt":"2024-12-12T08:32:59","slug":"dell-0ymhwh-ymhwh-15-6-fhd-144hz-ips-mat-lcd-zaslon-z-lepilom-nov","status":"publish","type":"product","link":"https:\/\/pracek.si\/ekrani-za-prenosnike\/product\/dell-0ymhwh-ymhwh-15-6-fhd-144hz-ips-mat-lcd-zaslon-z-lepilom-nov\/","title":{"rendered":"Dell 0YMHWH YMHWH 15.6&#8243; FHD 144Hz IPS Mat LCD zaslon z lepilom &#8211; Nov"},"content":{"rendered":"<p><strong>Dejanski model LCD ekrana: n156hra-ea1 REV C1 \/ N156HRA-GAA Rev.c1 \/ N156HMA-GA1 REV C2 \u2013 popolnoma zdru\u017eljiv z LCD ekranom za prenosnik Dell 0YMHWH YMHWH<\/strong><\/p>\n<p>Izbolj\u0161ajte zmogljivost prikaza na svojem prenosniku z Dell 0YMHWH YMHWH 15.6&#8243; LCD zaslonom. Zasnovan za zagotavljanje vrhunske jasnosti in gladkih vizualnih u\u010dinkov, ta zaslon nudi Full HD (1920&#215;1080) lo\u010dljivost in osve\u017eevalno hitrost 144Hz, kar je idealno za teko\u010de gibanje in podrobne slike. IPS tehnologija omogo\u010da \u0161iroke kote gledanja in natan\u010dno reprodukcijo barv, medtem ko matirani premaz zmanj\u0161a ble\u0161\u010danje, kar je idealno za razli\u010dna svetlobna okolja.<\/p>\n<p>40-pinski eDP konektor zagotavlja zdru\u017eljivost s \u0161irokim naborom prenosnikov, prilo\u017eeni obojestranski lepilni trakovi pa omogo\u010dajo enostavno in varno namestitev. Prosimo, upo\u0161tevajte, da zaslon ne vklju\u010duje zgornjih ali spodnjih nosilcev.<\/p>\n<p>Ne glede na to, ali zamenjujete po\u0161kodovan zaslon ali i\u0161\u010dete nadgradnjo, ta povsem novi LCD zaslon nudi zanesljivo in visokokakovostno re\u0161itev.<\/p>\n","protected":false},"excerpt":{"rendered":"<p>Nadgradite svoj prenosnik z Dell 0YMHWH YMHWH 15.6&#8243; LCD zaslonom. Pona\u0161a se z FHD lo\u010dljivostjo, osve\u017eevalno hitrostjo 144Hz, IPS tehnologijo in matiranim premazom za izjemne vizualne u\u010dinke. Vklju\u010deni so obojestranski lepilni trakovi za enostavno namestitev. Stanje: novo.<\/p>\n","protected":false},"featured_media":7673,"template":"","meta":[],"product_brand":[],"product_cat":[50],"product_tag":[64],"class_list":{"0":"post-7706","1":"product","2":"type-product","3":"status-publish","4":"has-post-thumbnail","6":"product_cat-15-6","7":"product_tag-dell","9":"first","10":"instock","11":"taxable","12":"shipping-taxable","13":"purchasable","14":"product-type-simple"},"_links":{"self":[{"href":"https:\/\/pracek.si\/ekrani-za-prenosnike\/wp-json\/wp\/v2\/product\/7706","targetHints":{"allow":["GET"]}}],"collection":[{"href":"https:\/\/pracek.si\/ekrani-za-prenosnike\/wp-json\/wp\/v2\/product"}],"about":[{"href":"https:\/\/pracek.si\/ekrani-za-prenosnike\/wp-json\/wp\/v2\/types\/product"}],"wp:featuredmedia":[{"embeddable":true,"href":"https:\/\/pracek.si\/ekrani-za-prenosnike\/wp-json\/wp\/v2\/media\/7673"}],"wp:attachment":[{"href":"https:\/\/pracek.si\/ekrani-za-prenosnike\/wp-json\/wp\/v2\/media?parent=7706"}],"wp:term":[{"taxonomy":"product_brand","embeddable":true,"href":"https:\/\/pracek.si\/ekrani-za-prenosnike\/wp-json\/wp\/v2\/product_brand?post=7706"},{"taxonomy":"product_cat","embeddable":true,"href":"https:\/\/pracek.si\/ekrani-za-prenosnike\/wp-json\/wp\/v2\/product_cat?post=7706"},{"taxonomy":"product_tag","embeddable":true,"href":"https:\/\/pracek.si\/ekrani-za-prenosnike\/wp-json\/wp\/v2\/product_tag?post=7706"}],"curies":[{"name":"wp","href":"https:\/\/api.w.org\/{rel}","templated":true}]}}