{"id":7707,"date":"2024-09-06T16:46:56","date_gmt":"2024-09-06T16:46:56","guid":{"rendered":"https:\/\/pracek.si\/ekrani-za-prenosnike\/?post_type=product&#038;p=7707"},"modified":"2024-12-05T09:48:55","modified_gmt":"2024-12-05T09:48:55","slug":"hp-n13295-001-lcd-zaslon-156-fhd-ips-144hz-edp-40-pin-z-lepilom-nov","status":"publish","type":"product","link":"https:\/\/pracek.si\/ekrani-za-prenosnike\/product\/hp-n13295-001-lcd-zaslon-156-fhd-ips-144hz-edp-40-pin-z-lepilom-nov\/","title":{"rendered":"HP N13295-001 LCD zaslon 15,6&#8243; FHD IPS 144Hz eDP 40-pin z lepilom Nov"},"content":{"rendered":"<p><strong>Dejanski model LCD ekrana: n156hra-ea1 REV C1 \/ N156HRA-GAA Rev.c1 \/ N156HMA-GA1 REV C2 \u2013 popolnoma zdru\u017eljiv z LCD ekranom za prenosnik HP N13295-001<\/strong><\/p>\n<p>Izbolj\u0161ajte prikaz na va\u0161em prenosnem ra\u010dunalniku z LCD zaslonom HP N13295-001 15,6&#8243;, ki je zasnovan za visoko kakovost slike in vrhunsko osve\u017eevalno hitrost za brezhibno delovanje. S polno HD lo\u010dljivostjo (1920&#215;1080) ta ekran zagotavlja ostro in jasno sliko, kar je idealno za vsakodnevna opravila, ve\u010dpredstavnost in igranje iger. Osve\u017eevalna hitrost 144Hz omogo\u010da gladko gibanje, medtem ko tehnologija IPS zagotavlja dosledno natan\u010dnost barv in \u0161iroke kote gledanja.<\/p>\n<p>Mat povr\u0161ina zmanj\u0161uje ble\u0161\u010danje, kar omogo\u010da udobno gledanje tudi v svetlih prostorih. Ta zaslon se pove\u017ee z 40-pinskim eDP priklju\u010dkom, kar zagotavlja zanesljivo in stabilno povezavo z va\u0161o napravo. Paket vklju\u010duje obojestranski lepilni trak, ki poenostavi postopek namestitve.<\/p>\n<p>Prosimo, upo\u0161tevajte, da ta ekran ne vklju\u010duje zgornjih in spodnjih nosilcev. Ekran je popolnoma nov, kar zagotavlja, da prejmete brezhiben izdelek, pripravljen za takoj\u0161njo namestitev.<\/p>\n","protected":false},"excerpt":{"rendered":"<p>Nadgradite svoj prenosnik z LCD zaslonom HP N13295-001 15,6&#8243; FHD IPS. Z osve\u017eevalno hitrostjo 144Hz, matiranim premazom in 40-pinskim eDP priklju\u010dkom ponuja ostro sliko in gladko delovanje. Vklju\u010duje obojestranski lepilni trak za enostavno namestitev. Stanje: novo.<\/p>\n","protected":false},"featured_media":7673,"template":"","meta":[],"product_brand":[],"product_cat":[50],"product_tag":[62],"class_list":{"0":"post-7707","1":"product","2":"type-product","3":"status-publish","4":"has-post-thumbnail","6":"product_cat-15-6","7":"product_tag-hp","9":"first","10":"instock","11":"taxable","12":"shipping-taxable","13":"purchasable","14":"product-type-simple"},"_links":{"self":[{"href":"https:\/\/pracek.si\/ekrani-za-prenosnike\/wp-json\/wp\/v2\/product\/7707","targetHints":{"allow":["GET"]}}],"collection":[{"href":"https:\/\/pracek.si\/ekrani-za-prenosnike\/wp-json\/wp\/v2\/product"}],"about":[{"href":"https:\/\/pracek.si\/ekrani-za-prenosnike\/wp-json\/wp\/v2\/types\/product"}],"wp:featuredmedia":[{"embeddable":true,"href":"https:\/\/pracek.si\/ekrani-za-prenosnike\/wp-json\/wp\/v2\/media\/7673"}],"wp:attachment":[{"href":"https:\/\/pracek.si\/ekrani-za-prenosnike\/wp-json\/wp\/v2\/media?parent=7707"}],"wp:term":[{"taxonomy":"product_brand","embeddable":true,"href":"https:\/\/pracek.si\/ekrani-za-prenosnike\/wp-json\/wp\/v2\/product_brand?post=7707"},{"taxonomy":"product_cat","embeddable":true,"href":"https:\/\/pracek.si\/ekrani-za-prenosnike\/wp-json\/wp\/v2\/product_cat?post=7707"},{"taxonomy":"product_tag","embeddable":true,"href":"https:\/\/pracek.si\/ekrani-za-prenosnike\/wp-json\/wp\/v2\/product_tag?post=7707"}],"curies":[{"name":"wp","href":"https:\/\/api.w.org\/{rel}","templated":true}]}}