{"id":7710,"date":"2024-09-06T16:59:27","date_gmt":"2024-09-06T16:59:27","guid":{"rendered":"https:\/\/pracek.si\/ekrani-za-prenosnike\/?post_type=product&#038;p=7710"},"modified":"2024-09-10T19:47:55","modified_gmt":"2024-09-10T19:47:55","slug":"n161hca-ea2-ea4-eac-lcd-zaslon-161-fhd-ips-edp-30pin-z-lepilom-nov","status":"publish","type":"product","link":"https:\/\/pracek.si\/ekrani-za-prenosnike\/product\/n161hca-ea2-ea4-eac-lcd-zaslon-161-fhd-ips-edp-30pin-z-lepilom-nov\/","title":{"rendered":"N161HCA-EA2 EA4 EAC LCD zaslon 16,1&#8243; FHD IPS eDP 30pin z lepilom Nov"},"content":{"rendered":"<p><strong>Dejanski model LCD ekrana: N161HCA-EA3 Rev. c2 \u2013 popolnoma zdru\u017eljiv z LCD zaslonom N161HCA -EA2 -EA4 -EAC<\/strong><\/p>\n<p>Izbolj\u0161ajte prikaz va\u0161ega prenosnika z LCD zaslonom N161HCA-EA2, EA4, EAC 16,1\u2033, ki je zasnovan za izjemno jasnost in zmogljivost. Ta ekran ponuja Full HD (1920\u00d71080) lo\u010dljivost, kar zagotavlja ostre in \u017eive slike. IPS in TFT tehnologija omogo\u010data natan\u010dnost barv in \u0161iroke kote gledanja, medtem ko matirana povr\u0161ina zmanj\u0161uje ble\u0161\u010danje, kar je idealno za razli\u010dne svetlobne pogoje.<\/p>\n<p>Povezava preko eDP 30-pinskega konektorja omogo\u010da varno in u\u010dinkovito povezavo z va\u0161im prenosnikom, obojestranski lepilni trakovi pa poenostavijo proces namestitve. Ne glede na to, ali zamenjujete po\u0161kodovan zaslon ali nadgrajujete za bolj\u0161e vizualne zmogljivosti, je ta LCD zaslon zanesljiva in kakovostna izbira.<\/p>\n<p>Prosimo, upo\u0161tevajte, da ta ekran ne vklju\u010duje zgornjih in spodnjih nosilcev. Je v popolnoma novem stanju, kar zagotavlja, da prejmete brezhiben izdelek, pripravljen za takoj\u0161njo uporabo.<\/p>\n","protected":false},"excerpt":{"rendered":"<p>Nadgradite svoj prenosnik z LCD zaslonom N161HCA-EA2, EA4, EAC 16,1&#8243;. Z FHD lo\u010dljivostjo, IPS in TFT tehnologijo ter mat povr\u0161ino ta zaslon zagotavlja jasne slike in \u0161iroke vidne kote. Vklju\u010deni so obojestranski lepilni trakovi za enostavno namestitev. Stanje: novo.<\/p>\n","protected":false},"featured_media":7709,"template":"","meta":[],"product_brand":[],"product_cat":[66],"product_tag":[],"class_list":{"0":"post-7710","1":"product","2":"type-product","3":"status-publish","4":"has-post-thumbnail","6":"product_cat-16-1","8":"first","9":"instock","10":"taxable","11":"shipping-taxable","12":"purchasable","13":"product-type-simple"},"_links":{"self":[{"href":"https:\/\/pracek.si\/ekrani-za-prenosnike\/wp-json\/wp\/v2\/product\/7710","targetHints":{"allow":["GET"]}}],"collection":[{"href":"https:\/\/pracek.si\/ekrani-za-prenosnike\/wp-json\/wp\/v2\/product"}],"about":[{"href":"https:\/\/pracek.si\/ekrani-za-prenosnike\/wp-json\/wp\/v2\/types\/product"}],"wp:featuredmedia":[{"embeddable":true,"href":"https:\/\/pracek.si\/ekrani-za-prenosnike\/wp-json\/wp\/v2\/media\/7709"}],"wp:attachment":[{"href":"https:\/\/pracek.si\/ekrani-za-prenosnike\/wp-json\/wp\/v2\/media?parent=7710"}],"wp:term":[{"taxonomy":"product_brand","embeddable":true,"href":"https:\/\/pracek.si\/ekrani-za-prenosnike\/wp-json\/wp\/v2\/product_brand?post=7710"},{"taxonomy":"product_cat","embeddable":true,"href":"https:\/\/pracek.si\/ekrani-za-prenosnike\/wp-json\/wp\/v2\/product_cat?post=7710"},{"taxonomy":"product_tag","embeddable":true,"href":"https:\/\/pracek.si\/ekrani-za-prenosnike\/wp-json\/wp\/v2\/product_tag?post=7710"}],"curies":[{"name":"wp","href":"https:\/\/api.w.org\/{rel}","templated":true}]}}