{"id":7711,"date":"2024-09-06T17:08:04","date_gmt":"2024-09-06T17:08:04","guid":{"rendered":"https:\/\/pracek.si\/ekrani-za-prenosnike\/?post_type=product&#038;p=7711"},"modified":"2024-09-10T19:47:55","modified_gmt":"2024-09-10T19:47:55","slug":"nv161fhm-n61-16-1-lcd-zaslon-mat-fhd-ips-edp-30pin-z-lepilnim-trakom-nov","status":"publish","type":"product","link":"https:\/\/pracek.si\/ekrani-za-prenosnike\/product\/nv161fhm-n61-16-1-lcd-zaslon-mat-fhd-ips-edp-30pin-z-lepilnim-trakom-nov\/","title":{"rendered":"NV161FHM-N61 16.1&#8243; LCD zaslon mat FHD IPS eDP 30pin z lepilnim trakom Nov"},"content":{"rendered":"<p><strong>Dejanski model LCD ekrana: N161HCA-EA3 Rev. c2 \u2013 popolnoma zdru\u017eljiv z LCD zaslonom NV161FHM-N61<\/strong><\/p>\n<p>Izbolj\u0161ajte prikaz va\u0161ega prenosnika z LCD ekranom NV161FHM-N61 16.1\u2033, zasnovanim za izjemno zmogljivost in vizualno jasnost. Z lo\u010dljivostjo Full HD (1920\u00d71080) ta zaslon zagotavlja ostre in podrobne slike, idealne za vse va\u0161e potrebe po gledanju. Zahvaljujo\u010d IPS tehnologiji boste do\u017eiveli enakomerne barve in \u0161iroke kote gledanja, medtem ko TFT tehnologija poskrbi za hitre odzivne \u010dase.<\/p>\n<p>Matirana povr\u0161ina zmanj\u0161uje ble\u0161\u010danje, kar je primerno za razli\u010dne svetlobne pogoje, bodisi v zaprtih prostorih ali na prostem. Povezava z eDP 30-pinskim konektorjem zagotavlja zanesljivo in stabilno povezavo z va\u0161o napravo, prilo\u017een obojestranski lepilni trak pa omogo\u010da preprosto namestitev.<\/p>\n<p>Ta LCD zaslon je odli\u010dna izbira za zamenjavo po\u0161kodovanega zaslona ali nadgradnjo za bolj\u0161o kakovost slike. Prosimo, upo\u0161tevajte, da zaslon prihaja brez zgornjih in spodnjih nosilcev. Zaslon je v popolnoma novem stanju, kar zagotavlja vrhunsko delovanje takoj po odprtju \u0161katle.<\/p>\n","protected":false},"excerpt":{"rendered":"<p>Nadgradite svoj prenosnik z LCD ekranom NV161FHM-N61 16.1&#8243;. Z FHD IPS in TFT tehnologijo, matiranim premazom in eDP 30-pinsko povezavo, zagotavlja jasne in \u017eivahne slike. Vklju\u010duje obojestranski lepilni trak za enostavno namestitev. Stanje: novo.<\/p>\n","protected":false},"featured_media":7709,"template":"","meta":[],"product_brand":[],"product_cat":[66],"product_tag":[],"class_list":{"0":"post-7711","1":"product","2":"type-product","3":"status-publish","4":"has-post-thumbnail","6":"product_cat-16-1","8":"first","9":"instock","10":"taxable","11":"shipping-taxable","12":"purchasable","13":"product-type-simple"},"_links":{"self":[{"href":"https:\/\/pracek.si\/ekrani-za-prenosnike\/wp-json\/wp\/v2\/product\/7711","targetHints":{"allow":["GET"]}}],"collection":[{"href":"https:\/\/pracek.si\/ekrani-za-prenosnike\/wp-json\/wp\/v2\/product"}],"about":[{"href":"https:\/\/pracek.si\/ekrani-za-prenosnike\/wp-json\/wp\/v2\/types\/product"}],"wp:featuredmedia":[{"embeddable":true,"href":"https:\/\/pracek.si\/ekrani-za-prenosnike\/wp-json\/wp\/v2\/media\/7709"}],"wp:attachment":[{"href":"https:\/\/pracek.si\/ekrani-za-prenosnike\/wp-json\/wp\/v2\/media?parent=7711"}],"wp:term":[{"taxonomy":"product_brand","embeddable":true,"href":"https:\/\/pracek.si\/ekrani-za-prenosnike\/wp-json\/wp\/v2\/product_brand?post=7711"},{"taxonomy":"product_cat","embeddable":true,"href":"https:\/\/pracek.si\/ekrani-za-prenosnike\/wp-json\/wp\/v2\/product_cat?post=7711"},{"taxonomy":"product_tag","embeddable":true,"href":"https:\/\/pracek.si\/ekrani-za-prenosnike\/wp-json\/wp\/v2\/product_tag?post=7711"}],"curies":[{"name":"wp","href":"https:\/\/api.w.org\/{rel}","templated":true}]}}