{"id":7713,"date":"2024-09-06T18:46:09","date_gmt":"2024-09-06T18:46:09","guid":{"rendered":"https:\/\/pracek.si\/ekrani-za-prenosnike\/?post_type=product&#038;p=7713"},"modified":"2024-09-25T10:37:50","modified_gmt":"2024-09-25T10:37:50","slug":"hp-m36985-jq1-lcd-zaslon-161-fhd-ips-matte-edp-30pin-z-lepilnim-trakom-nov","status":"publish","type":"product","link":"https:\/\/pracek.si\/ekrani-za-prenosnike\/product\/hp-m36985-jq1-lcd-zaslon-161-fhd-ips-matte-edp-30pin-z-lepilnim-trakom-nov\/","title":{"rendered":"HP M36985-JQ1 LCD zaslon 16,1&#8243; FHD IPS Matte eDP 30pin z lepilnim trakom Nov"},"content":{"rendered":"<p><strong>Dejanski model LCD ekrana: N161HCA-EA3 Rev. c2 \u2013 popolnoma zdru\u017eljiv z LCD zaslonom za prenosnik HP M36985-JQ1<\/strong><\/p>\n<p>Izbolj\u0161ajte prikaz svojega prenosnika z LCD zaslonom HP M36985-JQ1 velikosti 16,1\u2033, zasnovanim za vrhunsko jasnost in zmogljivost. Zaslon ima Full HD (1920\u00d71080) lo\u010dljivost, kar zagotavlja ostre in \u017eive slike, primerne za delo, zabavo in ve\u010d. Tehnologija IPS omogo\u010da enakomerne barve in \u0161iroke kote gledanja, medtem ko matirana povr\u0161ina zmanj\u0161uje ble\u0161\u010danje, kar je idealno za razli\u010dne svetlobne pogoje.<\/p>\n<p>Povezava eDP s 30 pini zagotavlja varno in u\u010dinkovito povezavo s prenosnikom, kar zagotavlja stabilno delovanje. Prilo\u017eeni obojestranski lepilni trak omogo\u010da enostavno namestitev, tako da lahko zamenjate ali nadgradite zaslon brez te\u017eav. Prosimo, upo\u0161tevajte, da ta zaslon prihaja brez zgornjih in spodnjih nosilcev.<\/p>\n<p>Stanje: novo, kar zagotavlja visokokakovosten izdelek brez napak, pripravljen za namestitev.<\/p>\n","protected":false},"excerpt":{"rendered":"<p>Nadgradite svoj prenosnik z LCD zaslonom HP M36985-JQ1 velikosti 16,1&#8243;. Z lo\u010dljivostjo FHD IPS, matiranim zaslonom in eDP povezavo s 30 pini, ponuja jasne slike. Vklju\u010deni so obojestranski lepilni trakovi za enostavno namestitev. Stanje: novo.<\/p>\n","protected":false},"featured_media":7709,"template":"","meta":[],"product_brand":[],"product_cat":[66],"product_tag":[62],"class_list":{"0":"post-7713","1":"product","2":"type-product","3":"status-publish","4":"has-post-thumbnail","6":"product_cat-16-1","7":"product_tag-hp","9":"first","10":"instock","11":"taxable","12":"shipping-taxable","13":"purchasable","14":"product-type-simple"},"_links":{"self":[{"href":"https:\/\/pracek.si\/ekrani-za-prenosnike\/wp-json\/wp\/v2\/product\/7713","targetHints":{"allow":["GET"]}}],"collection":[{"href":"https:\/\/pracek.si\/ekrani-za-prenosnike\/wp-json\/wp\/v2\/product"}],"about":[{"href":"https:\/\/pracek.si\/ekrani-za-prenosnike\/wp-json\/wp\/v2\/types\/product"}],"wp:featuredmedia":[{"embeddable":true,"href":"https:\/\/pracek.si\/ekrani-za-prenosnike\/wp-json\/wp\/v2\/media\/7709"}],"wp:attachment":[{"href":"https:\/\/pracek.si\/ekrani-za-prenosnike\/wp-json\/wp\/v2\/media?parent=7713"}],"wp:term":[{"taxonomy":"product_brand","embeddable":true,"href":"https:\/\/pracek.si\/ekrani-za-prenosnike\/wp-json\/wp\/v2\/product_brand?post=7713"},{"taxonomy":"product_cat","embeddable":true,"href":"https:\/\/pracek.si\/ekrani-za-prenosnike\/wp-json\/wp\/v2\/product_cat?post=7713"},{"taxonomy":"product_tag","embeddable":true,"href":"https:\/\/pracek.si\/ekrani-za-prenosnike\/wp-json\/wp\/v2\/product_tag?post=7713"}],"curies":[{"name":"wp","href":"https:\/\/api.w.org\/{rel}","templated":true}]}}