{"id":7714,"date":"2024-09-06T18:56:51","date_gmt":"2024-09-06T18:56:51","guid":{"rendered":"https:\/\/pracek.si\/ekrani-za-prenosnike\/?post_type=product&#038;p=7714"},"modified":"2024-09-25T10:37:50","modified_gmt":"2024-09-25T10:37:50","slug":"hp-pavilion-16-a0051tx-161-mat-fhd-ips-edp-30pin-lcd-zaslon-nov","status":"publish","type":"product","link":"https:\/\/pracek.si\/ekrani-za-prenosnike\/product\/hp-pavilion-16-a0051tx-161-mat-fhd-ips-edp-30pin-lcd-zaslon-nov\/","title":{"rendered":"HP Pavilion 16-a0051TX 16,1&#8243; mat FHD IPS eDP 30pin LCD zaslon nov"},"content":{"rendered":"<p><strong>Dejanski model LCD ekrana: N161HCA-EA3 Rev. c2 \u2013 popolnoma zdru\u017eljiv z LCD zaslonom za prenosnik HP Pavilion 16-a0051TX<\/strong><\/p>\n<p>Izbolj\u0161ajte svoj prenosnik HP Pavilion 16-a0051TX s kakovostnim 16,1\u2033 LCD zaslonom, ki ponuja jasne in \u017eivahne slike z lo\u010dljivostjo Full HD (1920\u00d71080). Tehnologija IPS zagotavlja dosledne barve in \u0161iroke kote gledanja, medtem ko matirana povr\u0161ina zmanj\u0161a ble\u0161\u010danje za bolj\u0161o vidljivost v razli\u010dnih svetlobnih pogojih.<\/p>\n<p>Zaslon uporablja 30-pinski eDP konektor za stabilno in zanesljivo povezavo. Vklju\u010duje tudi obojestranski samolepilni trak, ki olaj\u0161a postopek namestitve. Ne glede na to, ali zamenjujete po\u0161kodovan zaslon ali nadgrajujete za bolj\u0161o zmogljivost, je ta nov LCD zaslon odli\u010dna izbira.<\/p>\n<p>Prosimo, upo\u0161tevajte, da zaslon nima zgornjih in spodnjih nosilcev. Je v novem stanju, kar zagotavlja optimalno delovanje takoj po odprtju.<\/p>\n","protected":false},"excerpt":{"rendered":"<p>Nadgradite svoj HP Pavilion 16-a0051TX s 16,1&#8243; FHD IPS matiranim LCD zaslonom. Povezava 30 pin eDP in vklju\u010deni obojestranski samolepilni trak za enostavno namestitev. Stanje: novo, brez zgornjih in spodnjih nosilcev.<\/p>\n","protected":false},"featured_media":7709,"template":"","meta":[],"product_brand":[],"product_cat":[66],"product_tag":[62],"class_list":{"0":"post-7714","1":"product","2":"type-product","3":"status-publish","4":"has-post-thumbnail","6":"product_cat-16-1","7":"product_tag-hp","9":"first","10":"instock","11":"taxable","12":"shipping-taxable","13":"purchasable","14":"product-type-simple"},"_links":{"self":[{"href":"https:\/\/pracek.si\/ekrani-za-prenosnike\/wp-json\/wp\/v2\/product\/7714","targetHints":{"allow":["GET"]}}],"collection":[{"href":"https:\/\/pracek.si\/ekrani-za-prenosnike\/wp-json\/wp\/v2\/product"}],"about":[{"href":"https:\/\/pracek.si\/ekrani-za-prenosnike\/wp-json\/wp\/v2\/types\/product"}],"wp:featuredmedia":[{"embeddable":true,"href":"https:\/\/pracek.si\/ekrani-za-prenosnike\/wp-json\/wp\/v2\/media\/7709"}],"wp:attachment":[{"href":"https:\/\/pracek.si\/ekrani-za-prenosnike\/wp-json\/wp\/v2\/media?parent=7714"}],"wp:term":[{"taxonomy":"product_brand","embeddable":true,"href":"https:\/\/pracek.si\/ekrani-za-prenosnike\/wp-json\/wp\/v2\/product_brand?post=7714"},{"taxonomy":"product_cat","embeddable":true,"href":"https:\/\/pracek.si\/ekrani-za-prenosnike\/wp-json\/wp\/v2\/product_cat?post=7714"},{"taxonomy":"product_tag","embeddable":true,"href":"https:\/\/pracek.si\/ekrani-za-prenosnike\/wp-json\/wp\/v2\/product_tag?post=7714"}],"curies":[{"name":"wp","href":"https:\/\/api.w.org\/{rel}","templated":true}]}}