{"id":7715,"date":"2024-09-06T19:01:59","date_gmt":"2024-09-06T19:01:59","guid":{"rendered":"https:\/\/pracek.si\/ekrani-za-prenosnike\/?post_type=product&#038;p=7715"},"modified":"2024-09-25T10:37:50","modified_gmt":"2024-09-25T10:37:50","slug":"hp-l85996-jq1-lcd-zaslon-161-fhd-ips-30pin-z-lepilnim-trakom-nov","status":"publish","type":"product","link":"https:\/\/pracek.si\/ekrani-za-prenosnike\/product\/hp-l85996-jq1-lcd-zaslon-161-fhd-ips-30pin-z-lepilnim-trakom-nov\/","title":{"rendered":"HP L85996-JQ1 LCD zaslon 16,1&#8243; FHD IPS 30pin z lepilnim trakom Nov"},"content":{"rendered":"<p><strong>Dejanski model LCD ekrana: N161HCA-EA3 Rev. c2 \u2013 popolnoma zdru\u017eljiv z LCD zaslonom za prenosnik HP L85996-JQ1<\/strong><\/p>\n<p>Izbolj\u0161ajte prikaz va\u0161ega prenosnika z LCD ekranom HP L85996-JQ1 velikosti 16,1\u2033, ki je zasnovan za izjemno jasnost in zmogljivost. S Full HD (1920\u00d71080) lo\u010dljivostjo in IPS tehnologijo ta ekran ponuja ostre vizualne u\u010dinke, \u017eivahne barve in \u0161iroke kote gledanja. Matirana povr\u0161ina zmanj\u0161uje ble\u0161\u010danje, kar ga naredi idealnega tako za notranjo kot zunanjo uporabo.<\/p>\n<p>Ta LCD ekran se povezuje preko 30-pinskega eDP priklju\u010dka, kar zagotavlja zdru\u017eljivost z razli\u010dnimi modeli HP. Zaslon prihaja brez zgornjih in spodnjih nosilcev, prilo\u017een pa je obojestranski lepilni trak za preprosto in varno namestitev.<\/p>\n<p>Ne glede na to, ali zamenjujete po\u0161kodovan zaslon ali nadgrajujete za bolj\u0161o vizualno izku\u0161njo, je novi zaslon HP L85996-JQ1 odli\u010dna re\u0161itev za vrnitev naprave v optimalno stanje.<\/p>\n","protected":false},"excerpt":{"rendered":"<p>Nadgradite svoj HP prenosnik z 16,1&#8243; FHD IPS matiranim zaslonom HP L85996-JQ1. Ima 30-pinski eDP priklju\u010dek in vklju\u010duje obojestranski lepilni trak za enostavno namestitev. Stanje: novo.<\/p>\n","protected":false},"featured_media":7709,"template":"","meta":[],"product_brand":[],"product_cat":[66],"product_tag":[62],"class_list":{"0":"post-7715","1":"product","2":"type-product","3":"status-publish","4":"has-post-thumbnail","6":"product_cat-16-1","7":"product_tag-hp","9":"first","10":"instock","11":"taxable","12":"shipping-taxable","13":"purchasable","14":"product-type-simple"},"_links":{"self":[{"href":"https:\/\/pracek.si\/ekrani-za-prenosnike\/wp-json\/wp\/v2\/product\/7715","targetHints":{"allow":["GET"]}}],"collection":[{"href":"https:\/\/pracek.si\/ekrani-za-prenosnike\/wp-json\/wp\/v2\/product"}],"about":[{"href":"https:\/\/pracek.si\/ekrani-za-prenosnike\/wp-json\/wp\/v2\/types\/product"}],"wp:featuredmedia":[{"embeddable":true,"href":"https:\/\/pracek.si\/ekrani-za-prenosnike\/wp-json\/wp\/v2\/media\/7709"}],"wp:attachment":[{"href":"https:\/\/pracek.si\/ekrani-za-prenosnike\/wp-json\/wp\/v2\/media?parent=7715"}],"wp:term":[{"taxonomy":"product_brand","embeddable":true,"href":"https:\/\/pracek.si\/ekrani-za-prenosnike\/wp-json\/wp\/v2\/product_brand?post=7715"},{"taxonomy":"product_cat","embeddable":true,"href":"https:\/\/pracek.si\/ekrani-za-prenosnike\/wp-json\/wp\/v2\/product_cat?post=7715"},{"taxonomy":"product_tag","embeddable":true,"href":"https:\/\/pracek.si\/ekrani-za-prenosnike\/wp-json\/wp\/v2\/product_tag?post=7715"}],"curies":[{"name":"wp","href":"https:\/\/api.w.org\/{rel}","templated":true}]}}