{"id":7718,"date":"2024-09-07T11:28:53","date_gmt":"2024-09-07T11:28:53","guid":{"rendered":"https:\/\/pracek.si\/ekrani-za-prenosnike\/?post_type=product&#038;p=7718"},"modified":"2024-09-25T10:37:50","modified_gmt":"2024-09-25T10:37:50","slug":"hp-victus-16-d-lcd-zaslon-16-1-mat-fhd-ips-30pin-z-lepilnim-trakom-nov","status":"publish","type":"product","link":"https:\/\/pracek.si\/ekrani-za-prenosnike\/product\/hp-victus-16-d-lcd-zaslon-16-1-mat-fhd-ips-30pin-z-lepilnim-trakom-nov\/","title":{"rendered":"HP Victus 16-D LCD zaslon 16.1&#8243; mat FHD IPS 30pin z lepilnim trakom Nov"},"content":{"rendered":"<p><strong>Dejanski model LCD ekrana: N161HCA-EA3 Rev. c2 \u2013 popolnoma zdru\u017eljiv z LCD zaslonom za prenosnik HP Victus 16-D series<\/strong><\/p>\n<p>Izbolj\u0161ajte svoj prenosnik HP Victus serije 16-D s kakovostnim 16,1\u2033 LCD zaslonom, zasnovanim za \u017eivahno sliko in vrhunsko zmogljivost. Z lo\u010dljivostjo Full HD (1920\u00d71080) IPS\/TFT plo\u0161\u010da zagotavlja ostro sliko in bogate barve z \u0161irokimi koti gledanja, idealno za delo in zabavo.<\/p>\n<p>Matirana povr\u0161ina zmanj\u0161uje ble\u0161\u010danje, kar omogo\u010da udobno gledanje v razli\u010dnih svetlobnih pogojih. Povezava z 30-pinskim eDP konektorjem zagotavlja varno in stabilno povezavo z va\u0161o napravo. Namestitev je enostavna z vklju\u010denim obojestranskim lepilnim trakom. Upo\u0161tevajte, da zaslon ne vsebuje zgornjih in spodnjih nosilcev.<\/p>\n<p>Ta nadomestni zaslon je popolnoma nov, kar zagotavlja visoko zmogljivost in zanesljivost, zato je idealna izbira za zamenjavo po\u0161kodovanih ali okvarjenih zaslonov na prenosniku HP Victus serije 16-D.<\/p>\n","protected":false},"excerpt":{"rendered":"<p>Nadgradite svoj prenosnik HP Victus serije 16-D z 16,1&#8243; FHD matiranim LCD zaslonom. IPS\/TFT plo\u0161\u010da ponuja odli\u010dno jasnost in \u0161iroke kote gledanja. Vklju\u010deni so obojestranski lepilni trakovi za enostavno namestitev. Stanje: novo.<\/p>\n","protected":false},"featured_media":7709,"template":"","meta":[],"product_brand":[],"product_cat":[66],"product_tag":[62],"class_list":{"0":"post-7718","1":"product","2":"type-product","3":"status-publish","4":"has-post-thumbnail","6":"product_cat-16-1","7":"product_tag-hp","9":"first","10":"instock","11":"taxable","12":"shipping-taxable","13":"purchasable","14":"product-type-simple"},"_links":{"self":[{"href":"https:\/\/pracek.si\/ekrani-za-prenosnike\/wp-json\/wp\/v2\/product\/7718","targetHints":{"allow":["GET"]}}],"collection":[{"href":"https:\/\/pracek.si\/ekrani-za-prenosnike\/wp-json\/wp\/v2\/product"}],"about":[{"href":"https:\/\/pracek.si\/ekrani-za-prenosnike\/wp-json\/wp\/v2\/types\/product"}],"wp:featuredmedia":[{"embeddable":true,"href":"https:\/\/pracek.si\/ekrani-za-prenosnike\/wp-json\/wp\/v2\/media\/7709"}],"wp:attachment":[{"href":"https:\/\/pracek.si\/ekrani-za-prenosnike\/wp-json\/wp\/v2\/media?parent=7718"}],"wp:term":[{"taxonomy":"product_brand","embeddable":true,"href":"https:\/\/pracek.si\/ekrani-za-prenosnike\/wp-json\/wp\/v2\/product_brand?post=7718"},{"taxonomy":"product_cat","embeddable":true,"href":"https:\/\/pracek.si\/ekrani-za-prenosnike\/wp-json\/wp\/v2\/product_cat?post=7718"},{"taxonomy":"product_tag","embeddable":true,"href":"https:\/\/pracek.si\/ekrani-za-prenosnike\/wp-json\/wp\/v2\/product_tag?post=7718"}],"curies":[{"name":"wp","href":"https:\/\/api.w.org\/{rel}","templated":true}]}}