{"id":7719,"date":"2024-09-07T11:43:04","date_gmt":"2024-09-07T11:43:04","guid":{"rendered":"https:\/\/pracek.si\/ekrani-za-prenosnike\/?post_type=product&#038;p=7719"},"modified":"2024-09-25T10:37:50","modified_gmt":"2024-09-25T10:37:50","slug":"hp-m54736-001-161-mat-fhd-ips-edp-30pin-lcd-z-lepilom-nov","status":"publish","type":"product","link":"https:\/\/pracek.si\/ekrani-za-prenosnike\/product\/hp-m54736-001-161-mat-fhd-ips-edp-30pin-lcd-z-lepilom-nov\/","title":{"rendered":"HP M54736-001 16,1&#8243; mat FHD IPS eDP 30pin LCD z lepilom nov"},"content":{"rendered":"<p><strong>Dejanski model LCD ekrana: N161HCA-EA3 Rev. c2 \u2013 popolnoma zdru\u017eljiv z LCD zaslonom za prenosnik HP M54736-001<\/strong><\/p>\n<p>Izbolj\u0161ajte zmogljivost svojega prenosnika z LCD zaslonom HP M54736-001 16,1\u2033, ki je zasnovan za optimalno jasnost in trajnost. Ta zaslon ponuja lo\u010dljivost Full HD (1920\u00d71080), kar zagotavlja ostre in \u017eivahne slike za poglobljeno izku\u0161njo gledanja. Tehnologija IPS omogo\u010da \u0161iroke kote gledanja in enakomerne barve, zato je popoln za delo, zabavo ali igre.<\/p>\n<p>Matiran premaz zmanj\u0161uje ble\u0161\u010danje in odseve, kar omogo\u010da udobno uporabo v razli\u010dnih svetlobnih pogojih. Povezava z eDP 30-pinskim konektorjem zagotavlja varno in stabilno povezavo z va\u0161o napravo, kar omogo\u010da zanesljivo delovanje. Poleg tega so prilo\u017eeni obojestranski samolepilni trakovi, ki omogo\u010dajo enostavno namestitev.<\/p>\n<p>Ta LCD zaslon je brez zgornjih in spodnjih nosilcev ter je popolnoma nov, kar zagotavlja, da prejmete izdelek brez napak in pripravljen za uporabo.<\/p>\n","protected":false},"excerpt":{"rendered":"<p>Nadgradite zaslon svojega prenosnika z LCD zaslonom HP M54736-001 16,1&#8243;. Z lo\u010dljivostjo FHD, tehnologijo IPS in matiranim premazom ponuja ostre in jasne slike. Vklju\u010deni so obojestranski samolepilni trakovi za enostavno namestitev. Stanje: novo.<\/p>\n","protected":false},"featured_media":7709,"template":"","meta":[],"product_brand":[],"product_cat":[66],"product_tag":[62],"class_list":{"0":"post-7719","1":"product","2":"type-product","3":"status-publish","4":"has-post-thumbnail","6":"product_cat-16-1","7":"product_tag-hp","9":"first","10":"instock","11":"taxable","12":"shipping-taxable","13":"purchasable","14":"product-type-simple"},"_links":{"self":[{"href":"https:\/\/pracek.si\/ekrani-za-prenosnike\/wp-json\/wp\/v2\/product\/7719","targetHints":{"allow":["GET"]}}],"collection":[{"href":"https:\/\/pracek.si\/ekrani-za-prenosnike\/wp-json\/wp\/v2\/product"}],"about":[{"href":"https:\/\/pracek.si\/ekrani-za-prenosnike\/wp-json\/wp\/v2\/types\/product"}],"wp:featuredmedia":[{"embeddable":true,"href":"https:\/\/pracek.si\/ekrani-za-prenosnike\/wp-json\/wp\/v2\/media\/7709"}],"wp:attachment":[{"href":"https:\/\/pracek.si\/ekrani-za-prenosnike\/wp-json\/wp\/v2\/media?parent=7719"}],"wp:term":[{"taxonomy":"product_brand","embeddable":true,"href":"https:\/\/pracek.si\/ekrani-za-prenosnike\/wp-json\/wp\/v2\/product_brand?post=7719"},{"taxonomy":"product_cat","embeddable":true,"href":"https:\/\/pracek.si\/ekrani-za-prenosnike\/wp-json\/wp\/v2\/product_cat?post=7719"},{"taxonomy":"product_tag","embeddable":true,"href":"https:\/\/pracek.si\/ekrani-za-prenosnike\/wp-json\/wp\/v2\/product_tag?post=7719"}],"curies":[{"name":"wp","href":"https:\/\/api.w.org\/{rel}","templated":true}]}}