{"id":7721,"date":"2024-09-07T11:53:42","date_gmt":"2024-09-07T11:53:42","guid":{"rendered":"https:\/\/pracek.si\/ekrani-za-prenosnike\/?post_type=product&#038;p=7721"},"modified":"2026-05-08T07:31:05","modified_gmt":"2026-05-08T07:31:05","slug":"hp-m02080-001-lcd-zaslon-161-fhd-ips-edp-30pin-z-lepilom-nov","status":"publish","type":"product","link":"https:\/\/pracek.si\/ekrani-za-prenosnike\/product\/hp-m02080-001-lcd-zaslon-161-fhd-ips-edp-30pin-z-lepilom-nov\/","title":{"rendered":"HP M02080-001 LCD zaslon 16,1&#8243; FHD IPS eDP 30pin z lepilom Nov"},"content":{"rendered":"<p><strong>Dejanski model LCD ekrana: N161HCA-EA3 Rev. c2 \u2013 popolnoma zdru\u017eljiv z LCD zaslonom za prenosnik HP M02080-001<\/strong><\/p>\n<p>Izbolj\u0161ajte prikaz va\u0161ega prenosnika z LCD zaslonom HP M02080-001, velikosti 16,1\u2033. Ta zaslon visoke kakovosti ponuja Full HD (1920\u00d71080) lo\u010dljivost, kar zagotavlja ostre in \u017eivahne slike za bolj\u0161o vizualno izku\u0161njo. IPS (In-Plane Switching) tehnologija omogo\u010da \u0161iroke kote gledanja in dosledne barve, kar je idealno za zabavo in profesionalno uporabo.<\/p>\n<p>Mat premaz zmanj\u0161uje ble\u0161\u010danje, kar omogo\u010da udobno uporabo prenosnika v razli\u010dnih svetlobnih pogojih. Z 30-pinsko eDP povezavo zaslon zagotavlja varno in stabilno povezavo z va\u0161o napravo. Prilo\u017een je obojestranski samolepilni trak, ki poenostavi namestitev.<\/p>\n<p>Upo\u0161tevajte, da ta zaslon ne vsebuje zgornjih in spodnjih nosilcev. Izdelek je popolnoma nov, kar zagotavlja zanesljivo in brezhibno delovanje.<\/p>\n","protected":false},"excerpt":{"rendered":"<p>Nadgradite svoj prenosnik z LCD zaslonom HP M02080-001, velikosti 16,1&#8243;. Z FHD lo\u010dljivostjo, IPS tehnologijo, mat premazom in 30-pinsko eDP povezavo ponuja jasne in \u017eivahne slike. Prilo\u017een je obojestranski samolepilni trak za enostavno namestitev. Stanje: novo.<\/p>\n","protected":false},"featured_media":7709,"template":"","meta":[],"product_brand":[],"product_cat":[66],"product_tag":[62],"class_list":{"0":"post-7721","1":"product","2":"type-product","3":"status-publish","4":"has-post-thumbnail","6":"product_cat-16-1","7":"product_tag-hp","9":"first","10":"instock","11":"taxable","12":"shipping-taxable","13":"purchasable","14":"product-type-simple"},"_links":{"self":[{"href":"https:\/\/pracek.si\/ekrani-za-prenosnike\/wp-json\/wp\/v2\/product\/7721","targetHints":{"allow":["GET"]}}],"collection":[{"href":"https:\/\/pracek.si\/ekrani-za-prenosnike\/wp-json\/wp\/v2\/product"}],"about":[{"href":"https:\/\/pracek.si\/ekrani-za-prenosnike\/wp-json\/wp\/v2\/types\/product"}],"wp:featuredmedia":[{"embeddable":true,"href":"https:\/\/pracek.si\/ekrani-za-prenosnike\/wp-json\/wp\/v2\/media\/7709"}],"wp:attachment":[{"href":"https:\/\/pracek.si\/ekrani-za-prenosnike\/wp-json\/wp\/v2\/media?parent=7721"}],"wp:term":[{"taxonomy":"product_brand","embeddable":true,"href":"https:\/\/pracek.si\/ekrani-za-prenosnike\/wp-json\/wp\/v2\/product_brand?post=7721"},{"taxonomy":"product_cat","embeddable":true,"href":"https:\/\/pracek.si\/ekrani-za-prenosnike\/wp-json\/wp\/v2\/product_cat?post=7721"},{"taxonomy":"product_tag","embeddable":true,"href":"https:\/\/pracek.si\/ekrani-za-prenosnike\/wp-json\/wp\/v2\/product_tag?post=7721"}],"curies":[{"name":"wp","href":"https:\/\/api.w.org\/{rel}","templated":true}]}}