{"id":7722,"date":"2024-09-07T13:06:14","date_gmt":"2024-09-07T13:06:14","guid":{"rendered":"https:\/\/pracek.si\/ekrani-za-prenosnike\/?post_type=product&#038;p=7722"},"modified":"2024-09-25T10:37:49","modified_gmt":"2024-09-25T10:37:49","slug":"hp-m54732-001-lcd-zaslon-16-1-fhd-ips-30pin-edp-z-lepilnim-trakom-nov","status":"publish","type":"product","link":"https:\/\/pracek.si\/ekrani-za-prenosnike\/product\/hp-m54732-001-lcd-zaslon-16-1-fhd-ips-30pin-edp-z-lepilnim-trakom-nov\/","title":{"rendered":"HP M54732-001 LCD zaslon 16.1&#8243; FHD IPS 30pin eDP z lepilnim trakom Nov"},"content":{"rendered":"<p><strong>Dejanski model LCD ekrana: N161HCA-EA3 Rev. c2 \u2013 popolnoma zdru\u017eljiv z LCD zaslonom za prenosnik HP M54732-001<\/strong><\/p>\n<p>Izbolj\u0161ajte zaslon svojega prenosnika z LCD zaslonom HP M54732-001 16.1\u2033, zasnovanim za vrhunsko jasnost in \u017eivahne barve. Z Full HD (1920\u00d71080) lo\u010dljivostjo in IPS tehnologijo ta zaslon zagotavlja ostre in jasne slike ter \u0161iroke kote gledanja za izbolj\u0161ano vizualno izku\u0161njo. Mat povr\u0161ina pomaga zmanj\u0161ati ble\u0161\u010danje, kar ga naredi popolnega za uporabo v razli\u010dnih svetlobnih pogojih.<\/p>\n<p>Ta TFT zaslon ima 30-pinski eDP priklju\u010dek, ki zagotavlja stabilno in varno povezavo. Vklju\u010den obojestranski lepilni trak omogo\u010da enostavno in brezskrbno namestitev. Idealen je za zamenjavo po\u0161kodovanih ali okvarjenih zaslonov ali za nadgradnjo va\u0161ega trenutnega zaslona.<\/p>\n<p>Prosimo, upo\u0161tevajte, da zaslon ne vklju\u010duje zgornjih in spodnjih nosilcev. Zaslon je popolnoma nov, kar zagotavlja, da prejmete izdelek brez napak, pripravljen za uporabo.<\/p>\n","protected":false},"excerpt":{"rendered":"<p>Nadgradite svoj prenosnik z LCD zaslonom HP M54732-001 16.1&#8243;. Z FHD lo\u010dljivostjo, IPS tehnologijo in matiranim premazom za zmanj\u0161anje ble\u0161\u010danja ponuja \u017eive slike. Vklju\u010duje obojestranski lepilni trak za enostavno namestitev. Stanje: novo.<\/p>\n","protected":false},"featured_media":7709,"template":"","meta":[],"product_brand":[],"product_cat":[66],"product_tag":[62],"class_list":{"0":"post-7722","1":"product","2":"type-product","3":"status-publish","4":"has-post-thumbnail","6":"product_cat-16-1","7":"product_tag-hp","9":"first","10":"instock","11":"taxable","12":"shipping-taxable","13":"purchasable","14":"product-type-simple"},"_links":{"self":[{"href":"https:\/\/pracek.si\/ekrani-za-prenosnike\/wp-json\/wp\/v2\/product\/7722","targetHints":{"allow":["GET"]}}],"collection":[{"href":"https:\/\/pracek.si\/ekrani-za-prenosnike\/wp-json\/wp\/v2\/product"}],"about":[{"href":"https:\/\/pracek.si\/ekrani-za-prenosnike\/wp-json\/wp\/v2\/types\/product"}],"wp:featuredmedia":[{"embeddable":true,"href":"https:\/\/pracek.si\/ekrani-za-prenosnike\/wp-json\/wp\/v2\/media\/7709"}],"wp:attachment":[{"href":"https:\/\/pracek.si\/ekrani-za-prenosnike\/wp-json\/wp\/v2\/media?parent=7722"}],"wp:term":[{"taxonomy":"product_brand","embeddable":true,"href":"https:\/\/pracek.si\/ekrani-za-prenosnike\/wp-json\/wp\/v2\/product_brand?post=7722"},{"taxonomy":"product_cat","embeddable":true,"href":"https:\/\/pracek.si\/ekrani-za-prenosnike\/wp-json\/wp\/v2\/product_cat?post=7722"},{"taxonomy":"product_tag","embeddable":true,"href":"https:\/\/pracek.si\/ekrani-za-prenosnike\/wp-json\/wp\/v2\/product_tag?post=7722"}],"curies":[{"name":"wp","href":"https:\/\/api.w.org\/{rel}","templated":true}]}}