{"id":7724,"date":"2024-09-07T14:45:26","date_gmt":"2024-09-07T14:45:26","guid":{"rendered":"https:\/\/pracek.si\/ekrani-za-prenosnike\/?post_type=product&#038;p=7724"},"modified":"2024-09-25T10:37:49","modified_gmt":"2024-09-25T10:37:49","slug":"hp-victus-161-lcd-fhd-ips-tft-mat-zaslon-30pin-z-lepilom-nov","status":"publish","type":"product","link":"https:\/\/pracek.si\/ekrani-za-prenosnike\/product\/hp-victus-161-lcd-fhd-ips-tft-mat-zaslon-30pin-z-lepilom-nov\/","title":{"rendered":"HP Victus 16,1&#8243; LCD FHD IPS TFT mat zaslon 30pin z lepilom nov"},"content":{"rendered":"<p><strong>Dejanski model LCD ekrana: N161HCA-EA3 Rev. c2 \u2013 popolnoma zdru\u017eljiv z LCD zaslonom za prenosnik HP Victus 16-d0013dx, 16-d0309tx, 16-d0023dx<\/strong><\/p>\n<p>Izbolj\u0161ajte zaslon svojega prenosnika HP Victus z 16,1\u2033 LCD zaslonom, zdru\u017eljivim z modeli 16-d0013dx, 16-d0309tx in 16-d0023dx. Ta zaslon s Full HD (1920\u00d71080) lo\u010dljivostjo zagotavlja izjemno kakovost slike, kar ga naredi popolnega za igranje iger, pretakanje in vsakodnevno uporabo. S tehnologijama IPS in TFT boste u\u017eivali v \u017eivih barvah, \u0161irokih kotih gledanja in dosledni zmogljivosti iz vseh perspektiv.<\/p>\n<p>Mat povr\u0161ina zmanj\u0161uje ble\u0161\u010danje, kar omogo\u010da udobno gledanje tudi v svetlih prostorih. Zaslon prihaja brez zgornjih in spodnjih nosilcev, vendar so prilo\u017eeni obojestranski lepilni trakovi za enostavno namestitev. 30-pinski eDP konektor zagotavlja stabilno povezavo, kar omogo\u010da hitro zamenjavo ali nadgradnjo va\u0161ega trenutnega zaslona.<\/p>\n<p>Stanje: Popolnoma nov, pripravljen za namestitev in zasnovan, da va\u0161emu prenosniku zagotovi novo vizualno izku\u0161njo.<\/p>\n","protected":false},"excerpt":{"rendered":"<p>Nadgradite svoj prenosnik HP Victus z novim 16,1&#8243; LCD zaslonom, zdru\u017eljivim z modeli 16-d0013dx, 16-d0309tx in 16-d0023dx. S FHD, IPS in TFT tehnologijo ter matiranim premazom nudi ostro sliko in zmanj\u0161uje ble\u0161\u010danje. Vklju\u010deni so obojestranski lepilni trakovi. Stanje: novo.<\/p>\n","protected":false},"featured_media":7709,"template":"","meta":[],"product_brand":[],"product_cat":[66],"product_tag":[62],"class_list":{"0":"post-7724","1":"product","2":"type-product","3":"status-publish","4":"has-post-thumbnail","6":"product_cat-16-1","7":"product_tag-hp","9":"first","10":"instock","11":"taxable","12":"shipping-taxable","13":"purchasable","14":"product-type-simple"},"_links":{"self":[{"href":"https:\/\/pracek.si\/ekrani-za-prenosnike\/wp-json\/wp\/v2\/product\/7724","targetHints":{"allow":["GET"]}}],"collection":[{"href":"https:\/\/pracek.si\/ekrani-za-prenosnike\/wp-json\/wp\/v2\/product"}],"about":[{"href":"https:\/\/pracek.si\/ekrani-za-prenosnike\/wp-json\/wp\/v2\/types\/product"}],"wp:featuredmedia":[{"embeddable":true,"href":"https:\/\/pracek.si\/ekrani-za-prenosnike\/wp-json\/wp\/v2\/media\/7709"}],"wp:attachment":[{"href":"https:\/\/pracek.si\/ekrani-za-prenosnike\/wp-json\/wp\/v2\/media?parent=7724"}],"wp:term":[{"taxonomy":"product_brand","embeddable":true,"href":"https:\/\/pracek.si\/ekrani-za-prenosnike\/wp-json\/wp\/v2\/product_brand?post=7724"},{"taxonomy":"product_cat","embeddable":true,"href":"https:\/\/pracek.si\/ekrani-za-prenosnike\/wp-json\/wp\/v2\/product_cat?post=7724"},{"taxonomy":"product_tag","embeddable":true,"href":"https:\/\/pracek.si\/ekrani-za-prenosnike\/wp-json\/wp\/v2\/product_tag?post=7724"}],"curies":[{"name":"wp","href":"https:\/\/api.w.org\/{rel}","templated":true}]}}