{"id":7725,"date":"2024-09-07T14:50:44","date_gmt":"2024-09-07T14:50:44","guid":{"rendered":"https:\/\/pracek.si\/ekrani-za-prenosnike\/?post_type=product&#038;p=7725"},"modified":"2024-09-25T10:37:49","modified_gmt":"2024-09-25T10:37:49","slug":"161-fhd-ips-matiran-lcd-hp-victus-16-d1095tx-16-d1065tx-30pin-z-lepilom-nov","status":"publish","type":"product","link":"https:\/\/pracek.si\/ekrani-za-prenosnike\/product\/161-fhd-ips-matiran-lcd-hp-victus-16-d1095tx-16-d1065tx-30pin-z-lepilom-nov\/","title":{"rendered":"16,1&#8243; FHD IPS matiran LCD HP Victus 16-d1095tx 16-d1065tx 30pin z lepilom Nov"},"content":{"rendered":"<p><strong>Dejanski model LCD ekrana: N161HCA-EA3 Rev. c2 \u2013 popolnoma zdru\u017eljiv z LCD zaslonom za prenosnik HP Victus 16-d1095tx, 16-d1065tx<\/strong><\/p>\n<p>Nadgradite svoj HP Victus 16-d1095tx ali 16-d1065tx z novim 16,1\u2033 LCD zaslonom. Zasnovan z lo\u010dljivostjo Full HD (1920\u00d71080) zagotavlja ostre in jasne slike za izbolj\u0161ano izku\u0161njo gledanja. Matirana povr\u0161ina zmanj\u0161uje ble\u0161\u010danje, zaradi \u010desar je zaslon primeren za uporabo v razli\u010dnih svetlobnih pogojih, medtem ko tehnologiji IPS in TFT zagotavljata \u017eivahne barve in \u0161iroke kote gledanja.<\/p>\n<p>Ta zaslon ima eDP 30-pinski priklju\u010dek za stabilno in zanesljivo delovanje. Za la\u017ejo namestitev so prilo\u017eeni obojestranski lepilni trakovi, ki omogo\u010dajo varno pritrditev brez zgornjih in spodnjih nosilcev.<\/p>\n<p>Idealen za zamenjavo po\u0161kodovanega zaslona ali nadgradnjo prenosnika za bolj\u0161o zmogljivost. Zaslon je v novem stanju, kar zagotavlja visoko kakovost in takoj\u0161njo pripravljenost za uporabo.<\/p>\n","protected":false},"excerpt":{"rendered":"<p>Zamenjajte ali nadgradite svoj prenosnik HP Victus 16-d1095tx, 16-d1065tx z novim 16,1&#8243; FHD matiranim LCD zaslonom. Z IPS in TFT tehnologijo ter eDP 30-pinsko povezljivostjo ponuja jasne in \u017eivahne slike. Vklju\u010deni so obojestranski lepilni trakovi za enostavno namestitev. Stanje: novo.<\/p>\n","protected":false},"featured_media":7709,"template":"","meta":[],"product_brand":[],"product_cat":[66],"product_tag":[62],"class_list":{"0":"post-7725","1":"product","2":"type-product","3":"status-publish","4":"has-post-thumbnail","6":"product_cat-16-1","7":"product_tag-hp","9":"first","10":"instock","11":"taxable","12":"shipping-taxable","13":"purchasable","14":"product-type-simple"},"_links":{"self":[{"href":"https:\/\/pracek.si\/ekrani-za-prenosnike\/wp-json\/wp\/v2\/product\/7725","targetHints":{"allow":["GET"]}}],"collection":[{"href":"https:\/\/pracek.si\/ekrani-za-prenosnike\/wp-json\/wp\/v2\/product"}],"about":[{"href":"https:\/\/pracek.si\/ekrani-za-prenosnike\/wp-json\/wp\/v2\/types\/product"}],"wp:featuredmedia":[{"embeddable":true,"href":"https:\/\/pracek.si\/ekrani-za-prenosnike\/wp-json\/wp\/v2\/media\/7709"}],"wp:attachment":[{"href":"https:\/\/pracek.si\/ekrani-za-prenosnike\/wp-json\/wp\/v2\/media?parent=7725"}],"wp:term":[{"taxonomy":"product_brand","embeddable":true,"href":"https:\/\/pracek.si\/ekrani-za-prenosnike\/wp-json\/wp\/v2\/product_brand?post=7725"},{"taxonomy":"product_cat","embeddable":true,"href":"https:\/\/pracek.si\/ekrani-za-prenosnike\/wp-json\/wp\/v2\/product_cat?post=7725"},{"taxonomy":"product_tag","embeddable":true,"href":"https:\/\/pracek.si\/ekrani-za-prenosnike\/wp-json\/wp\/v2\/product_tag?post=7725"}],"curies":[{"name":"wp","href":"https:\/\/api.w.org\/{rel}","templated":true}]}}