{"id":7726,"date":"2024-09-07T15:02:47","date_gmt":"2024-09-07T15:02:47","guid":{"rendered":"https:\/\/pracek.si\/ekrani-za-prenosnike\/?post_type=product&#038;p=7726"},"modified":"2024-09-25T10:37:49","modified_gmt":"2024-09-25T10:37:49","slug":"hp-victus-16-1-fhd-ips-mat-lcd-zaslon-edp-30pin-z-lepilom-nov","status":"publish","type":"product","link":"https:\/\/pracek.si\/ekrani-za-prenosnike\/product\/hp-victus-16-1-fhd-ips-mat-lcd-zaslon-edp-30pin-z-lepilom-nov\/","title":{"rendered":"HP Victus 16.1&#8243; FHD IPS mat LCD zaslon eDP 30pin z lepilom Nov"},"content":{"rendered":"<p><strong>Dejanski model LCD ekrana: N161HCA-EA3 Rev. c2 \u2013 popolnoma zdru\u017eljiv z LCD zaslonom za prenosnik HP Victus 16-D1015NIA, 16-d1029nt<\/strong><\/p>\n<p>Izbolj\u0161ajte vizualno zmogljivost svojega HP Victus 16-D1015NIA ali 16-d1029nt s tem 16,1\u2033 Full HD (1920\u00d71080) IPS TFT LCD zaslonom. Matirana povr\u0161ina zmanj\u0161a ble\u0161\u010danje in zagotavlja ostre, jasne slike z \u017eivimi barvami za vrhunsko izku\u0161njo gledanja.<\/p>\n<p>Povezava preko eDP 30-pinskega konektorja omogo\u010da varno in zanesljivo povezavo, prilo\u017eeni obojestranski lepilni trak pa olaj\u0161a namestitev. Ta zaslon je popolna re\u0161itev za zamenjavo po\u0161kodovanega ali okvarjenega zaslona, saj ponuja stro\u0161kovno u\u010dinkovit na\u010din za obnovitev zmogljivosti va\u0161ega prenosnika. Prosimo, upo\u0161tevajte, da zaslon ne vklju\u010duje zgornjih in spodnjih nosilcev.<\/p>\n<p>Nadomestni zaslon je popolnoma nov, kar zagotavlja vrhunsko zmogljivost \u017ee takoj po odprtju embala\u017ee. Idealna nadgradnja za uporabnike, ki \u017eelijo osve\u017eiti svoj zaslon in izbolj\u0161ati izku\u0161njo uporabe prenosnika.<\/p>\n","protected":false},"excerpt":{"rendered":"<p>Nadgradite svoj HP Victus z 16,1&#8243; FHD IPS TFT matiranim LCD zaslonom. Z eDP 30-pinsko povezljivostjo in prilo\u017eenim obojestranskim lepilnim trakom za enostavno namestitev. Odli\u010den nadomestni zaslon, nov in pripravljen za uporabo.<\/p>\n","protected":false},"featured_media":7709,"template":"","meta":[],"product_brand":[],"product_cat":[66],"product_tag":[62],"class_list":{"0":"post-7726","1":"product","2":"type-product","3":"status-publish","4":"has-post-thumbnail","6":"product_cat-16-1","7":"product_tag-hp","9":"first","10":"instock","11":"taxable","12":"shipping-taxable","13":"purchasable","14":"product-type-simple"},"_links":{"self":[{"href":"https:\/\/pracek.si\/ekrani-za-prenosnike\/wp-json\/wp\/v2\/product\/7726","targetHints":{"allow":["GET"]}}],"collection":[{"href":"https:\/\/pracek.si\/ekrani-za-prenosnike\/wp-json\/wp\/v2\/product"}],"about":[{"href":"https:\/\/pracek.si\/ekrani-za-prenosnike\/wp-json\/wp\/v2\/types\/product"}],"wp:featuredmedia":[{"embeddable":true,"href":"https:\/\/pracek.si\/ekrani-za-prenosnike\/wp-json\/wp\/v2\/media\/7709"}],"wp:attachment":[{"href":"https:\/\/pracek.si\/ekrani-za-prenosnike\/wp-json\/wp\/v2\/media?parent=7726"}],"wp:term":[{"taxonomy":"product_brand","embeddable":true,"href":"https:\/\/pracek.si\/ekrani-za-prenosnike\/wp-json\/wp\/v2\/product_brand?post=7726"},{"taxonomy":"product_cat","embeddable":true,"href":"https:\/\/pracek.si\/ekrani-za-prenosnike\/wp-json\/wp\/v2\/product_cat?post=7726"},{"taxonomy":"product_tag","embeddable":true,"href":"https:\/\/pracek.si\/ekrani-za-prenosnike\/wp-json\/wp\/v2\/product_tag?post=7726"}],"curies":[{"name":"wp","href":"https:\/\/api.w.org\/{rel}","templated":true}]}}