{"id":7728,"date":"2024-09-07T15:12:39","date_gmt":"2024-09-07T15:12:39","guid":{"rendered":"https:\/\/pracek.si\/ekrani-za-prenosnike\/?post_type=product&#038;p=7728"},"modified":"2024-09-25T10:37:49","modified_gmt":"2024-09-25T10:37:49","slug":"hp-victus-16-d1176tx-16-d1128tx-lcd-zaslon-161-fhd-ips-30pin-mat-nov","status":"publish","type":"product","link":"https:\/\/pracek.si\/ekrani-za-prenosnike\/product\/hp-victus-16-d1176tx-16-d1128tx-lcd-zaslon-161-fhd-ips-30pin-mat-nov\/","title":{"rendered":"HP Victus 16-d1176tx 16-d1128tx LCD zaslon 16,1&#8243; FHD IPS 30pin Mat Nov"},"content":{"rendered":"<p><strong>Dejanski model LCD ekrana: N161HCA-EA3 Rev. c2 \u2013 popolnoma zdru\u017eljiv z LCD zaslonom za prenosnik HP Victus 16-d1176tx, 16-d1128tx<\/strong><\/p>\n<p>Izbolj\u0161ajte prikaz na va\u0161ih prenosnikih HP Victus 16-d1176tx in 16-d1128tx z visokokakovostnim 16,1\u2033 LCD zaslonom. Z lo\u010dljivostjo Full HD (1920\u00d71080) ta IPS ekran ponuja ostre in \u017eive slike z odli\u010dnim barvnim prikazom ter \u0161irokimi koti gledanja. Matirana povr\u0161ina zmanj\u0161uje ble\u0161\u010danje, kar ga naredi idealnega za uporabo v razli\u010dnih svetlobnih pogojih.<\/p>\n<p>Zaslon vklju\u010duje 30-pinski eDP priklju\u010dek za zanesljivo povezavo, obojestranski lepilni trak pa omogo\u010da enostavno namestitev. Prosimo, upo\u0161tevajte, da je zaslon brez zgornjih in spodnjih nosilcev. Zaslon je v popolnoma novem stanju, kar zagotavlja, da prejmete brezhiben izdelek, pripravljen za izbolj\u0161anje va\u0161e uporabni\u0161ke izku\u0161nje.<\/p>\n","protected":false},"excerpt":{"rendered":"<p>Nadgradite svoj HP Victus 16-d1176tx in 16-d1128tx z 16,1&#8243; FHD IPS matiranim LCD zaslonom. Vklju\u010duje eDP 30-pinski priklju\u010dek in obojestranski lepilni trak za enostavno namestitev. Stanje: novo.<\/p>\n","protected":false},"featured_media":7709,"template":"","meta":[],"product_brand":[],"product_cat":[66],"product_tag":[62],"class_list":{"0":"post-7728","1":"product","2":"type-product","3":"status-publish","4":"has-post-thumbnail","6":"product_cat-16-1","7":"product_tag-hp","9":"first","10":"instock","11":"taxable","12":"shipping-taxable","13":"purchasable","14":"product-type-simple"},"_links":{"self":[{"href":"https:\/\/pracek.si\/ekrani-za-prenosnike\/wp-json\/wp\/v2\/product\/7728","targetHints":{"allow":["GET"]}}],"collection":[{"href":"https:\/\/pracek.si\/ekrani-za-prenosnike\/wp-json\/wp\/v2\/product"}],"about":[{"href":"https:\/\/pracek.si\/ekrani-za-prenosnike\/wp-json\/wp\/v2\/types\/product"}],"wp:featuredmedia":[{"embeddable":true,"href":"https:\/\/pracek.si\/ekrani-za-prenosnike\/wp-json\/wp\/v2\/media\/7709"}],"wp:attachment":[{"href":"https:\/\/pracek.si\/ekrani-za-prenosnike\/wp-json\/wp\/v2\/media?parent=7728"}],"wp:term":[{"taxonomy":"product_brand","embeddable":true,"href":"https:\/\/pracek.si\/ekrani-za-prenosnike\/wp-json\/wp\/v2\/product_brand?post=7728"},{"taxonomy":"product_cat","embeddable":true,"href":"https:\/\/pracek.si\/ekrani-za-prenosnike\/wp-json\/wp\/v2\/product_cat?post=7728"},{"taxonomy":"product_tag","embeddable":true,"href":"https:\/\/pracek.si\/ekrani-za-prenosnike\/wp-json\/wp\/v2\/product_tag?post=7728"}],"curies":[{"name":"wp","href":"https:\/\/api.w.org\/{rel}","templated":true}]}}