{"id":7730,"date":"2024-09-07T15:23:28","date_gmt":"2024-09-07T15:23:28","guid":{"rendered":"https:\/\/pracek.si\/ekrani-za-prenosnike\/?post_type=product&#038;p=7730"},"modified":"2026-04-16T09:07:38","modified_gmt":"2026-04-16T09:07:38","slug":"b156zan03-6-156-4k-uhd-mat-ips-lcd-40pin-z-lepilnim-trakom-nov","status":"publish","type":"product","link":"https:\/\/pracek.si\/ekrani-za-prenosnike\/product\/b156zan03-6-156-4k-uhd-mat-ips-lcd-40pin-z-lepilnim-trakom-nov\/","title":{"rendered":"B156ZAN03.6 15,6&#8243; 4K UHD mat IPS LCD 40pin z lepilnim trakom Nov"},"content":{"rendered":"<p>Do\u017eivite izjemno vizualno jasnost z LCD zaslonom B156ZAN03.6 velikosti 15,6&#8243;, zasnovanim za vrhunsko nadgradnjo va\u0161ega prenosnika. Z impresivno 4K UHD lo\u010dljivostjo (3840&#215;2160) in sRGB barvno natan\u010dnostjo ta zaslon zagotavlja osupljive podrobnosti in \u017eivahne, resni\u010dne barve. Tehnologija IPS omogo\u010da \u0161iroke kote gledanja in dosledno svetlost, kar je idealno za kreativno delo, igranje iger ali vsakodnevno uporabo.<\/p>\n<p>Matirana povr\u0161ina zmanj\u0161uje ble\u0161\u010danje in izbolj\u0161uje vidljivost v svetlih okoljih, medtem ko 40-pinski eDP konektor zagotavlja stabilno povezavo. Poleg tega prilo\u017eeni obojestranski lepilni trak omogo\u010da enostavno in brezskrbno namestitev. Prosimo, upo\u0161tevajte, da ta zaslon prihaja brez zgornjih in spodnjih nosilcev.<\/p>\n<p>V povsem novem stanju je zaslon B156ZAN03.6 popoln za zamenjavo po\u0161kodovanega zaslona ali nadgradnjo za bolj\u0161o zmogljivost.<\/p>\n","protected":false},"excerpt":{"rendered":"<p>Nadgradite svoj prenosnik z LCD zaslonom B156ZAN03.6 velikosti 15,6&#8243;. Z 4K UHD lo\u010dljivostjo, tehnologijo IPS in matirano povr\u0161ino zagotavlja osupljivo sliko in \u017eivahne barve. Vklju\u010duje obojestranski lepilni trak za enostavno namestitev. Stanje: novo.<\/p>\n","protected":false},"featured_media":7731,"template":"","meta":[],"product_brand":[],"product_cat":[50],"product_tag":[],"class_list":{"0":"post-7730","1":"product","2":"type-product","3":"status-publish","4":"has-post-thumbnail","6":"product_cat-15-6","8":"first","9":"outofstock","10":"taxable","11":"shipping-taxable","12":"purchasable","13":"product-type-simple"},"_links":{"self":[{"href":"https:\/\/pracek.si\/ekrani-za-prenosnike\/wp-json\/wp\/v2\/product\/7730","targetHints":{"allow":["GET"]}}],"collection":[{"href":"https:\/\/pracek.si\/ekrani-za-prenosnike\/wp-json\/wp\/v2\/product"}],"about":[{"href":"https:\/\/pracek.si\/ekrani-za-prenosnike\/wp-json\/wp\/v2\/types\/product"}],"wp:featuredmedia":[{"embeddable":true,"href":"https:\/\/pracek.si\/ekrani-za-prenosnike\/wp-json\/wp\/v2\/media\/7731"}],"wp:attachment":[{"href":"https:\/\/pracek.si\/ekrani-za-prenosnike\/wp-json\/wp\/v2\/media?parent=7730"}],"wp:term":[{"taxonomy":"product_brand","embeddable":true,"href":"https:\/\/pracek.si\/ekrani-za-prenosnike\/wp-json\/wp\/v2\/product_brand?post=7730"},{"taxonomy":"product_cat","embeddable":true,"href":"https:\/\/pracek.si\/ekrani-za-prenosnike\/wp-json\/wp\/v2\/product_cat?post=7730"},{"taxonomy":"product_tag","embeddable":true,"href":"https:\/\/pracek.si\/ekrani-za-prenosnike\/wp-json\/wp\/v2\/product_tag?post=7730"}],"curies":[{"name":"wp","href":"https:\/\/api.w.org\/{rel}","templated":true}]}}