{"id":7732,"date":"2024-09-07T15:30:52","date_gmt":"2024-09-07T15:30:52","guid":{"rendered":"https:\/\/pracek.si\/ekrani-za-prenosnike\/?post_type=product&#038;p=7732"},"modified":"2026-04-16T09:07:38","modified_gmt":"2026-04-16T09:07:38","slug":"lp156ud3-sph3-lcd-zaslon-15-6-4k-uhd-ips-mat-40-pin-z-lepilom-nov","status":"publish","type":"product","link":"https:\/\/pracek.si\/ekrani-za-prenosnike\/product\/lp156ud3-sph3-lcd-zaslon-15-6-4k-uhd-ips-mat-40-pin-z-lepilom-nov\/","title":{"rendered":"LP156UD3-SPH3 LCD zaslon 15.6&#8243; 4K UHD IPS mat 40-pin z lepilom Nov"},"content":{"rendered":"<p><strong>Dejanski model LCD ekrana: B156ZAN03.6 \u2013 popolnoma zdru\u017eljiv z LCD ekranom LP156UD3-SPH3<\/strong><\/p>\n<p>Izbolj\u0161ajte zaslon va\u0161ega prenosnika z LCD zaslonom LP156UD3-SPH3 15.6&#8243; 4K UHD. S svojo impresivno lo\u010dljivostjo 3840&#215;2160 ta zaslon prina\u0161a izjemno ostrino in podrobnosti, kar je popolno za profesionalce in navdu\u0161ence. Spekter barv sRGB zagotavlja natan\u010dne in \u017eive barve, zato je zaslon idealen za grafi\u010dno oblikovanje, urejanje fotografij in druge vizualno zahtevne naloge.<\/p>\n<p>Tehnologija IPS omogo\u010da \u0161iroke kote gledanja brez zmanj\u0161anja kakovosti slike, medtem ko matirana povr\u0161ina zmanj\u0161uje odseve, kar zagotavlja udobno uporabo v razli\u010dnih svetlobnih pogojih. 40-pinski eDP konektor zagotavlja stabilno in brezhibno povezavo z va\u0161o napravo.<\/p>\n<p>Zaslon vklju\u010duje obojestranski lepilni trak za enostavno namestitev, vendar ne vklju\u010duje zgornjih in spodnjih nosilcev. Zaslon je popolnoma nov, kar zagotavlja brezhibno delovanje in dolgo \u017eivljenjsko dobo.<\/p>\n","protected":false},"excerpt":{"rendered":"<p>Nadgradite svoj prenosnik z LCD zaslonom LP156UD3-SPH3 15.6&#8243; 4K UHD. Z lo\u010dljivostjo 3840&#215;2160, barvno natan\u010dnostjo sRGB, matirano povr\u0161ino in tehnologijo IPS zagotavlja izjemne vizualne u\u010dinke. Vklju\u010duje obojestranski lepilni trak za enostavno namestitev. Stanje: novo.<\/p>\n","protected":false},"featured_media":7731,"template":"","meta":[],"product_brand":[],"product_cat":[50],"product_tag":[],"class_list":{"0":"post-7732","1":"product","2":"type-product","3":"status-publish","4":"has-post-thumbnail","6":"product_cat-15-6","8":"first","9":"outofstock","10":"taxable","11":"shipping-taxable","12":"purchasable","13":"product-type-simple"},"_links":{"self":[{"href":"https:\/\/pracek.si\/ekrani-za-prenosnike\/wp-json\/wp\/v2\/product\/7732","targetHints":{"allow":["GET"]}}],"collection":[{"href":"https:\/\/pracek.si\/ekrani-za-prenosnike\/wp-json\/wp\/v2\/product"}],"about":[{"href":"https:\/\/pracek.si\/ekrani-za-prenosnike\/wp-json\/wp\/v2\/types\/product"}],"wp:featuredmedia":[{"embeddable":true,"href":"https:\/\/pracek.si\/ekrani-za-prenosnike\/wp-json\/wp\/v2\/media\/7731"}],"wp:attachment":[{"href":"https:\/\/pracek.si\/ekrani-za-prenosnike\/wp-json\/wp\/v2\/media?parent=7732"}],"wp:term":[{"taxonomy":"product_brand","embeddable":true,"href":"https:\/\/pracek.si\/ekrani-za-prenosnike\/wp-json\/wp\/v2\/product_brand?post=7732"},{"taxonomy":"product_cat","embeddable":true,"href":"https:\/\/pracek.si\/ekrani-za-prenosnike\/wp-json\/wp\/v2\/product_cat?post=7732"},{"taxonomy":"product_tag","embeddable":true,"href":"https:\/\/pracek.si\/ekrani-za-prenosnike\/wp-json\/wp\/v2\/product_tag?post=7732"}],"curies":[{"name":"wp","href":"https:\/\/api.w.org\/{rel}","templated":true}]}}