{"id":7736,"date":"2024-09-07T17:39:03","date_gmt":"2024-09-07T17:39:03","guid":{"rendered":"https:\/\/pracek.si\/ekrani-za-prenosnike\/?post_type=product&#038;p=7736"},"modified":"2026-04-16T09:07:37","modified_gmt":"2026-04-16T09:07:37","slug":"hp-ne160qam-nz1-lcd-zaslon-15-6-4k-uhd-ips-mat-40-pin-z-lepilnim-trakom-nov","status":"publish","type":"product","link":"https:\/\/pracek.si\/ekrani-za-prenosnike\/product\/hp-ne160qam-nz1-lcd-zaslon-15-6-4k-uhd-ips-mat-40-pin-z-lepilnim-trakom-nov\/","title":{"rendered":"HP NE160QAM-NZ1 LCD zaslon 15.6&#8243; 4K UHD IPS mat 40 pin z lepilnim trakom Nov"},"content":{"rendered":"<p><strong>Dejanski model LCD ekrana: B156ZAN03.6 \u2013 popolnoma zdru\u017eljiv z LCD ekranom HP NE160QAM-NZ1<\/strong><\/p>\n<p>Izbolj\u0161ajte zaslon svojega prenosnika z LCD zaslonom HP NE160QAM-NZ1 velikosti 15,6&#8243;, ki prina\u0161a osupljivo 4K UHD (3840&#215;2160) lo\u010dljivost. Ta ekran je opremljen z IPS tehnologijo, ki omogo\u010da \u0161iroke kote gledanja in barvno natan\u010dnost sRGB, kar zagotavlja, da so vse slike ostre, \u017eive in resni\u010dne. Mat premaz zmanj\u0161a ble\u0161\u010danje, zaradi \u010desar je primeren za uporabo v razli\u010dnih svetlobnih pogojih.<\/p>\n<p>Zaslon ima 40-pinski eDP priklju\u010dek, ki zagotavlja varno in stabilno povezavo z va\u0161im prenosnikom. Namestitev je preprosta s prilo\u017eenim obojestranskim lepilnim trakom, kar omogo\u010da enostavno namestitev. Idealen za tiste, ki \u017eelite zamenjati ali nadgraditi svoj trenutni zaslon prenosnika, ta LCD zaslon ponuja vrhunsko zmogljivost.<\/p>\n<p>Upo\u0161tevajte, da ta zaslon prihaja brez zgornjih in spodnjih nosilcev. Stanje: novo.<\/p>\n","protected":false},"excerpt":{"rendered":"<p>Nadgradite zaslon va\u0161ega prenosnika z LCD zaslonom HP NE160QAM-NZ1, velikosti 15,6&#8243; in 4K UHD lo\u010dljivostjo. Z IPS tehnologijo, barvno natan\u010dnostjo sRGB in matiranim premazom ponuja jasne in \u017eive slike. Vklju\u010duje obojestranski lepilni trak za enostavno namestitev. Stanje: novo.<\/p>\n","protected":false},"featured_media":7731,"template":"","meta":[],"product_brand":[],"product_cat":[50],"product_tag":[62],"class_list":{"0":"post-7736","1":"product","2":"type-product","3":"status-publish","4":"has-post-thumbnail","6":"product_cat-15-6","7":"product_tag-hp","9":"first","10":"outofstock","11":"taxable","12":"shipping-taxable","13":"purchasable","14":"product-type-simple"},"_links":{"self":[{"href":"https:\/\/pracek.si\/ekrani-za-prenosnike\/wp-json\/wp\/v2\/product\/7736","targetHints":{"allow":["GET"]}}],"collection":[{"href":"https:\/\/pracek.si\/ekrani-za-prenosnike\/wp-json\/wp\/v2\/product"}],"about":[{"href":"https:\/\/pracek.si\/ekrani-za-prenosnike\/wp-json\/wp\/v2\/types\/product"}],"wp:featuredmedia":[{"embeddable":true,"href":"https:\/\/pracek.si\/ekrani-za-prenosnike\/wp-json\/wp\/v2\/media\/7731"}],"wp:attachment":[{"href":"https:\/\/pracek.si\/ekrani-za-prenosnike\/wp-json\/wp\/v2\/media?parent=7736"}],"wp:term":[{"taxonomy":"product_brand","embeddable":true,"href":"https:\/\/pracek.si\/ekrani-za-prenosnike\/wp-json\/wp\/v2\/product_brand?post=7736"},{"taxonomy":"product_cat","embeddable":true,"href":"https:\/\/pracek.si\/ekrani-za-prenosnike\/wp-json\/wp\/v2\/product_cat?post=7736"},{"taxonomy":"product_tag","embeddable":true,"href":"https:\/\/pracek.si\/ekrani-za-prenosnike\/wp-json\/wp\/v2\/product_tag?post=7736"}],"curies":[{"name":"wp","href":"https:\/\/api.w.org\/{rel}","templated":true}]}}