{"id":7737,"date":"2024-09-07T17:43:12","date_gmt":"2024-09-07T17:43:12","guid":{"rendered":"https:\/\/pracek.si\/ekrani-za-prenosnike\/?post_type=product&#038;p=7737"},"modified":"2026-04-16T09:07:37","modified_gmt":"2026-04-16T09:07:37","slug":"hp-n10911-001-lcd-156-4k-uhd-ips-led-mat-edp-40pin-z-lepilom-nov","status":"publish","type":"product","link":"https:\/\/pracek.si\/ekrani-za-prenosnike\/product\/hp-n10911-001-lcd-156-4k-uhd-ips-led-mat-edp-40pin-z-lepilom-nov\/","title":{"rendered":"HP N10911-001 LCD 15,6&#8243; 4K UHD IPS LED Mat eDP 40pin z lepilom Nov"},"content":{"rendered":"<p><strong>Dejanski model LCD ekrana: B156ZAN03.6 \u2013 popolnoma zdru\u017eljiv z LCD ekranom HP N10911-001<\/strong><\/p>\n<p>Izbolj\u0161ajte vizualno izku\u0161njo na va\u0161em prenosniku z ekranom HP N10911-001 15,6&#8243; LCD. Ta zaslon ponuja 4K UHD (3840&#215;2160) lo\u010dljivost in podporo za sRGB barvno natan\u010dnost, kar zagotavlja \u017eive, realisti\u010dne barve. Tehnologija IPS zagotavlja \u0161iroke kote gledanja in dosledno barvno delovanje, kar je idealno za ustvarjalne profesionalce in vsakodnevno uporabo.<\/p>\n<p>Z matiranim premazom ekran zmanj\u0161uje ble\u0161\u010danje za udobno gledanje tudi v svetlej\u0161ih okoljih. Povezava eDP s 40-pinskimi konektorji omogo\u010da zanesljivo in hitro povezavo, obojestranski lepilni trak, ki je prilo\u017een, pa omogo\u010da enostavno namestitev. Ta LED zaslon je odli\u010dna izbira za zamenjavo po\u0161kodovanih zaslonov ali nadgradnjo na vi\u0161jo lo\u010dljivost.<\/p>\n<p>Prosimo, upo\u0161tevajte, da ekran ne vklju\u010duje zgornjih in spodnjih nosilcev. Je v popolnoma novem stanju in pripravljen za namestitev brezhibnega izdelka.<\/p>\n","protected":false},"excerpt":{"rendered":"<p>Nadgradite svoj prenosnik z 15,6-pal\u010dnim 4K UHD LED IPS ekranom HP N10911-001. S podporo za sRGB, matiranim premazom in eDP 40-pinsko povezavo ponuja osupljive vizualne u\u010dinke. Vklju\u010duje obojestranski lepilni trak za enostavno namestitev. Stanje: novo.<\/p>\n","protected":false},"featured_media":7731,"template":"","meta":[],"product_brand":[],"product_cat":[50],"product_tag":[62],"class_list":{"0":"post-7737","1":"product","2":"type-product","3":"status-publish","4":"has-post-thumbnail","6":"product_cat-15-6","7":"product_tag-hp","9":"first","10":"outofstock","11":"taxable","12":"shipping-taxable","13":"purchasable","14":"product-type-simple"},"_links":{"self":[{"href":"https:\/\/pracek.si\/ekrani-za-prenosnike\/wp-json\/wp\/v2\/product\/7737","targetHints":{"allow":["GET"]}}],"collection":[{"href":"https:\/\/pracek.si\/ekrani-za-prenosnike\/wp-json\/wp\/v2\/product"}],"about":[{"href":"https:\/\/pracek.si\/ekrani-za-prenosnike\/wp-json\/wp\/v2\/types\/product"}],"wp:featuredmedia":[{"embeddable":true,"href":"https:\/\/pracek.si\/ekrani-za-prenosnike\/wp-json\/wp\/v2\/media\/7731"}],"wp:attachment":[{"href":"https:\/\/pracek.si\/ekrani-za-prenosnike\/wp-json\/wp\/v2\/media?parent=7737"}],"wp:term":[{"taxonomy":"product_brand","embeddable":true,"href":"https:\/\/pracek.si\/ekrani-za-prenosnike\/wp-json\/wp\/v2\/product_brand?post=7737"},{"taxonomy":"product_cat","embeddable":true,"href":"https:\/\/pracek.si\/ekrani-za-prenosnike\/wp-json\/wp\/v2\/product_cat?post=7737"},{"taxonomy":"product_tag","embeddable":true,"href":"https:\/\/pracek.si\/ekrani-za-prenosnike\/wp-json\/wp\/v2\/product_tag?post=7737"}],"curies":[{"name":"wp","href":"https:\/\/api.w.org\/{rel}","templated":true}]}}