{"id":7738,"date":"2024-09-07T17:47:29","date_gmt":"2024-09-07T17:47:29","guid":{"rendered":"https:\/\/pracek.si\/ekrani-za-prenosnike\/?post_type=product&#038;p=7738"},"modified":"2026-04-16T09:07:37","modified_gmt":"2026-04-16T09:07:37","slug":"hp-n06894-001-lcd-zaslon-156-4k-uhd-ips-mat-srgb-40-pin-z-lepilom-nov","status":"publish","type":"product","link":"https:\/\/pracek.si\/ekrani-za-prenosnike\/product\/hp-n06894-001-lcd-zaslon-156-4k-uhd-ips-mat-srgb-40-pin-z-lepilom-nov\/","title":{"rendered":"HP N06894-001 LCD zaslon 15,6&#8243; 4K UHD IPS mat sRGB 40-pin z lepilom Nov"},"content":{"rendered":"<p><strong>Dejanski model LCD ekrana: B156ZAN03.6 \u2013 popolnoma zdru\u017eljiv z LCD ekranom HP N06894-001<\/strong><\/p>\n<p>Izbolj\u0161ajte vizualno izku\u0161njo svojega prenosnika z LCD zaslonom HP N06894-001 velikosti 15,6&#8243;, ki ponuja osupljivo 4K UHD (3840&#215;2160) lo\u010dljivost. Zasnovan s tehnologijo IPS, ta ekran nudi ostre, \u017eive slike z odli\u010dno barvno natan\u010dnostjo zahvaljujo\u010d barvnemu spektru sRGB. Matirana povr\u0161ina zmanj\u0161uje ble\u0161\u010danje, zato je idealen za uporabo v razli\u010dnih svetlobnih pogojih.<\/p>\n<p>LCD zaslon ima 40-pinski eDP konektor in LED osvetlitev, kar zagotavlja stabilno in energetsko u\u010dinkovito delovanje. Zaslon vklju\u010duje obojestranske lepilne trakove, kar omogo\u010da hitro in enostavno namestitev. Opozarjamo, da izdelek ne vsebuje zgornjih in spodnjih nosilcev.<\/p>\n<p>Idealno za profesionalce, ustvarjalce in vse, ki i\u0161\u010dejo vrhunsko vizualno izku\u0161njo. Zaslon je popolnoma nov in pripravljen za nadgradnjo va\u0161ega prenosnika.<\/p>\n","protected":false},"excerpt":{"rendered":"<p>Nadgradite zaslon svojega prenosnika z LCD zaslonom HP N06894-001 15,6&#8243; 4K UHD. Z matiranim premazom, barvno natan\u010dnostjo sRGB, LED osvetlitvijo in tehnologijo IPS za \u017eive slike. Vklju\u010deni so obojestranski lepilni trakovi za enostavno namestitev. Stanje: novo.<\/p>\n","protected":false},"featured_media":7731,"template":"","meta":[],"product_brand":[],"product_cat":[50],"product_tag":[62],"class_list":{"0":"post-7738","1":"product","2":"type-product","3":"status-publish","4":"has-post-thumbnail","6":"product_cat-15-6","7":"product_tag-hp","9":"first","10":"outofstock","11":"taxable","12":"shipping-taxable","13":"purchasable","14":"product-type-simple"},"_links":{"self":[{"href":"https:\/\/pracek.si\/ekrani-za-prenosnike\/wp-json\/wp\/v2\/product\/7738","targetHints":{"allow":["GET"]}}],"collection":[{"href":"https:\/\/pracek.si\/ekrani-za-prenosnike\/wp-json\/wp\/v2\/product"}],"about":[{"href":"https:\/\/pracek.si\/ekrani-za-prenosnike\/wp-json\/wp\/v2\/types\/product"}],"wp:featuredmedia":[{"embeddable":true,"href":"https:\/\/pracek.si\/ekrani-za-prenosnike\/wp-json\/wp\/v2\/media\/7731"}],"wp:attachment":[{"href":"https:\/\/pracek.si\/ekrani-za-prenosnike\/wp-json\/wp\/v2\/media?parent=7738"}],"wp:term":[{"taxonomy":"product_brand","embeddable":true,"href":"https:\/\/pracek.si\/ekrani-za-prenosnike\/wp-json\/wp\/v2\/product_brand?post=7738"},{"taxonomy":"product_cat","embeddable":true,"href":"https:\/\/pracek.si\/ekrani-za-prenosnike\/wp-json\/wp\/v2\/product_cat?post=7738"},{"taxonomy":"product_tag","embeddable":true,"href":"https:\/\/pracek.si\/ekrani-za-prenosnike\/wp-json\/wp\/v2\/product_tag?post=7738"}],"curies":[{"name":"wp","href":"https:\/\/api.w.org\/{rel}","templated":true}]}}