{"id":7788,"date":"2024-10-22T09:22:32","date_gmt":"2024-10-22T09:22:32","guid":{"rendered":"https:\/\/pracek.si\/ekrani-za-prenosnike\/?post_type=product&#038;p=7788"},"modified":"2025-10-15T12:15:22","modified_gmt":"2025-10-15T12:15:22","slug":"nov-lm156lfcl07-156-mat-full-hd-ips-lcd-ekran-edp-30-pin-trak","status":"publish","type":"product","link":"https:\/\/pracek.si\/ekrani-za-prenosnike\/product\/nov-lm156lfcl07-156-mat-full-hd-ips-lcd-ekran-edp-30-pin-trak\/","title":{"rendered":"Nov LM156LFCL07 15,6&#8243; Mat Full HD IPS LCD Ekran, eDP 30 Pin + Trak"},"content":{"rendered":"<p><strong>Dejanski model ekrana: B156HAN02.1 ali N156HCA-EAB Rev C.4 &#8211; popolnoma zdru\u017eljiv z ekranom LM156LF CL07 07 \/ LM156LFCL07<br \/>\n<\/strong><\/p>\n<p>Nadgradite svoj prenosnik z novim LM156LFCL07 15,6-pal\u010dnim mat IPS LCD zaslonom. U\u017eivajte v osupljivih slikah z Full HD lo\u010dljivostjo (1920&#215;1080) in \u0161irokimi vidnimi koti zahvaljujo\u010d IPS tehnologiji. Ekran ima eDP vmesnik in 30-pinski priklju\u010dek, kar zagotavlja \u0161iroko zdru\u017eljivost. Njegova mat povr\u0161ina zmanj\u0161uje ble\u0161\u010danje, kar omogo\u010da udobno gledanje v razli\u010dnih svetlobnih pogojih. Za va\u0161o udobje je prilo\u017een samolepilni trak, ki olaj\u0161a namestitev. Stanje: Novo.<\/p>\n<p>&nbsp;<\/p>\n","protected":false},"excerpt":{"rendered":"<p>Popolnoma nov LM156LFCL07 15,6-pal\u010dni mat IPS LCD zaslon z Full HD lo\u010dljivostjo (1920&#215;1080). Vsebuje eDP vmesnik s 30-pinskim priklju\u010dkom. Prilo\u017een je samolepilni trak za enostavno namestitev.<\/p>\n","protected":false},"featured_media":7319,"template":"","meta":[],"product_brand":[],"product_cat":[50],"product_tag":[59],"class_list":{"0":"post-7788","1":"product","2":"type-product","3":"status-publish","4":"has-post-thumbnail","6":"product_cat-15-6","7":"product_tag-acer","9":"first","10":"instock","11":"taxable","12":"shipping-taxable","13":"purchasable","14":"product-type-simple"},"_links":{"self":[{"href":"https:\/\/pracek.si\/ekrani-za-prenosnike\/wp-json\/wp\/v2\/product\/7788","targetHints":{"allow":["GET"]}}],"collection":[{"href":"https:\/\/pracek.si\/ekrani-za-prenosnike\/wp-json\/wp\/v2\/product"}],"about":[{"href":"https:\/\/pracek.si\/ekrani-za-prenosnike\/wp-json\/wp\/v2\/types\/product"}],"wp:featuredmedia":[{"embeddable":true,"href":"https:\/\/pracek.si\/ekrani-za-prenosnike\/wp-json\/wp\/v2\/media\/7319"}],"wp:attachment":[{"href":"https:\/\/pracek.si\/ekrani-za-prenosnike\/wp-json\/wp\/v2\/media?parent=7788"}],"wp:term":[{"taxonomy":"product_brand","embeddable":true,"href":"https:\/\/pracek.si\/ekrani-za-prenosnike\/wp-json\/wp\/v2\/product_brand?post=7788"},{"taxonomy":"product_cat","embeddable":true,"href":"https:\/\/pracek.si\/ekrani-za-prenosnike\/wp-json\/wp\/v2\/product_cat?post=7788"},{"taxonomy":"product_tag","embeddable":true,"href":"https:\/\/pracek.si\/ekrani-za-prenosnike\/wp-json\/wp\/v2\/product_tag?post=7788"}],"curies":[{"name":"wp","href":"https:\/\/api.w.org\/{rel}","templated":true}]}}