{"id":7815,"date":"2024-11-04T19:07:53","date_gmt":"2024-11-04T19:07:53","guid":{"rendered":"https:\/\/pracek.si\/ekrani-za-prenosnike\/?post_type=product&#038;p=7815"},"modified":"2024-12-12T08:37:16","modified_gmt":"2024-12-12T08:37:16","slug":"lcd-zaslon-za-hp-17-bs-173-hd-30-pin-mat-ne-touch-nov","status":"publish","type":"product","link":"https:\/\/pracek.si\/ekrani-za-prenosnike\/product\/lcd-zaslon-za-hp-17-bs-173-hd-30-pin-mat-ne-touch-nov\/","title":{"rendered":"LCD zaslon za HP 17-BS 17,3&#8243; HD+ 30 pin mat ne-touch nov"},"content":{"rendered":"<p><strong>Dejanski model LCD ekrana: NT173WDM-N27 \u2013 popolnoma zdru\u017eljiv z LCD ekranom za prenosnik HP 17-BS series from 17-BS000 &#8211; 17-BS099 &#8211; non-touch<\/strong><\/p>\n<p>Izbolj\u0161ajte svoj prenosnik HP serije 17-BS z visokokakovostnim LCD zaslonom velikosti 17,3&#8243;. Zasnovan posebej za modele serije 17-BS000 do 17-BS099, ta zaslon ponuja lo\u010dljivost 1600&#215;900 HD+, ki zagotavlja ostro in jasno sliko, idealno za vsakodnevna opravila. Mat povr\u0161ina zmanj\u0161uje ble\u0161\u010danje, kar je primerno za razli\u010dne svetlobne pogoje.<\/p>\n<p>LCD zaslon ima 30-pinski priklju\u010dek in vklju\u010duje zgornje ter spodnje nosilce, kar zagotavlja varno pritrditev in enostavno namestitev. Upo\u0161tevajte, da gre za ne-touch zaslon in ni IPS, kar ga naredi zanesljivo izbiro za splo\u0161no uporabo.<\/p>\n<p>Ker je zaslon v popolnoma novem stanju, ste lahko prepri\u010dani, da bo ta nadomestni zaslon deloval brezhibno, kar vam omogo\u010da, da prenosnik uporabljate brez te\u017eav, ki jih povzro\u010da po\u0161kodovan zaslon.<\/p>\n","protected":false},"excerpt":{"rendered":"<p>Nadgradite svoj prenosnik HP serije 17-BS z novim 17,3&#8243; LCD zaslonom. Z mat zaklju\u010dkom, lo\u010dljivostjo 1600&#215;900 HD+ in 30-pinskim priklju\u010dkom je ta ne-touch zaslon popoln za zamenjavo po\u0161kodovanih zaslonov. Zgornje in spodnje nosilce so prilo\u017eeni za enostavno namestitev.<\/p>\n","protected":false},"featured_media":7814,"template":"","meta":[],"product_brand":[],"product_cat":[52],"product_tag":[62],"class_list":{"0":"post-7815","1":"product","2":"type-product","3":"status-publish","4":"has-post-thumbnail","6":"product_cat-17-3","7":"product_tag-hp","9":"first","10":"instock","11":"taxable","12":"shipping-taxable","13":"purchasable","14":"product-type-simple"},"_links":{"self":[{"href":"https:\/\/pracek.si\/ekrani-za-prenosnike\/wp-json\/wp\/v2\/product\/7815","targetHints":{"allow":["GET"]}}],"collection":[{"href":"https:\/\/pracek.si\/ekrani-za-prenosnike\/wp-json\/wp\/v2\/product"}],"about":[{"href":"https:\/\/pracek.si\/ekrani-za-prenosnike\/wp-json\/wp\/v2\/types\/product"}],"wp:featuredmedia":[{"embeddable":true,"href":"https:\/\/pracek.si\/ekrani-za-prenosnike\/wp-json\/wp\/v2\/media\/7814"}],"wp:attachment":[{"href":"https:\/\/pracek.si\/ekrani-za-prenosnike\/wp-json\/wp\/v2\/media?parent=7815"}],"wp:term":[{"taxonomy":"product_brand","embeddable":true,"href":"https:\/\/pracek.si\/ekrani-za-prenosnike\/wp-json\/wp\/v2\/product_brand?post=7815"},{"taxonomy":"product_cat","embeddable":true,"href":"https:\/\/pracek.si\/ekrani-za-prenosnike\/wp-json\/wp\/v2\/product_cat?post=7815"},{"taxonomy":"product_tag","embeddable":true,"href":"https:\/\/pracek.si\/ekrani-za-prenosnike\/wp-json\/wp\/v2\/product_tag?post=7815"}],"curies":[{"name":"wp","href":"https:\/\/api.w.org\/{rel}","templated":true}]}}