{"id":7820,"date":"2024-11-05T07:56:49","date_gmt":"2024-11-05T07:56:49","guid":{"rendered":"https:\/\/pracek.si\/ekrani-za-prenosnike\/?post_type=product&#038;p=7820"},"modified":"2024-12-12T08:37:16","modified_gmt":"2024-12-12T08:37:16","slug":"hp-pavilion-17-y-series-173-hd-mat-lcd-zaslon-30-pin-z-nosilci-nov","status":"publish","type":"product","link":"https:\/\/pracek.si\/ekrani-za-prenosnike\/product\/hp-pavilion-17-y-series-173-hd-mat-lcd-zaslon-30-pin-z-nosilci-nov\/","title":{"rendered":"HP Pavilion 17-Y Series 17,3&#8243; HD+ mat LCD zaslon 30-pin z nosilci Nov"},"content":{"rendered":"<p><strong>Dejanski model LCD ekrana: NT173WDM-N27 \u2013 popolnoma zdru\u017eljiv z LCD ekranom za prenosnik HP Pavilion 17-Y SERIES &#8211; non-touch<\/strong><\/p>\n<p>Ta 17,3&#8243; HD+ LCD zaslon je idealna zamenjava za prenosnike HP Pavilion 17-Y Series, saj zagotavlja jasne in ostre slike z lo\u010dljivostjo 1600&#215;900. Zaslon ima mat povr\u0161ino, ki zmanj\u0161uje ble\u0161\u010danje, kar omogo\u010da udobno uporabo v razli\u010dnih svetlobnih pogojih. Z LED osvetlitvijo in eDP 30-pinskim priklopom omogo\u010da u\u010dinkovito porabo energije ter ohranja svetlost.<\/p>\n<p>Zaslon je pripravljen za enostavno namestitev, saj vsebuje tako zgornje kot spodnje nosilce, kar omogo\u010da preprosto nadgradnjo va\u0161ega prenosnika. Prosimo, upo\u0161tevajte, da je zaslon brez dotika in ni IPS, vendar kljub temu zagotavlja zanesljivo delovanje po ugodni ceni.<\/p>\n<p>Ne glede na to, ali zamenjujete po\u0161kodovan zaslon ali nadgrajujete prikaz, ta novi zaslon ponuja kakovostno in jasno re\u0161itev, prilagojeno prenosnikom HP Pavilion 17-Y Series.<\/p>\n","protected":false},"excerpt":{"rendered":"<p>Zamenjajte zaslon svojega prenosnika HP Pavilion 17-Y Series s tem 17,3&#8243; HD+ matiranim LCD zaslonom. Ponuja lo\u010dljivost 1600&#215;900, eDP 30-pinski priklop in LED osvetlitev ter vklju\u010duje zgornje in spodnje nosilce za preprosto namestitev. Stanje: novo.<\/p>\n","protected":false},"featured_media":7814,"template":"","meta":[],"product_brand":[],"product_cat":[52],"product_tag":[62],"class_list":{"0":"post-7820","1":"product","2":"type-product","3":"status-publish","4":"has-post-thumbnail","6":"product_cat-17-3","7":"product_tag-hp","9":"first","10":"instock","11":"taxable","12":"shipping-taxable","13":"purchasable","14":"product-type-simple"},"_links":{"self":[{"href":"https:\/\/pracek.si\/ekrani-za-prenosnike\/wp-json\/wp\/v2\/product\/7820","targetHints":{"allow":["GET"]}}],"collection":[{"href":"https:\/\/pracek.si\/ekrani-za-prenosnike\/wp-json\/wp\/v2\/product"}],"about":[{"href":"https:\/\/pracek.si\/ekrani-za-prenosnike\/wp-json\/wp\/v2\/types\/product"}],"wp:featuredmedia":[{"embeddable":true,"href":"https:\/\/pracek.si\/ekrani-za-prenosnike\/wp-json\/wp\/v2\/media\/7814"}],"wp:attachment":[{"href":"https:\/\/pracek.si\/ekrani-za-prenosnike\/wp-json\/wp\/v2\/media?parent=7820"}],"wp:term":[{"taxonomy":"product_brand","embeddable":true,"href":"https:\/\/pracek.si\/ekrani-za-prenosnike\/wp-json\/wp\/v2\/product_brand?post=7820"},{"taxonomy":"product_cat","embeddable":true,"href":"https:\/\/pracek.si\/ekrani-za-prenosnike\/wp-json\/wp\/v2\/product_cat?post=7820"},{"taxonomy":"product_tag","embeddable":true,"href":"https:\/\/pracek.si\/ekrani-za-prenosnike\/wp-json\/wp\/v2\/product_tag?post=7820"}],"curies":[{"name":"wp","href":"https:\/\/api.w.org\/{rel}","templated":true}]}}