{"id":7823,"date":"2024-11-05T08:40:39","date_gmt":"2024-11-05T08:40:39","guid":{"rendered":"https:\/\/pracek.si\/ekrani-za-prenosnike\/?post_type=product&#038;p=7823"},"modified":"2024-12-12T08:38:45","modified_gmt":"2024-12-12T08:38:45","slug":"lcd-zaslon-za-acer-aspire-5-pro-a517-51p-17-3-hd-30-pin-nov","status":"publish","type":"product","link":"https:\/\/pracek.si\/ekrani-za-prenosnike\/product\/lcd-zaslon-za-acer-aspire-5-pro-a517-51p-17-3-hd-30-pin-nov\/","title":{"rendered":"LCD Zaslon za Acer ASPIRE 5 PRO A517-51P 17.3&#8243; HD+ 30-pin Nov"},"content":{"rendered":"<p><strong>Dejanski model LCD ekrana: NT173WDM-N27 \u2013 popolnoma zdru\u017eljiv z LCD ekranom za prenosnik Acer ASPIRE 5 PRO A517-51P-32GB &#8211; non-touch<\/strong><\/p>\n<p>Izbolj\u0161ajte izku\u0161njo uporabe va\u0161ega prenosnika s kakovostnim LCD zaslonom, zasnovanim posebej za model Acer ASPIRE 5 PRO A517-51P-32GB. Ta 17.3&#8243; zaslon nudi lo\u010dljivost 1600&#215;900 HD+, kar zagotavlja ostre in \u017eivahne slike, kar vse od brskanja po spletu do gledanja filmov naredi bolj prijetno. Matirana povr\u0161ina zmanj\u0161uje odseve, kar omogo\u010da udobno gledanje v razli\u010dnih svetlobnih pogojih.<\/p>\n<p>Opremljen s 30-pinskim eDP priklju\u010dkom, ta zaslon zagotavlja stabilno in varno povezavo z va\u0161im prenosnikom. Pomembno je omeniti, da gre za zaslon brez funkcije na dotik, ki ima standardno LED osvetlitev, kar ga dela zanesljivo izbiro za vsakodnevno uporabo. Zgornji in spodnji nosilci vklju\u010deni v paket olaj\u0161ajo namestitev, tako da lahko hitro ponovno za\u017eenete svoj prenosnik.<\/p>\n<p>Z novim stanjem je ta LCD zaslon brez napak in pripravljen za optimalno delovanje. O\u017eivite zaslon svojega prenosnika in u\u017eivajte v bolj\u0161i vizualni izku\u0161nji \u017ee danes!<\/p>\n","protected":false},"excerpt":{"rendered":"<p>Nadgradite svoj prenosnik Acer ASPIRE 5 PRO A517-51P-32GB z novim 17.3&#8243; LCD zaslonom. Ponuja lo\u010dljivost 1600&#215;900 HD+, matirano povr\u0161ino in 30-pinsko eDP povezavo, kar zagotavlja jasne slike. Vklju\u010duje zgornje in spodnje nosilce za enostavno namestitev. Stanje: novo.<\/p>\n","protected":false},"featured_media":7814,"template":"","meta":[],"product_brand":[],"product_cat":[52],"product_tag":[59],"class_list":{"0":"post-7823","1":"product","2":"type-product","3":"status-publish","4":"has-post-thumbnail","6":"product_cat-17-3","7":"product_tag-acer","9":"first","10":"instock","11":"taxable","12":"shipping-taxable","13":"purchasable","14":"product-type-simple"},"_links":{"self":[{"href":"https:\/\/pracek.si\/ekrani-za-prenosnike\/wp-json\/wp\/v2\/product\/7823","targetHints":{"allow":["GET"]}}],"collection":[{"href":"https:\/\/pracek.si\/ekrani-za-prenosnike\/wp-json\/wp\/v2\/product"}],"about":[{"href":"https:\/\/pracek.si\/ekrani-za-prenosnike\/wp-json\/wp\/v2\/types\/product"}],"wp:featuredmedia":[{"embeddable":true,"href":"https:\/\/pracek.si\/ekrani-za-prenosnike\/wp-json\/wp\/v2\/media\/7814"}],"wp:attachment":[{"href":"https:\/\/pracek.si\/ekrani-za-prenosnike\/wp-json\/wp\/v2\/media?parent=7823"}],"wp:term":[{"taxonomy":"product_brand","embeddable":true,"href":"https:\/\/pracek.si\/ekrani-za-prenosnike\/wp-json\/wp\/v2\/product_brand?post=7823"},{"taxonomy":"product_cat","embeddable":true,"href":"https:\/\/pracek.si\/ekrani-za-prenosnike\/wp-json\/wp\/v2\/product_cat?post=7823"},{"taxonomy":"product_tag","embeddable":true,"href":"https:\/\/pracek.si\/ekrani-za-prenosnike\/wp-json\/wp\/v2\/product_tag?post=7823"}],"curies":[{"name":"wp","href":"https:\/\/api.w.org\/{rel}","templated":true}]}}