{"id":7825,"date":"2024-11-05T08:58:48","date_gmt":"2024-11-05T08:58:48","guid":{"rendered":"https:\/\/pracek.si\/ekrani-za-prenosnike\/?post_type=product&#038;p=7825"},"modified":"2024-12-12T08:39:16","modified_gmt":"2024-12-12T08:39:16","slug":"lcd-zaslon-za-asus-vivobook-x705ma-x705mb-x705qa-173-hd-30-pin-nov","status":"publish","type":"product","link":"https:\/\/pracek.si\/ekrani-za-prenosnike\/product\/lcd-zaslon-za-asus-vivobook-x705ma-x705mb-x705qa-173-hd-30-pin-nov\/","title":{"rendered":"LCD Zaslon za ASUS VIVOBOOK X705MA X705MB X705QA 17,3&#8243; HD+ 30-Pin Nov"},"content":{"rendered":"<p><strong>Dejanski model LCD ekrana: NT173WDM-N27 \u2013 popolnoma zdru\u017eljiv z LCD ekranom za prenosnik ASUS VIVOBOOK X705MA X705MB X705QA- non-touch<\/strong><\/p>\n<p>Nadgradite svoj ASUS VIVOBOOK z visoko kakovostnim 17,3&#8243; LCD zaslonom, zdru\u017eljivim z modeli X705MA, X705MB in X705QA. Ta zaslon ima lo\u010dljivost 1600&#215;900 HD+, kar zagotavlja ostra in jasna prizora za vse va\u0161e ra\u010dunalni\u0161ke potrebe. Mat povr\u0161ina zmanj\u0161uje ble\u0161\u010danje, kar ga dela idealnega za razli\u010dne svetlobne pogoje, medtem ko 30-pinska eDP povezava zagotavlja varno povezavo z va\u0161im prenosnikom.<\/p>\n<p>Zaslon je zasnovan kot zaslon brez dotika, kar ga naredi popolnega za uporabnike, ki raje uporabljajo tradicionalno izku\u0161njo prenosnika. Zaslon prihaja z zgornjimi in spodnjimi nosilci za enostavno namestitev, kar vam omogo\u010da, da z minimalnim naporom zamenjate star ali po\u0161kodovan zaslon. Ta LCD zaslon je v popolnoma novem stanju, kar zagotavlja, da prejmete brezhiben izdelek, ki izbolj\u0161a delovanje va\u0161ega prenosnika.<\/p>\n","protected":false},"excerpt":{"rendered":"<p>Zamenjajte prikaz svojega prenosnika z novim 17,3&#8243; LCD zaslonom za ASUS VIVOBOOK X705MA, X705MB in X705QA. Z lo\u010dljivostjo 1600&#215;900 HD+, mat povr\u0161ino in 30-pinsko eDP povezavo ta zaslon brez dotika nudi zanesljive zmogljivosti. Vklju\u010deni so zgornji in spodnji nosilci.<\/p>\n","protected":false},"featured_media":7814,"template":"","meta":[],"product_brand":[],"product_cat":[52],"product_tag":[58],"class_list":{"0":"post-7825","1":"product","2":"type-product","3":"status-publish","4":"has-post-thumbnail","6":"product_cat-17-3","7":"product_tag-asus","9":"first","10":"instock","11":"taxable","12":"shipping-taxable","13":"purchasable","14":"product-type-simple"},"_links":{"self":[{"href":"https:\/\/pracek.si\/ekrani-za-prenosnike\/wp-json\/wp\/v2\/product\/7825","targetHints":{"allow":["GET"]}}],"collection":[{"href":"https:\/\/pracek.si\/ekrani-za-prenosnike\/wp-json\/wp\/v2\/product"}],"about":[{"href":"https:\/\/pracek.si\/ekrani-za-prenosnike\/wp-json\/wp\/v2\/types\/product"}],"wp:featuredmedia":[{"embeddable":true,"href":"https:\/\/pracek.si\/ekrani-za-prenosnike\/wp-json\/wp\/v2\/media\/7814"}],"wp:attachment":[{"href":"https:\/\/pracek.si\/ekrani-za-prenosnike\/wp-json\/wp\/v2\/media?parent=7825"}],"wp:term":[{"taxonomy":"product_brand","embeddable":true,"href":"https:\/\/pracek.si\/ekrani-za-prenosnike\/wp-json\/wp\/v2\/product_brand?post=7825"},{"taxonomy":"product_cat","embeddable":true,"href":"https:\/\/pracek.si\/ekrani-za-prenosnike\/wp-json\/wp\/v2\/product_cat?post=7825"},{"taxonomy":"product_tag","embeddable":true,"href":"https:\/\/pracek.si\/ekrani-za-prenosnike\/wp-json\/wp\/v2\/product_tag?post=7825"}],"curies":[{"name":"wp","href":"https:\/\/api.w.org\/{rel}","templated":true}]}}