{"id":7829,"date":"2024-11-05T17:51:20","date_gmt":"2024-11-05T17:51:20","guid":{"rendered":"https:\/\/pracek.si\/ekrani-za-prenosnike\/?post_type=product&#038;p=7829"},"modified":"2024-11-05T17:51:20","modified_gmt":"2024-11-05T17:51:20","slug":"173-lcd-zaslon-7qk06ua-hd-1600x900-mat-edp-30-pin-z-nosilci-nov","status":"publish","type":"product","link":"https:\/\/pracek.si\/ekrani-za-prenosnike\/product\/173-lcd-zaslon-7qk06ua-hd-1600x900-mat-edp-30-pin-z-nosilci-nov\/","title":{"rendered":"17,3&#8243; LCD zaslon 7QK06UA HD+ 1600&#215;900 mat eDP 30-pin z nosilci Nov"},"content":{"rendered":"<p><strong>Dejanski model LCD ekrana: NT173WDM-N27 \u2013 popolnoma zdru\u017eljiv z LCD ekranom 7QK06UA<\/strong><\/p>\n<p>Izbolj\u0161ajte vizualno izku\u0161njo na va\u0161em prenosniku s tem kakovostnim 17,3&#8243; LCD zaslonom, zasnovanim za zdru\u017eljivost z modelom 7QK06UA. Ta zaslon brez dotika ponuja HD+ lo\u010dljivost (1600&#215;900), kar omogo\u010da jasne in \u010diste slike, primerne za vsakodnevno uporabo. Matirana povr\u0161ina zmanj\u0161uje ble\u0161\u010danje in odseve, zaradi \u010desar je zaslon primeren za razli\u010dne svetlobne pogoje.<\/p>\n<p>Z eDP 30-pinskim priklju\u010dkom ta zaslon zagotavlja zanesljivo povezavo in gladko delovanje. Za razliko od IPS zaslonov ta LED zaslon brez IPS tehnologije nudi standardno globino barv in kote gledanja, kar je primerno za osnovno ra\u010dunalni\u0161ko uporabo. Prilo\u017eeni zgornji in spodnji nosilci omogo\u010dajo varno namestitev, da zaslon stabilno ustreza va\u0161i napravi.<\/p>\n<p>Ta LCD zaslon je popolnoma nov in izdelan za dolgotrajno nadgradnjo va\u0161ega prenosnika.<\/p>\n","protected":false},"excerpt":{"rendered":"<p>Nadgradite prikaz na va\u0161em prenosniku z 17,3&#8243; LCD zaslonom za model 7QK06UA. Zaslon z lo\u010dljivostjo HD+ (1600&#215;900), matirano povr\u0161ino in zgornjim ter spodnjim nosilcem za varno pritrditev. Stanje: novo.<\/p>\n","protected":false},"featured_media":7814,"template":"","meta":[],"product_brand":[],"product_cat":[52],"product_tag":[],"class_list":{"0":"post-7829","1":"product","2":"type-product","3":"status-publish","4":"has-post-thumbnail","6":"product_cat-17-3","8":"first","9":"instock","10":"taxable","11":"shipping-taxable","12":"purchasable","13":"product-type-simple"},"_links":{"self":[{"href":"https:\/\/pracek.si\/ekrani-za-prenosnike\/wp-json\/wp\/v2\/product\/7829","targetHints":{"allow":["GET"]}}],"collection":[{"href":"https:\/\/pracek.si\/ekrani-za-prenosnike\/wp-json\/wp\/v2\/product"}],"about":[{"href":"https:\/\/pracek.si\/ekrani-za-prenosnike\/wp-json\/wp\/v2\/types\/product"}],"wp:featuredmedia":[{"embeddable":true,"href":"https:\/\/pracek.si\/ekrani-za-prenosnike\/wp-json\/wp\/v2\/media\/7814"}],"wp:attachment":[{"href":"https:\/\/pracek.si\/ekrani-za-prenosnike\/wp-json\/wp\/v2\/media?parent=7829"}],"wp:term":[{"taxonomy":"product_brand","embeddable":true,"href":"https:\/\/pracek.si\/ekrani-za-prenosnike\/wp-json\/wp\/v2\/product_brand?post=7829"},{"taxonomy":"product_cat","embeddable":true,"href":"https:\/\/pracek.si\/ekrani-za-prenosnike\/wp-json\/wp\/v2\/product_cat?post=7829"},{"taxonomy":"product_tag","embeddable":true,"href":"https:\/\/pracek.si\/ekrani-za-prenosnike\/wp-json\/wp\/v2\/product_tag?post=7829"}],"curies":[{"name":"wp","href":"https:\/\/api.w.org\/{rel}","templated":true}]}}