{"id":7830,"date":"2024-11-05T18:00:31","date_gmt":"2024-11-05T18:00:31","guid":{"rendered":"https:\/\/pracek.si\/ekrani-za-prenosnike\/?post_type=product&#038;p=7830"},"modified":"2024-11-05T18:00:31","modified_gmt":"2024-11-05T18:00:31","slug":"l22563-001-l22733-001-17-3-lcd-zaslon-hd-mat-30-pin-edp-z-nosilci-nov","status":"publish","type":"product","link":"https:\/\/pracek.si\/ekrani-za-prenosnike\/product\/l22563-001-l22733-001-17-3-lcd-zaslon-hd-mat-30-pin-edp-z-nosilci-nov\/","title":{"rendered":"L22563-001\/L22733-001 17.3&#8243; LCD Zaslon HD+ Mat 30 Pin eDP z nosilci Nov"},"content":{"rendered":"<p><strong>Dejanski model LCD ekrana: NT173WDM-N27 \u2013 popolnoma zdru\u017eljiv z LCD ekranom L22563-001 L22733-001<\/strong><\/p>\n<p>Izbolj\u0161ajte prikaz svojega prenosnika z LCD zaslonom L22563-001 \/ L22733-001 velikosti 17,3&#8243; brez dotika, ki ponuja o\u0161tri HD+ lo\u010dljivosti 1600&#215;900. S LED osvetlitvijo ta zaslon zagotavlja energijsko u\u010dinkovito svetlost in jasnost, kar je idealno za vsakodnevno ra\u010dunalni\u0161ko delo. Mat povr\u0161ina zmanj\u0161uje ble\u0161\u010danje in omogo\u010da udobno gledanje v razli\u010dnih svetlobnih pogojih.<\/p>\n<p>Zaslon je opremljen s 30-pinsko eDP povezavo, kar zagotavlja trdno in zanesljivo povezavo. V paketu so vklju\u010deni zgornji in spodnji nosilci, kar omogo\u010da enostavno namestitev ali zamenjavo v zdru\u017eljivih prenosnikih. Ta zaslon ni IPS, vendar zagotavlja zanesljivo kakovost za osnovne potrebe, hkrati pa ohranja odli\u010dno lo\u010dljivost in jasne slike.<\/p>\n<p>Zaslon je v novem stanju, kar zagotavlja visoko zmogljivost takoj po pakiranju, kar je popolno za popravilo ali nadgradnjo zaslona va\u0161ega prenosnika.<\/p>\n","protected":false},"excerpt":{"rendered":"<p>Nadgradite svoj prenosnik z LCD zaslonom L22563-001 \/ L22733-001 velikosti 17,3&#8243; brez dotika. Z HD+ lo\u010dljivostjo 1600&#215;900, mat povr\u0161ino in 30-pinsko eDP povezavo, ta zaslon zagotavlja jasne in podrobne slike. Vklju\u010deni so zgornji in spodnji nosilci za enostavno namestitev. Stanje: novo.<\/p>\n","protected":false},"featured_media":7814,"template":"","meta":[],"product_brand":[],"product_cat":[52],"product_tag":[],"class_list":{"0":"post-7830","1":"product","2":"type-product","3":"status-publish","4":"has-post-thumbnail","6":"product_cat-17-3","8":"first","9":"instock","10":"taxable","11":"shipping-taxable","12":"purchasable","13":"product-type-simple"},"_links":{"self":[{"href":"https:\/\/pracek.si\/ekrani-za-prenosnike\/wp-json\/wp\/v2\/product\/7830","targetHints":{"allow":["GET"]}}],"collection":[{"href":"https:\/\/pracek.si\/ekrani-za-prenosnike\/wp-json\/wp\/v2\/product"}],"about":[{"href":"https:\/\/pracek.si\/ekrani-za-prenosnike\/wp-json\/wp\/v2\/types\/product"}],"wp:featuredmedia":[{"embeddable":true,"href":"https:\/\/pracek.si\/ekrani-za-prenosnike\/wp-json\/wp\/v2\/media\/7814"}],"wp:attachment":[{"href":"https:\/\/pracek.si\/ekrani-za-prenosnike\/wp-json\/wp\/v2\/media?parent=7830"}],"wp:term":[{"taxonomy":"product_brand","embeddable":true,"href":"https:\/\/pracek.si\/ekrani-za-prenosnike\/wp-json\/wp\/v2\/product_brand?post=7830"},{"taxonomy":"product_cat","embeddable":true,"href":"https:\/\/pracek.si\/ekrani-za-prenosnike\/wp-json\/wp\/v2\/product_cat?post=7830"},{"taxonomy":"product_tag","embeddable":true,"href":"https:\/\/pracek.si\/ekrani-za-prenosnike\/wp-json\/wp\/v2\/product_tag?post=7830"}],"curies":[{"name":"wp","href":"https:\/\/api.w.org\/{rel}","templated":true}]}}