{"id":7835,"date":"2024-11-05T18:23:53","date_gmt":"2024-11-05T18:23:53","guid":{"rendered":"https:\/\/pracek.si\/ekrani-za-prenosnike\/?post_type=product&#038;p=7835"},"modified":"2024-11-05T18:23:53","modified_gmt":"2024-11-05T18:23:53","slug":"n173fga-e44-17-3-lcd-zaslon-hd-1600x900-30-pin-brez-dotika-nov","status":"publish","type":"product","link":"https:\/\/pracek.si\/ekrani-za-prenosnike\/product\/n173fga-e44-17-3-lcd-zaslon-hd-1600x900-30-pin-brez-dotika-nov\/","title":{"rendered":"N173FGA-E44 17.3&#8243; LCD Zaslon HD+ 1600&#215;900 30-pin Brez Dotika Nov"},"content":{"rendered":"<p><strong>Dejanski model LCD ekrana: NT173WDM-N27 \u2013 popolnoma zdru\u017eljiv z LCD ekranom 842648-3G1<\/strong><\/p>\n<p>O\u017eivite izku\u0161njo svojega prenosnika z N173FGA-E44 17.3&#8243; LCD zaslonom, zasnovanim za optimalno zmogljivost in vizualno jasnost. Ta zaslon brez dotika ponuja lo\u010dljivost 1600&#215;900 HD+, kar zagotavlja ostre in \u017eivahne slike za vsakodnevne naloge ter u\u017eivanje v multimediji. Mat povr\u0161ina zmanj\u0161uje ble\u0161\u010danje, kar je idealno za razli\u010dne svetlobne pogoje in zagotavlja udobno gledanje, ne glede na to, ali delate ali gledate videe.<\/p>\n<p>S 30-pinskim konektorjem in EDP povezavo je ta zaslon enostaven za namestitev ter zdru\u017eljiv z mnogimi modeli prenosnikov. Prosimo, upo\u0161tevajte, da ta zaslon prihaja z zgornjimi in spodnjimi nosilci za dodatno stabilnost med namestitvijo. Zaslon je v popolnoma novem stanju, kar zagotavlja, da prejmete visokokakovosten izdelek, pripravljen za izbolj\u0161anje funkcionalnosti va\u0161ega prenosnika.<\/p>\n","protected":false},"excerpt":{"rendered":"<p>Nadgradite svoj prenosnik z N173FGA-E44 17.3&#8243; LCD zaslonom. Z 30-pinsko povezavo, HD+ lo\u010dljivostjo (1600&#215;900) in mat povr\u0161ino je ta zaslon brez dotika idealen za va\u0161e ra\u010dunalni\u0161ke potrebe. Stanje: novo.<\/p>\n","protected":false},"featured_media":7814,"template":"","meta":[],"product_brand":[],"product_cat":[52],"product_tag":[],"class_list":{"0":"post-7835","1":"product","2":"type-product","3":"status-publish","4":"has-post-thumbnail","6":"product_cat-17-3","8":"first","9":"instock","10":"taxable","11":"shipping-taxable","12":"purchasable","13":"product-type-simple"},"_links":{"self":[{"href":"https:\/\/pracek.si\/ekrani-za-prenosnike\/wp-json\/wp\/v2\/product\/7835","targetHints":{"allow":["GET"]}}],"collection":[{"href":"https:\/\/pracek.si\/ekrani-za-prenosnike\/wp-json\/wp\/v2\/product"}],"about":[{"href":"https:\/\/pracek.si\/ekrani-za-prenosnike\/wp-json\/wp\/v2\/types\/product"}],"wp:featuredmedia":[{"embeddable":true,"href":"https:\/\/pracek.si\/ekrani-za-prenosnike\/wp-json\/wp\/v2\/media\/7814"}],"wp:attachment":[{"href":"https:\/\/pracek.si\/ekrani-za-prenosnike\/wp-json\/wp\/v2\/media?parent=7835"}],"wp:term":[{"taxonomy":"product_brand","embeddable":true,"href":"https:\/\/pracek.si\/ekrani-za-prenosnike\/wp-json\/wp\/v2\/product_brand?post=7835"},{"taxonomy":"product_cat","embeddable":true,"href":"https:\/\/pracek.si\/ekrani-za-prenosnike\/wp-json\/wp\/v2\/product_cat?post=7835"},{"taxonomy":"product_tag","embeddable":true,"href":"https:\/\/pracek.si\/ekrani-za-prenosnike\/wp-json\/wp\/v2\/product_tag?post=7835"}],"curies":[{"name":"wp","href":"https:\/\/api.w.org\/{rel}","templated":true}]}}