{"id":7836,"date":"2024-11-05T18:30:54","date_gmt":"2024-11-05T18:30:54","guid":{"rendered":"https:\/\/pracek.si\/ekrani-za-prenosnike\/?post_type=product&#038;p=7836"},"modified":"2024-11-23T08:01:33","modified_gmt":"2024-11-23T08:01:33","slug":"mb116an01-3-lcd-zaslon-11-6-hd-1366x768-ne-dotik-30-pinsko-novo","status":"publish","type":"product","link":"https:\/\/pracek.si\/ekrani-za-prenosnike\/product\/mb116an01-3-lcd-zaslon-11-6-hd-1366x768-ne-dotik-30-pinsko-novo\/","title":{"rendered":"MB116AN01-3 LCD Zaslon 11.6&#8243; HD 1366&#215;768 Ne-dotik 30-pinsko Novo"},"content":{"rendered":"<p>Izbolj\u0161ajte prikaz svojega prenosnika z LCD zaslonom MB116AN01-3 ver 1.1, ki je zasnovan za brezskrbno delovanje in jasno sliko. Ta 11,6&#8243; \u0161iroki panel ponuja lo\u010dljivost 1366&#215;768 HD, kar zagotavlja ostre slike in \u017eive barve za va\u0161e vsakodnevne ra\u010dunalni\u0161ke potrebe. Matirana povr\u0161ina zmanj\u0161uje ble\u0161\u010danje, kar omogo\u010da udobno gledanje, bodisi da delate v notranjosti bodisi na prostem.<\/p>\n<p>Z opremo 30-pinskega konektorja je ta zaslon zdru\u017eljiv z razli\u010dnimi modeli prenosnikov, kar ga naredi odli\u010dna izbira za tiste, ki \u017eelijo zamenjati ali nadgraditi svoj trenutni zaslon. Zaslon vklju\u010duje tako levi kot desni nosilec, kar olaj\u0161a postopek namestitve.<\/p>\n<p>Upo\u0161tevajte, da gre za ne-dotikajo\u010di zaslon, ki ima LED osvetlitev in eDP tehnologijo. Je v popolnoma novem stanju, kar zagotavlja, da prejmete zanesljiv izdelek, ki deluje po pri\u010dakovanjih.<\/p>\n","protected":false},"excerpt":{"rendered":"<p>Nadgradite svoj prenosnik z LCD zaslonom MB116AN01-3 ver 1.1. Ta ne-dotikajo\u010di 11,6&#8243; \u0161iroki zaslon ponuja lo\u010dljivost 1366&#215;768 HD, 30-pinsko povezavo in matirano povr\u0161ino. Vklju\u010dene so levi in desni nosilci za enostavno namestitev. Stanje: novo.<\/p>\n","protected":false},"featured_media":7837,"template":"","meta":[],"product_brand":[],"product_cat":[78],"product_tag":[],"class_list":{"0":"post-7836","1":"product","2":"type-product","3":"status-publish","4":"has-post-thumbnail","6":"product_cat-11-6","8":"first","9":"instock","10":"taxable","11":"shipping-taxable","12":"purchasable","13":"product-type-simple"},"_links":{"self":[{"href":"https:\/\/pracek.si\/ekrani-za-prenosnike\/wp-json\/wp\/v2\/product\/7836","targetHints":{"allow":["GET"]}}],"collection":[{"href":"https:\/\/pracek.si\/ekrani-za-prenosnike\/wp-json\/wp\/v2\/product"}],"about":[{"href":"https:\/\/pracek.si\/ekrani-za-prenosnike\/wp-json\/wp\/v2\/types\/product"}],"wp:featuredmedia":[{"embeddable":true,"href":"https:\/\/pracek.si\/ekrani-za-prenosnike\/wp-json\/wp\/v2\/media\/7837"}],"wp:attachment":[{"href":"https:\/\/pracek.si\/ekrani-za-prenosnike\/wp-json\/wp\/v2\/media?parent=7836"}],"wp:term":[{"taxonomy":"product_brand","embeddable":true,"href":"https:\/\/pracek.si\/ekrani-za-prenosnike\/wp-json\/wp\/v2\/product_brand?post=7836"},{"taxonomy":"product_cat","embeddable":true,"href":"https:\/\/pracek.si\/ekrani-za-prenosnike\/wp-json\/wp\/v2\/product_cat?post=7836"},{"taxonomy":"product_tag","embeddable":true,"href":"https:\/\/pracek.si\/ekrani-za-prenosnike\/wp-json\/wp\/v2\/product_tag?post=7836"}],"curies":[{"name":"wp","href":"https:\/\/api.w.org\/{rel}","templated":true}]}}