{"id":7838,"date":"2024-11-05T18:55:33","date_gmt":"2024-11-05T18:55:33","guid":{"rendered":"https:\/\/pracek.si\/ekrani-za-prenosnike\/?post_type=product&#038;p=7838"},"modified":"2024-12-12T08:38:45","modified_gmt":"2024-12-12T08:38:45","slug":"lcd-zaslon-za-acer-aspire-one-a01-131-c1g9-116-hd-30-pin-nov","status":"publish","type":"product","link":"https:\/\/pracek.si\/ekrani-za-prenosnike\/product\/lcd-zaslon-za-acer-aspire-one-a01-131-c1g9-116-hd-30-pin-nov\/","title":{"rendered":"LCD zaslon za Acer Aspire One A01-131-C1G9 11,6&#8243; HD 30-Pin Nov"},"content":{"rendered":"<p><strong>Dejanski model LCD ekrana: MB116AN01-3 ver 1.1 \u2013 popolnoma zdru\u017eljiv z LCD ekranom za prenosnik Acer Aspire One A01-131-C1G9 &#8211; non-touch<\/strong><\/p>\n<p>Izbolj\u0161ajte svoj Acer Aspire One A01-131-C1G9 s kakovostnim nadomestnim LCD zaslonom. Ta 11,6&#8243; \u0161irokokotni zaslon ponuja lo\u010dljivost 1366&#215;768 HD, kar zagotavlja jasne in \u017eivahne slike za vse va\u0161e ra\u010dunalni\u0161ke potrebe. Zaslon je zasnovan z matirano povr\u0161ino, ki zmanj\u0161uje odsev, kar olaj\u0161a gledanje v razli\u010dnih svetlobnih pogojih.<\/p>\n<p>Zaslon je opremljen s 30-pinskim priklju\u010dkom in vklju\u010duje zgornje in spodnje nosilce, kar zagotavlja varno in enostavno namestitev. Prosimo, upo\u0161tevajte, da ta zaslon ni na dotik in ima LED osvetlitev, kar izbolj\u0161uje energijsko u\u010dinkovitost in svetlost. Gre za non-IPS panel, ki ponuja odli\u010dno vrednost za vsakodnevne naloge.<\/p>\n<p>Ta LCD zaslon je v popolnoma novem stanju, kar vam omogo\u010da, da obnovite delovanje svojega prenosnika brez skrbi o napakah. Nadgradite svojo napravo \u0161e danes in u\u017eivajte v sve\u017eem, jasnem prikazu.<\/p>\n","protected":false},"excerpt":{"rendered":"<p>Zamenjajte prikaz svojega prenosnika z novim LCD zaslonom za Acer Aspire One A01-131-C1G9. Ta 11,6&#8243; \u0161irokokotni zaslon ima matirano povr\u0161ino, lo\u010dljivost 1366&#215;768 HD in 30-pinsko povezavo. Vklju\u010duje zgornje in spodnje nosilce za enostavno namestitev. Stanje: novo.<\/p>\n","protected":false},"featured_media":7837,"template":"","meta":[],"product_brand":[],"product_cat":[78],"product_tag":[59],"class_list":{"0":"post-7838","1":"product","2":"type-product","3":"status-publish","4":"has-post-thumbnail","6":"product_cat-11-6","7":"product_tag-acer","9":"first","10":"instock","11":"taxable","12":"shipping-taxable","13":"purchasable","14":"product-type-simple"},"_links":{"self":[{"href":"https:\/\/pracek.si\/ekrani-za-prenosnike\/wp-json\/wp\/v2\/product\/7838","targetHints":{"allow":["GET"]}}],"collection":[{"href":"https:\/\/pracek.si\/ekrani-za-prenosnike\/wp-json\/wp\/v2\/product"}],"about":[{"href":"https:\/\/pracek.si\/ekrani-za-prenosnike\/wp-json\/wp\/v2\/types\/product"}],"wp:featuredmedia":[{"embeddable":true,"href":"https:\/\/pracek.si\/ekrani-za-prenosnike\/wp-json\/wp\/v2\/media\/7837"}],"wp:attachment":[{"href":"https:\/\/pracek.si\/ekrani-za-prenosnike\/wp-json\/wp\/v2\/media?parent=7838"}],"wp:term":[{"taxonomy":"product_brand","embeddable":true,"href":"https:\/\/pracek.si\/ekrani-za-prenosnike\/wp-json\/wp\/v2\/product_brand?post=7838"},{"taxonomy":"product_cat","embeddable":true,"href":"https:\/\/pracek.si\/ekrani-za-prenosnike\/wp-json\/wp\/v2\/product_cat?post=7838"},{"taxonomy":"product_tag","embeddable":true,"href":"https:\/\/pracek.si\/ekrani-za-prenosnike\/wp-json\/wp\/v2\/product_tag?post=7838"}],"curies":[{"name":"wp","href":"https:\/\/api.w.org\/{rel}","templated":true}]}}