{"id":7839,"date":"2024-11-05T18:59:54","date_gmt":"2024-11-05T18:59:54","guid":{"rendered":"https:\/\/pracek.si\/ekrani-za-prenosnike\/?post_type=product&#038;p=7839"},"modified":"2024-12-12T08:38:45","modified_gmt":"2024-12-12T08:38:45","slug":"lcd-zaslon-za-acer-aspire-one-ao1-131m-11-6-hd-30-pin-nov-z-nosilci","status":"publish","type":"product","link":"https:\/\/pracek.si\/ekrani-za-prenosnike\/product\/lcd-zaslon-za-acer-aspire-one-ao1-131m-11-6-hd-30-pin-nov-z-nosilci\/","title":{"rendered":"LCD Zaslon za Acer ASPIRE ONE AO1-131M 11.6&#8243; HD 30-Pin Nov z Nosilci"},"content":{"rendered":"<p><strong>Dejanski model LCD ekrana: MB116AN01-3 ver 1.1 \u2013 popolnoma zdru\u017eljiv z LCD ekranom za prenosnik Acer ASPIRE ONE CLOUDBOOK AO1-131M SERIES, 11 series &#8211; non-touch<\/strong><\/p>\n<p>Nadgradite svoj Acer ASPIRE ONE CLOUDBOOK AO1-131M s tem kakovostnim 11.6&#8243; LCD zaslonom. Ta zaslon je zasnovan posebej za 11 serijo in ima matirano povr\u0161ino, ki zmanj\u0161uje odseve, kar ga naredi idealnega za razli\u010dne svetlobne pogoje. Slo\u017eenost lo\u010dljivosti 1366&#215;768 HD vam omogo\u010da u\u017eivanje v ostrih slikah in \u017eivahnih barvah, kar izbolj\u0161uje va\u0161o izku\u0161njo gledanja.<\/p>\n<p>Zaslon uporablja 30-pinsko povezavo in ni na dotik, kar zagotavlja enostavno namestitev. LED osvetlitev zagotavlja svetlo in energetsko u\u010dinkovito osvetlitev, zaslon pa je zasnovan tako, da se brez te\u017eav prilega va\u0161emu prenosniku, brez kakr\u0161nih koli prilagoditev. Vklju\u010deni levo in desno nosilci zagotavljajo varno prileganje za enostavno nastavitev.<\/p>\n<p>Prosimo, upo\u0161tevajte, da je ta LCD zaslon brez IPS tehnologije, kar lahko vpliva na kote gledanja. Zaslon je v popolnoma novem stanju, kar zagotavlja, da prejmete brezhiben izdelek, pripravljen za izbolj\u0161anje zmogljivosti va\u0161ega prenosnika.<\/p>\n","protected":false},"excerpt":{"rendered":"<p>Zamenjajte zaslon svojega prenosnika z 11.6&#8243; LCD zaslonom za Acer ASPIRE ONE CLOUDBOOK AO1-131M. Z matirano povr\u0161ino, HD lo\u010dljivostjo 1366&#215;768 in 30-pinsko povezavo zagotavlja jasne slike. Vklju\u010dene so levo in desno nosilce za enostavno namestitev. Stanje: novo.<\/p>\n","protected":false},"featured_media":7837,"template":"","meta":[],"product_brand":[],"product_cat":[78],"product_tag":[59],"class_list":{"0":"post-7839","1":"product","2":"type-product","3":"status-publish","4":"has-post-thumbnail","6":"product_cat-11-6","7":"product_tag-acer","9":"first","10":"instock","11":"taxable","12":"shipping-taxable","13":"purchasable","14":"product-type-simple"},"_links":{"self":[{"href":"https:\/\/pracek.si\/ekrani-za-prenosnike\/wp-json\/wp\/v2\/product\/7839","targetHints":{"allow":["GET"]}}],"collection":[{"href":"https:\/\/pracek.si\/ekrani-za-prenosnike\/wp-json\/wp\/v2\/product"}],"about":[{"href":"https:\/\/pracek.si\/ekrani-za-prenosnike\/wp-json\/wp\/v2\/types\/product"}],"wp:featuredmedia":[{"embeddable":true,"href":"https:\/\/pracek.si\/ekrani-za-prenosnike\/wp-json\/wp\/v2\/media\/7837"}],"wp:attachment":[{"href":"https:\/\/pracek.si\/ekrani-za-prenosnike\/wp-json\/wp\/v2\/media?parent=7839"}],"wp:term":[{"taxonomy":"product_brand","embeddable":true,"href":"https:\/\/pracek.si\/ekrani-za-prenosnike\/wp-json\/wp\/v2\/product_brand?post=7839"},{"taxonomy":"product_cat","embeddable":true,"href":"https:\/\/pracek.si\/ekrani-za-prenosnike\/wp-json\/wp\/v2\/product_cat?post=7839"},{"taxonomy":"product_tag","embeddable":true,"href":"https:\/\/pracek.si\/ekrani-za-prenosnike\/wp-json\/wp\/v2\/product_tag?post=7839"}],"curies":[{"name":"wp","href":"https:\/\/api.w.org\/{rel}","templated":true}]}}