{"id":7848,"date":"2024-11-06T07:50:19","date_gmt":"2024-11-06T07:50:19","guid":{"rendered":"https:\/\/pracek.si\/ekrani-za-prenosnike\/?post_type=product&#038;p=7848"},"modified":"2025-08-19T09:01:11","modified_gmt":"2025-08-19T09:01:11","slug":"dell-inspiron-11-3162-116-lcd-brez-dotika-1366x768-hd-mat-edp-30-pin-nov","status":"publish","type":"product","link":"https:\/\/pracek.si\/ekrani-za-prenosnike\/product\/dell-inspiron-11-3162-116-lcd-brez-dotika-1366x768-hd-mat-edp-30-pin-nov\/","title":{"rendered":"DELL INSPIRON 11-3162 11,6&#8243; LCD Brez Dotika 1366&#215;768 HD Mat eDP 30-Pin Nov"},"content":{"rendered":"<p><strong>Dejanski model LCD ekrana: MB116AN01-3 ver 1.1 \u2013 popolnoma zdru\u017eljiv z LCD ekranom za prenosnik DELL INSPIRON 11-3162, 11-3000 SERIES &#8211; non-touch<\/strong><\/p>\n<p>Ta visokokakovosten LCD zaslon je posebej zasnovan za prenosnike DELL INSPIRON 11-3162 in 11-3000 serije. Zaslon z diagonalo 11,6&#8243; nudi lo\u010dljivost 1366&#215;768 HD, ki zagotavlja ostre in jasne slike za vsakodnevna opravila. Zaslon brez dotika ima matirano povr\u0161ino, ki zmanj\u0161uje odseve, kar omogo\u010da bolj\u0161o vidljivost v razli\u010dnih svetlobnih pogojih.<\/p>\n<p>30-pinska eDP povezava zagotavlja stabilno in zanesljivo povezavo med zaslonom in napravo. Zaslon je LED osvetljen in ni IPS, kar predstavlja cenovno ugodnej\u0161o mo\u017enost za tiste, ki potrebujejo osnovno funkcionalnost zaslona na prenosnem ra\u010dunalniku.<\/p>\n<p>Ta zaslon je opremljen z levo in desno nosilci, kar omogo\u010da enostavno in priro\u010dno namestitev. Ne glede na to, ali zamenjujete po\u0161kodovan zaslon ali nadgrajujete za bolj\u0161o zmogljivost, je ta LCD zaslon za va\u0161 DELL prenosnik odli\u010dna izbira.<\/p>\n","protected":false},"excerpt":{"rendered":"<p>Zamenjajte zaslon za DELL INSPIRON 11-3162 z 11,6&#8243; LCD zaslonom brez dotika. Ponuja lo\u010dljivost 1366&#215;768 HD, matirano povr\u0161ino in 30-pinsko eDP povezavo, popoln za prenosnik DELL INSPIRON 11-3000 serije. Stanje: novo.<\/p>\n","protected":false},"featured_media":7837,"template":"","meta":[],"product_brand":[],"product_cat":[78],"product_tag":[64],"class_list":{"0":"post-7848","1":"product","2":"type-product","3":"status-publish","4":"has-post-thumbnail","6":"product_cat-11-6","7":"product_tag-dell","9":"first","10":"instock","11":"taxable","12":"shipping-taxable","13":"purchasable","14":"product-type-simple"},"_links":{"self":[{"href":"https:\/\/pracek.si\/ekrani-za-prenosnike\/wp-json\/wp\/v2\/product\/7848","targetHints":{"allow":["GET"]}}],"collection":[{"href":"https:\/\/pracek.si\/ekrani-za-prenosnike\/wp-json\/wp\/v2\/product"}],"about":[{"href":"https:\/\/pracek.si\/ekrani-za-prenosnike\/wp-json\/wp\/v2\/types\/product"}],"wp:featuredmedia":[{"embeddable":true,"href":"https:\/\/pracek.si\/ekrani-za-prenosnike\/wp-json\/wp\/v2\/media\/7837"}],"wp:attachment":[{"href":"https:\/\/pracek.si\/ekrani-za-prenosnike\/wp-json\/wp\/v2\/media?parent=7848"}],"wp:term":[{"taxonomy":"product_brand","embeddable":true,"href":"https:\/\/pracek.si\/ekrani-za-prenosnike\/wp-json\/wp\/v2\/product_brand?post=7848"},{"taxonomy":"product_cat","embeddable":true,"href":"https:\/\/pracek.si\/ekrani-za-prenosnike\/wp-json\/wp\/v2\/product_cat?post=7848"},{"taxonomy":"product_tag","embeddable":true,"href":"https:\/\/pracek.si\/ekrani-za-prenosnike\/wp-json\/wp\/v2\/product_tag?post=7848"}],"curies":[{"name":"wp","href":"https:\/\/api.w.org\/{rel}","templated":true}]}}