{"id":7850,"date":"2024-11-06T08:10:07","date_gmt":"2024-11-06T08:10:07","guid":{"rendered":"https:\/\/pracek.si\/ekrani-za-prenosnike\/?post_type=product&#038;p=7850"},"modified":"2024-12-12T08:32:59","modified_gmt":"2024-12-12T08:32:59","slug":"lcd-zaslon-za-dell-chromebook-11-cb1c13-11-6-hd-30-pin-matte-brez-dotika-nov","status":"publish","type":"product","link":"https:\/\/pracek.si\/ekrani-za-prenosnike\/product\/lcd-zaslon-za-dell-chromebook-11-cb1c13-11-6-hd-30-pin-matte-brez-dotika-nov\/","title":{"rendered":"LCD zaslon za Dell Chromebook 11 CB1C13 11.6&#8243; HD 30 Pin Matte brez dotika Nov"},"content":{"rendered":"<p><strong>Dejanski model LCD ekrana: MB116AN01-3 ver 1.1 \u2013 popolnoma zdru\u017eljiv z LCD ekranom za prenosnik Dell Chromebook 11 CB1C13 P22T P26T &#8211; non-touch<\/strong><\/p>\n<p>Nadgradite svoj Dell Chromebook 11 CB1C13 P22T P26T z visokokakovostnim nadomestnim LCD zaslonom. Ta 11,6&#8243; \u0161iroki LCD panel ponuja 1366&#215;768 HD lo\u010dljivost za ostro sliko in odli\u010dno jasnost. Mat povr\u0161ina pomaga zmanj\u0161ati ble\u0161\u010danje, kar ga naredi idealnega za delo v svetlih okoljih. Zaslon ima 30-pin eDP povezavo, ki zagotavlja varno in stabilno povezavo z napravo.<\/p>\n<p>Ta zaslon ni zaslon na dotik in vklju\u010duje levo in desno dr\u017ealo za enostavno namestitev. \u010ceprav ni IPS zaslon, zagotavlja dosledne barve in jasno sliko za vsakodnevne naloge, kar omogo\u010da odli\u010dno delovanje tako za osebno kot profesionalno uporabo. Zaslon je v popolnoma novem stanju, kar zagotavlja popolno prileganje in odli\u010dno delovanje za va\u0161 Chromebook.<\/p>\n","protected":false},"excerpt":{"rendered":"<p>Zamenjajte zaslon na va\u0161em Dell Chromebooku 11 CB1C13 P22T P26T z 11,6&#8243; HD LCD zaslonom brez dotika. Ponuja 1366&#215;768 HD lo\u010dljivost, 30-pin eDP povezavo in mat zaklju\u010dek za jasno in brezble\u0161\u010deno sliko. Stanje: novo.<\/p>\n","protected":false},"featured_media":7837,"template":"","meta":[],"product_brand":[],"product_cat":[78],"product_tag":[64],"class_list":{"0":"post-7850","1":"product","2":"type-product","3":"status-publish","4":"has-post-thumbnail","6":"product_cat-11-6","7":"product_tag-dell","9":"first","10":"instock","11":"taxable","12":"shipping-taxable","13":"purchasable","14":"product-type-simple"},"_links":{"self":[{"href":"https:\/\/pracek.si\/ekrani-za-prenosnike\/wp-json\/wp\/v2\/product\/7850","targetHints":{"allow":["GET"]}}],"collection":[{"href":"https:\/\/pracek.si\/ekrani-za-prenosnike\/wp-json\/wp\/v2\/product"}],"about":[{"href":"https:\/\/pracek.si\/ekrani-za-prenosnike\/wp-json\/wp\/v2\/types\/product"}],"wp:featuredmedia":[{"embeddable":true,"href":"https:\/\/pracek.si\/ekrani-za-prenosnike\/wp-json\/wp\/v2\/media\/7837"}],"wp:attachment":[{"href":"https:\/\/pracek.si\/ekrani-za-prenosnike\/wp-json\/wp\/v2\/media?parent=7850"}],"wp:term":[{"taxonomy":"product_brand","embeddable":true,"href":"https:\/\/pracek.si\/ekrani-za-prenosnike\/wp-json\/wp\/v2\/product_brand?post=7850"},{"taxonomy":"product_cat","embeddable":true,"href":"https:\/\/pracek.si\/ekrani-za-prenosnike\/wp-json\/wp\/v2\/product_cat?post=7850"},{"taxonomy":"product_tag","embeddable":true,"href":"https:\/\/pracek.si\/ekrani-za-prenosnike\/wp-json\/wp\/v2\/product_tag?post=7850"}],"curies":[{"name":"wp","href":"https:\/\/api.w.org\/{rel}","templated":true}]}}