{"id":7853,"date":"2024-11-06T08:27:57","date_gmt":"2024-11-06T08:27:57","guid":{"rendered":"https:\/\/pracek.si\/ekrani-za-prenosnike\/?post_type=product&#038;p=7853"},"modified":"2024-12-12T08:36:28","modified_gmt":"2024-12-12T08:36:28","slug":"lcd-zaslon-za-hp-chromebook-11-g3-g4-g5-116-mat-hd-30-pin-brez-na-dotika","status":"publish","type":"product","link":"https:\/\/pracek.si\/ekrani-za-prenosnike\/product\/lcd-zaslon-za-hp-chromebook-11-g3-g4-g5-116-mat-hd-30-pin-brez-na-dotika\/","title":{"rendered":"LCD zaslon za HP Chromebook 11 G3 G4 G5 11,6&#8243; mat HD 30-pin brez na-dotika"},"content":{"rendered":"<p><strong>Dejanski model LCD ekrana: MB116AN01-3 ver 1.1 \u2013 popolnoma zdru\u017eljiv z LCD ekranom za prenosnik HP Chromebook 11 G3, G4, G5 &#8211; non-touch<\/strong><\/p>\n<p>Nadgradite ali zamenjajte zaslon svojega HP Chromebook 11 G3, G4 ali G5 z visoko kakovostnim 11,6&#8243; LCD zaslonom brez na-dotika. Z lo\u010dljivostjo 1366&#215;768 HD ta zaslon \u0161irokega formata ponuja jasne in ostre slike za nemoteno izku\u0161njo gledanja. Mat povr\u0161ina zmanj\u0161a odseve, kar omogo\u010da bolj\u0161e gledanje v razli\u010dnih svetlobnih pogojih.<\/p>\n<p>Ta zaslon vklju\u010duje 30-pin eDP povezavo, ki zagotavlja varno in stabilno povezavo z va\u0161o napravo. Levi in desni nosilci, ki so prilo\u017eeni, olaj\u0161ajo namestitev. Gre za zaslon brez IPS tehnologije, kar je popolno za osnovno uporabo, kot je brskanje po spletu in produktivna opravila. Ne glede na to, ali zamenjujete po\u0161kodovan zaslon ali nadgrajujete na novega, je ta LCD zaslon zanesljiva izbira.<\/p>\n<p>Stanje: novo.<\/p>\n","protected":false},"excerpt":{"rendered":"<p>Zamenjajte ali nadgradite zaslon svojega HP Chromebook 11 G3, G4 ali G5 s tem 11,6&#8243; LCD zaslonom brez na-dotika. Ima mat povr\u0161ino, lo\u010dljivost 1366&#215;768 HD in 30-pin povezavo eDP. Vklju\u010deni sta levi in desni nosilec. Stanje: novo.<\/p>\n","protected":false},"featured_media":7837,"template":"","meta":[],"product_brand":[],"product_cat":[78],"product_tag":[62],"class_list":{"0":"post-7853","1":"product","2":"type-product","3":"status-publish","4":"has-post-thumbnail","6":"product_cat-11-6","7":"product_tag-hp","9":"first","10":"instock","11":"taxable","12":"shipping-taxable","13":"purchasable","14":"product-type-simple"},"_links":{"self":[{"href":"https:\/\/pracek.si\/ekrani-za-prenosnike\/wp-json\/wp\/v2\/product\/7853","targetHints":{"allow":["GET"]}}],"collection":[{"href":"https:\/\/pracek.si\/ekrani-za-prenosnike\/wp-json\/wp\/v2\/product"}],"about":[{"href":"https:\/\/pracek.si\/ekrani-za-prenosnike\/wp-json\/wp\/v2\/types\/product"}],"wp:featuredmedia":[{"embeddable":true,"href":"https:\/\/pracek.si\/ekrani-za-prenosnike\/wp-json\/wp\/v2\/media\/7837"}],"wp:attachment":[{"href":"https:\/\/pracek.si\/ekrani-za-prenosnike\/wp-json\/wp\/v2\/media?parent=7853"}],"wp:term":[{"taxonomy":"product_brand","embeddable":true,"href":"https:\/\/pracek.si\/ekrani-za-prenosnike\/wp-json\/wp\/v2\/product_brand?post=7853"},{"taxonomy":"product_cat","embeddable":true,"href":"https:\/\/pracek.si\/ekrani-za-prenosnike\/wp-json\/wp\/v2\/product_cat?post=7853"},{"taxonomy":"product_tag","embeddable":true,"href":"https:\/\/pracek.si\/ekrani-za-prenosnike\/wp-json\/wp\/v2\/product_tag?post=7853"}],"curies":[{"name":"wp","href":"https:\/\/api.w.org\/{rel}","templated":true}]}}