{"id":7854,"date":"2024-11-06T08:32:00","date_gmt":"2024-11-06T08:32:00","guid":{"rendered":"https:\/\/pracek.si\/ekrani-za-prenosnike\/?post_type=product&#038;p=7854"},"modified":"2024-12-12T08:32:04","modified_gmt":"2024-12-12T08:32:04","slug":"11-6-lcd-zaslon-za-lenovo-ideapad-100s-11iby-110s-11ibr-80wg-hd-matte","status":"publish","type":"product","link":"https:\/\/pracek.si\/ekrani-za-prenosnike\/product\/11-6-lcd-zaslon-za-lenovo-ideapad-100s-11iby-110s-11ibr-80wg-hd-matte\/","title":{"rendered":"11.6&#8243; LCD zaslon za Lenovo Ideapad 100S-11IBY 110S-11IBR 80WG HD Matte"},"content":{"rendered":"<p><strong>Dejanski model LCD ekrana: MB116AN01-3 ver 1.1 \u2013 popolnoma zdru\u017eljiv z LCD ekranom za prenosnik Lenovo Ideapad 100S-11IBY, 110S-11IBR, 80WG Series &#8211; non-touch<\/strong><\/p>\n<p>Izbolj\u0161ajte svoj Lenovo Ideapad s tem visokokakovostnim 11,6&#8243; LCD zaslonom, ki je zdru\u017eljiv z modeloma 100S-11IBY, 110S-11IBR in 80WG serijo. Ta \u0161irokokotni zaslon ponuja lo\u010dljivost 1366&#215;768 HD, kar zagotavlja jasne in ostra vizualna do\u017eivetja. Matirana povr\u0161ina zmanj\u0161a odsev, kar je idealno za razli\u010dne svetlobne pogoje.<\/p>\n<p>Ta zaslon brez dotika je opremljen s 30-pinsko eDP povezavo in je popoln za zamenjavo po\u0161kodovanega ali nefunkcionalnega zaslona. Vklju\u010duje levi in desni nosilec za enostavno namestitev. \u010ceprav ne uporablja IPS tehnologije, zaslon ponuja odli\u010dno zmogljivost za vsakodnevna opravila, zaradi \u010desar je zanesljiv in priro\u010den za va\u0161 prenosnik.<\/p>\n<p>Zaslon je popolnoma nov, kar zagotavlja brezskrbno delovanje brez napak.<\/p>\n","protected":false},"excerpt":{"rendered":"<p>Zamenjajte zaslon svojega prenosnika z 11,6&#8243; LCD zaslonom za Lenovo Ideapad 100S-11IBY, 110S-11IBR in 80WG serije. Z lo\u010dljivostjo 1366&#215;768 HD, matirano povr\u0161ino in 30-pinsko eDP povezavo je zanesljiv zaslon brez dotika. Vklju\u010duje levi in desni nosilec. Stanje: novo.<\/p>\n","protected":false},"featured_media":7837,"template":"","meta":[],"product_brand":[],"product_cat":[78],"product_tag":[60],"class_list":{"0":"post-7854","1":"product","2":"type-product","3":"status-publish","4":"has-post-thumbnail","6":"product_cat-11-6","7":"product_tag-lenovo","9":"first","10":"instock","11":"taxable","12":"shipping-taxable","13":"purchasable","14":"product-type-simple"},"_links":{"self":[{"href":"https:\/\/pracek.si\/ekrani-za-prenosnike\/wp-json\/wp\/v2\/product\/7854","targetHints":{"allow":["GET"]}}],"collection":[{"href":"https:\/\/pracek.si\/ekrani-za-prenosnike\/wp-json\/wp\/v2\/product"}],"about":[{"href":"https:\/\/pracek.si\/ekrani-za-prenosnike\/wp-json\/wp\/v2\/types\/product"}],"wp:featuredmedia":[{"embeddable":true,"href":"https:\/\/pracek.si\/ekrani-za-prenosnike\/wp-json\/wp\/v2\/media\/7837"}],"wp:attachment":[{"href":"https:\/\/pracek.si\/ekrani-za-prenosnike\/wp-json\/wp\/v2\/media?parent=7854"}],"wp:term":[{"taxonomy":"product_brand","embeddable":true,"href":"https:\/\/pracek.si\/ekrani-za-prenosnike\/wp-json\/wp\/v2\/product_brand?post=7854"},{"taxonomy":"product_cat","embeddable":true,"href":"https:\/\/pracek.si\/ekrani-za-prenosnike\/wp-json\/wp\/v2\/product_cat?post=7854"},{"taxonomy":"product_tag","embeddable":true,"href":"https:\/\/pracek.si\/ekrani-za-prenosnike\/wp-json\/wp\/v2\/product_tag?post=7854"}],"curies":[{"name":"wp","href":"https:\/\/api.w.org\/{rel}","templated":true}]}}