{"id":7855,"date":"2024-11-06T08:35:49","date_gmt":"2024-11-06T08:35:49","guid":{"rendered":"https:\/\/pracek.si\/ekrani-za-prenosnike\/?post_type=product&#038;p=7855"},"modified":"2024-12-12T08:32:04","modified_gmt":"2024-12-12T08:32:04","slug":"lcd-zaslon-za-lenovo-flex-3-11-11-6-hd-mat-30-pinsko-edp-brez-na-dotik-nov","status":"publish","type":"product","link":"https:\/\/pracek.si\/ekrani-za-prenosnike\/product\/lcd-zaslon-za-lenovo-flex-3-11-11-6-hd-mat-30-pinsko-edp-brez-na-dotik-nov\/","title":{"rendered":"LCD zaslon za Lenovo Flex 3 11 11.6&#8243; HD Mat 30-pinsko eDP Brez na dotik Nov"},"content":{"rendered":"<p><strong>Dejanski model LCD ekrana: MB116AN01-3 ver 1.1 \u2013 popolnoma zdru\u017eljiv z LCD ekranom za prenosnik LENOVO FLEX 3 11 SERIES &#8211; non-touch<\/strong><\/p>\n<p>Obnovite ali izbolj\u0161ajte prikaz svojega prenosnega ra\u010dunalnika Lenovo Flex 3 11 serije z 11,6&#8243; LCD zaslonom. Z lo\u010dljivostjo 1366&#215;768 HD zagotavlja jasne in ostra slike za vsakodnevna opravila. Matirana povr\u0161ina zmanj\u0161uje odseve in omogo\u010da la\u017eje delo v svetlih okoljih. Zaslon je opremljen z 30-pinsko eDP povezavo, kar omogo\u010da enostavno namestitev in zamenjavo. Gre za zaslon brez na dotik, primeren za uporabnike, ki ne potrebujejo zaslona na dotik.<\/p>\n<p>Ta zaslon ni IPS zaslon, vendar \u0161e vedno ponuja odli\u010dno vrednost in zmogljivost. Vklju\u010duje levo in desno monta\u017eno dr\u017ealo za enostavno monta\u017eo ter je zdru\u017eljiv z razli\u010dnimi modeli prenosnih ra\u010dunalnikov Lenovo Flex 3 11 serije. Ne glede na to, ali potrebujete zamenjavo po\u0161kodovanega zaslona ali \u017eelite nadgraditi prikaz, je ta LCD zaslon zanesljiva in stro\u0161kovno u\u010dinkovita izbira. Stanje: novo.<\/p>\n","protected":false},"excerpt":{"rendered":"<p>Zamenjajte ali nadgradite zaslon svojega prenosnega ra\u010dunalnika Lenovo Flex 3 11 serije z 11,6&#8243; LCD zaslonom brez na dotik. Ima lo\u010dljivost 1366&#215;768 HD, matirano povr\u0161ino in 30-pinsko eDP povezavo. Stanje: novo.<\/p>\n","protected":false},"featured_media":7837,"template":"","meta":[],"product_brand":[],"product_cat":[78],"product_tag":[60],"class_list":{"0":"post-7855","1":"product","2":"type-product","3":"status-publish","4":"has-post-thumbnail","6":"product_cat-11-6","7":"product_tag-lenovo","9":"first","10":"instock","11":"taxable","12":"shipping-taxable","13":"purchasable","14":"product-type-simple"},"_links":{"self":[{"href":"https:\/\/pracek.si\/ekrani-za-prenosnike\/wp-json\/wp\/v2\/product\/7855","targetHints":{"allow":["GET"]}}],"collection":[{"href":"https:\/\/pracek.si\/ekrani-za-prenosnike\/wp-json\/wp\/v2\/product"}],"about":[{"href":"https:\/\/pracek.si\/ekrani-za-prenosnike\/wp-json\/wp\/v2\/types\/product"}],"wp:featuredmedia":[{"embeddable":true,"href":"https:\/\/pracek.si\/ekrani-za-prenosnike\/wp-json\/wp\/v2\/media\/7837"}],"wp:attachment":[{"href":"https:\/\/pracek.si\/ekrani-za-prenosnike\/wp-json\/wp\/v2\/media?parent=7855"}],"wp:term":[{"taxonomy":"product_brand","embeddable":true,"href":"https:\/\/pracek.si\/ekrani-za-prenosnike\/wp-json\/wp\/v2\/product_brand?post=7855"},{"taxonomy":"product_cat","embeddable":true,"href":"https:\/\/pracek.si\/ekrani-za-prenosnike\/wp-json\/wp\/v2\/product_cat?post=7855"},{"taxonomy":"product_tag","embeddable":true,"href":"https:\/\/pracek.si\/ekrani-za-prenosnike\/wp-json\/wp\/v2\/product_tag?post=7855"}],"curies":[{"name":"wp","href":"https:\/\/api.w.org\/{rel}","templated":true}]}}