{"id":7857,"date":"2024-11-06T08:51:16","date_gmt":"2024-11-06T08:51:16","guid":{"rendered":"https:\/\/pracek.si\/ekrani-za-prenosnike\/?post_type=product&#038;p=7857"},"modified":"2024-12-12T08:32:04","modified_gmt":"2024-12-12T08:32:04","slug":"lcd-zaslon-za-lenovo-100e-chromebook-gen-3-11-6-hd-30-pinski-brez-dotika-nov","status":"publish","type":"product","link":"https:\/\/pracek.si\/ekrani-za-prenosnike\/product\/lcd-zaslon-za-lenovo-100e-chromebook-gen-3-11-6-hd-30-pinski-brez-dotika-nov\/","title":{"rendered":"LCD Zaslon za Lenovo 100e Chromebook Gen 3 11.6&#8243; HD 30-pinski Brez Dotika Nov"},"content":{"rendered":"<p><strong>Dejanski model LCD ekrana: MB116AN01-3 ver 1.1 \u2013 popolnoma zdru\u017eljiv z LCD ekranom za prenosnik Lenovo 100e Chromebook Gen 3 82J7, 82J8, 82UY, 82V0 &#8211; non-touch<\/strong><\/p>\n<p>O\u017eivite svoj Lenovo 100e Chromebook Gen 3 (modeli 82J7, 82J8, 82UY, 82V0) z visokokakovostnim 11.6&#8243; LCD zaslonom brez dotika. Ta zaslon ponuja oster HD prikaz 1366&#215;768, kar zagotavlja jasne slike za vsakodnevno uporabo. Mat povr\u0161ina zmanj\u0161a ble\u0161\u010danje, kar zagotavlja udobno gledanje v razli\u010dnih svetlobnih pogojih.<\/p>\n<p>Zaslon ima 30-pinski eDP priklju\u010dek za enostavno namestitev in vklju\u010duje levi in desni nosilec za varno prileganje v napravo. Ta zaslon ni IPS zaslon, vendar je primeren za osnovno uporabo in stro\u0161kovno u\u010dinkovito zamenjavo. Popoln za zamenjavo po\u0161kodovanega ali pokvarjenega zaslona na va\u0161em Lenovo Chromebooku.<\/p>\n<p>LCD zaslon je nov in v brezhibnem stanju, kar zagotavlja zanesljivo delovanje in gladko uporabni\u0161ko izku\u0161njo.<\/p>\n","protected":false},"excerpt":{"rendered":"<p>Zamenjajte ali nadgradite zaslon na Lenovo 100e Chromebook Gen 3 z 11.6&#8243; LCD zaslonom brez dotika. Ima HD lo\u010dljivost 1366&#215;768, mat povr\u0161ino in 30-pinski eDP priklju\u010dek. Vklju\u010deni so levi in desni nosilci. Stanje: novo.<\/p>\n","protected":false},"featured_media":7837,"template":"","meta":[],"product_brand":[],"product_cat":[78],"product_tag":[60],"class_list":{"0":"post-7857","1":"product","2":"type-product","3":"status-publish","4":"has-post-thumbnail","6":"product_cat-11-6","7":"product_tag-lenovo","9":"first","10":"instock","11":"taxable","12":"shipping-taxable","13":"purchasable","14":"product-type-simple"},"_links":{"self":[{"href":"https:\/\/pracek.si\/ekrani-za-prenosnike\/wp-json\/wp\/v2\/product\/7857","targetHints":{"allow":["GET"]}}],"collection":[{"href":"https:\/\/pracek.si\/ekrani-za-prenosnike\/wp-json\/wp\/v2\/product"}],"about":[{"href":"https:\/\/pracek.si\/ekrani-za-prenosnike\/wp-json\/wp\/v2\/types\/product"}],"wp:featuredmedia":[{"embeddable":true,"href":"https:\/\/pracek.si\/ekrani-za-prenosnike\/wp-json\/wp\/v2\/media\/7837"}],"wp:attachment":[{"href":"https:\/\/pracek.si\/ekrani-za-prenosnike\/wp-json\/wp\/v2\/media?parent=7857"}],"wp:term":[{"taxonomy":"product_brand","embeddable":true,"href":"https:\/\/pracek.si\/ekrani-za-prenosnike\/wp-json\/wp\/v2\/product_brand?post=7857"},{"taxonomy":"product_cat","embeddable":true,"href":"https:\/\/pracek.si\/ekrani-za-prenosnike\/wp-json\/wp\/v2\/product_cat?post=7857"},{"taxonomy":"product_tag","embeddable":true,"href":"https:\/\/pracek.si\/ekrani-za-prenosnike\/wp-json\/wp\/v2\/product_tag?post=7857"}],"curies":[{"name":"wp","href":"https:\/\/api.w.org\/{rel}","templated":true}]}}