{"id":7858,"date":"2024-11-06T10:01:48","date_gmt":"2024-11-06T10:01:48","guid":{"rendered":"https:\/\/pracek.si\/ekrani-za-prenosnike\/?post_type=product&#038;p=7858"},"modified":"2024-12-12T08:32:04","modified_gmt":"2024-12-12T08:32:04","slug":"lcd-zaslon-za-lenovo-chromebook-n22-n23-11-6-hd-1366x768-brez-na-dotik-nov","status":"publish","type":"product","link":"https:\/\/pracek.si\/ekrani-za-prenosnike\/product\/lcd-zaslon-za-lenovo-chromebook-n22-n23-11-6-hd-1366x768-brez-na-dotik-nov\/","title":{"rendered":"LCD Zaslon za Lenovo Chromebook N22 N23 11.6&#8243; HD 1366&#215;768 Brez na dotik Nov"},"content":{"rendered":"<p><strong>Dejanski model LCD ekrana: MB116AN01-3 ver 1.1 \u2013 popolnoma zdru\u017eljiv z LCD ekranom za prenosnik Lenovo Chromebook N22 N23 Series &#8211; non-touch<\/strong><\/p>\n<p>Nadgradite svoj Lenovo Chromebook N22 ali N23 s tem kakovostnim 11,6&#8243; LCD zaslonom, zasnovanim za obnovitev ostrine in jasnosti va\u0161ega naprave. Z lo\u010dljivostjo 1366&#215;768 HD ponuja ta zaslon ostre slike za vsakodnevne naloge. Mat povr\u0161ina zmanj\u0161a odseve, kar ga naredi idealnega za razli\u010dne svetlobne pogoje.<\/p>\n<p>Z 30-pinsko eDP povezavo ta LCD zaslon zagotavlja varno in stabilno povezavo z va\u0161im Chromebookom. V paketu sta tudi levi in desni nosilec za enostavno namestitev. Prosimo, upo\u0161tevajte, da je ta zaslon brez funkcije na dotik, zato je idealen za uporabnike, ki i\u0161\u010dejo zanesljivo zamenjavo ali nadgradnjo za svoj Chromebook brez zaslona na dotik. Zaslon je v popolnoma novem stanju, kar vam zagotavlja izdelek brez napak, pripravljen za namestitev.<\/p>\n","protected":false},"excerpt":{"rendered":"<p>Zamenjajte zaslon na svojem Lenovo Chromebook N22\/N23 s tem 11,6&#8243; LCD zaslonom. Ponuja lo\u010dljivost 1366&#215;768 HD, mat povr\u0161ino in 30-pinsko eDP povezavo za jasne slike. Vklju\u010deni sta levi in desni nosilci. Stanje: novo.<\/p>\n","protected":false},"featured_media":7837,"template":"","meta":[],"product_brand":[],"product_cat":[78],"product_tag":[60],"class_list":{"0":"post-7858","1":"product","2":"type-product","3":"status-publish","4":"has-post-thumbnail","6":"product_cat-11-6","7":"product_tag-lenovo","9":"first","10":"instock","11":"taxable","12":"shipping-taxable","13":"purchasable","14":"product-type-simple"},"_links":{"self":[{"href":"https:\/\/pracek.si\/ekrani-za-prenosnike\/wp-json\/wp\/v2\/product\/7858","targetHints":{"allow":["GET"]}}],"collection":[{"href":"https:\/\/pracek.si\/ekrani-za-prenosnike\/wp-json\/wp\/v2\/product"}],"about":[{"href":"https:\/\/pracek.si\/ekrani-za-prenosnike\/wp-json\/wp\/v2\/types\/product"}],"wp:featuredmedia":[{"embeddable":true,"href":"https:\/\/pracek.si\/ekrani-za-prenosnike\/wp-json\/wp\/v2\/media\/7837"}],"wp:attachment":[{"href":"https:\/\/pracek.si\/ekrani-za-prenosnike\/wp-json\/wp\/v2\/media?parent=7858"}],"wp:term":[{"taxonomy":"product_brand","embeddable":true,"href":"https:\/\/pracek.si\/ekrani-za-prenosnike\/wp-json\/wp\/v2\/product_brand?post=7858"},{"taxonomy":"product_cat","embeddable":true,"href":"https:\/\/pracek.si\/ekrani-za-prenosnike\/wp-json\/wp\/v2\/product_cat?post=7858"},{"taxonomy":"product_tag","embeddable":true,"href":"https:\/\/pracek.si\/ekrani-za-prenosnike\/wp-json\/wp\/v2\/product_tag?post=7858"}],"curies":[{"name":"wp","href":"https:\/\/api.w.org\/{rel}","templated":true}]}}