{"id":7860,"date":"2024-11-06T10:10:34","date_gmt":"2024-11-06T10:10:34","guid":{"rendered":"https:\/\/pracek.si\/ekrani-za-prenosnike\/?post_type=product&#038;p=7860"},"modified":"2024-11-23T08:03:55","modified_gmt":"2024-11-23T08:03:55","slug":"samsung-chromebook-4-310xba-11-6-lcd-zaslon-hd-1366x768-led-brez-dotika","status":"publish","type":"product","link":"https:\/\/pracek.si\/ekrani-za-prenosnike\/product\/samsung-chromebook-4-310xba-11-6-lcd-zaslon-hd-1366x768-led-brez-dotika\/","title":{"rendered":"Samsung Chromebook 4 310XBA 11.6&#8243; LCD Zaslon HD 1366&#215;768 LED Brez Dotika"},"content":{"rendered":"<p><strong>Dejanski model LCD ekrana: MB116AN01-3 ver 1.1 \u2013 popolnoma zdru\u017eljiv z LCD ekranom za prenosnik Samsung ChromeBook 4 310XBA XE310XBA Series &#8211; non-touch<\/strong><\/p>\n<p>Nadgradite svoj Samsung Chromebook 4 (serija 310XBA XE310XBA) z visokokakovostnim 11,6&#8243; LCD zaslonom. Z lo\u010dljivostjo 1366&#215;768 HD zagotavlja jasne in ostre slike, kar je idealno za vsakodnevno brskanje, predvajanje vsebin in delo. Mat povr\u0161ina zmanj\u0161a odseve in omogo\u010da bolj\u0161o vidljivost v razli\u010dnih svetlobnih pogojih.<\/p>\n<p>Ta zaslon brez dotika ima 30-pin eDP konektor, ki je zdru\u017eljiv z va\u0161im Chromebook modelom, za enostavno in varno namestitev. V nasprotju z IPS zasloni ta ekran zagotavlja zanesljivo delovanje z LED osvetlitvijo za svetle in jasne slike, vendar ne podpira funkcionalnosti na dotik.<\/p>\n<p>Ta zaslon za zamenjavo vklju\u010duje levo in desno nosilca za enostavno namestitev, ter prihaja v popolnoma novem stanju, pripravljen za obnovitev va\u0161ega naprave v prvotno jasnost.<\/p>\n","protected":false},"excerpt":{"rendered":"<p>Zamenjajte zaslon za va\u0161 Samsung Chromebook 4 z 11,6&#8243; LCD zaslonom. Ima HD lo\u010dljivost 1366&#215;768, matirano povr\u0161ino in 30-pin eDP povezavo, primeren za serijo 310XBA XE310XBA. Vklju\u010dena sta levo in desno nosilca. Stanje: novo.<\/p>\n","protected":false},"featured_media":7837,"template":"","meta":[],"product_brand":[],"product_cat":[78],"product_tag":[],"class_list":{"0":"post-7860","1":"product","2":"type-product","3":"status-publish","4":"has-post-thumbnail","6":"product_cat-11-6","8":"first","9":"instock","10":"taxable","11":"shipping-taxable","12":"purchasable","13":"product-type-simple"},"_links":{"self":[{"href":"https:\/\/pracek.si\/ekrani-za-prenosnike\/wp-json\/wp\/v2\/product\/7860","targetHints":{"allow":["GET"]}}],"collection":[{"href":"https:\/\/pracek.si\/ekrani-za-prenosnike\/wp-json\/wp\/v2\/product"}],"about":[{"href":"https:\/\/pracek.si\/ekrani-za-prenosnike\/wp-json\/wp\/v2\/types\/product"}],"wp:featuredmedia":[{"embeddable":true,"href":"https:\/\/pracek.si\/ekrani-za-prenosnike\/wp-json\/wp\/v2\/media\/7837"}],"wp:attachment":[{"href":"https:\/\/pracek.si\/ekrani-za-prenosnike\/wp-json\/wp\/v2\/media?parent=7860"}],"wp:term":[{"taxonomy":"product_brand","embeddable":true,"href":"https:\/\/pracek.si\/ekrani-za-prenosnike\/wp-json\/wp\/v2\/product_brand?post=7860"},{"taxonomy":"product_cat","embeddable":true,"href":"https:\/\/pracek.si\/ekrani-za-prenosnike\/wp-json\/wp\/v2\/product_cat?post=7860"},{"taxonomy":"product_tag","embeddable":true,"href":"https:\/\/pracek.si\/ekrani-za-prenosnike\/wp-json\/wp\/v2\/product_tag?post=7860"}],"curies":[{"name":"wp","href":"https:\/\/api.w.org\/{rel}","templated":true}]}}