{"id":7864,"date":"2024-11-06T11:48:31","date_gmt":"2024-11-06T11:48:31","guid":{"rendered":"https:\/\/pracek.si\/ekrani-za-prenosnike\/?post_type=product&#038;p=7864"},"modified":"2024-11-23T08:04:14","modified_gmt":"2024-11-23T08:04:14","slug":"ltn116al01-301-116-lcd-ekran-1366x768-hd-brez-dotika-mat-30pin-novo","status":"publish","type":"product","link":"https:\/\/pracek.si\/ekrani-za-prenosnike\/product\/ltn116al01-301-116-lcd-ekran-1366x768-hd-brez-dotika-mat-30pin-novo\/","title":{"rendered":"LTN116AL01-301 11,6&#8243; LCD ekran 1366&#215;768 HD brez dotika Mat 30pin Novo"},"content":{"rendered":"<p><strong>Dejanski model LCD ekrana: MB116AN01-3 ver 1.1 \u2013 popolnoma zdru\u017eljiv z LCD ekranom LTN116AL01-301<\/strong><\/p>\n<p>Izbolj\u0161ajte prikaz na svojem prenosnem ra\u010dunalniku z LTN116AL01-301 LCD ekranom velikosti 11,6&#8243;, ki je zasnovan za tiste, ki i\u0161\u010dejo zanesljivo in kakovostno zamenjavo zaslona. Ta \u0161irokokotni LCD zaslon ponuja lo\u010dljivost 1366&#215;768 HD za jasne in \u017eivahne slike, kar je idealno za vsakodnevne naloge na ra\u010dunalniku. Mat povr\u0161ina zmanj\u0161uje ble\u0161\u010danje, kar omogo\u010da udobnej\u0161e gledanje v razli\u010dnih svetlobnih pogojih.<\/p>\n<p>Zaslon vklju\u010duje 30-pinsko eDP povezavo za stabilno delovanje in enostavno namestitev. Vklju\u010deni so levi in desni nosilci za varno namestitev. Upo\u0161tevajte, da gre za zaslon brez dotika, primeren za prenosnike brez zaslona na dotik. Ne glede na to, ali zamenjujete po\u0161kodovan zaslon ali nadgrajujete za bolj\u0161o jasnost, je ta nov LCD zaslon odli\u010dna izbira.<\/p>\n","protected":false},"excerpt":{"rendered":"<p>Nadgradite svoj prenosni ra\u010dunalnik z LTN116AL01-301 LCD ekranom velikosti 11,6&#8243;. Z lo\u010dljivostjo 1366&#215;768 HD, mat povr\u0161ino in 30-pinsko eDP povezavo, ta zaslon brez dotika je idealen za vsakodnevno uporabo. Vsebuje levi in desni nosilec. Stanje: novo.<\/p>\n","protected":false},"featured_media":7837,"template":"","meta":[],"product_brand":[],"product_cat":[78],"product_tag":[],"class_list":{"0":"post-7864","1":"product","2":"type-product","3":"status-publish","4":"has-post-thumbnail","6":"product_cat-11-6","8":"first","9":"instock","10":"taxable","11":"shipping-taxable","12":"purchasable","13":"product-type-simple"},"_links":{"self":[{"href":"https:\/\/pracek.si\/ekrani-za-prenosnike\/wp-json\/wp\/v2\/product\/7864","targetHints":{"allow":["GET"]}}],"collection":[{"href":"https:\/\/pracek.si\/ekrani-za-prenosnike\/wp-json\/wp\/v2\/product"}],"about":[{"href":"https:\/\/pracek.si\/ekrani-za-prenosnike\/wp-json\/wp\/v2\/types\/product"}],"wp:featuredmedia":[{"embeddable":true,"href":"https:\/\/pracek.si\/ekrani-za-prenosnike\/wp-json\/wp\/v2\/media\/7837"}],"wp:attachment":[{"href":"https:\/\/pracek.si\/ekrani-za-prenosnike\/wp-json\/wp\/v2\/media?parent=7864"}],"wp:term":[{"taxonomy":"product_brand","embeddable":true,"href":"https:\/\/pracek.si\/ekrani-za-prenosnike\/wp-json\/wp\/v2\/product_brand?post=7864"},{"taxonomy":"product_cat","embeddable":true,"href":"https:\/\/pracek.si\/ekrani-za-prenosnike\/wp-json\/wp\/v2\/product_cat?post=7864"},{"taxonomy":"product_tag","embeddable":true,"href":"https:\/\/pracek.si\/ekrani-za-prenosnike\/wp-json\/wp\/v2\/product_tag?post=7864"}],"curies":[{"name":"wp","href":"https:\/\/api.w.org\/{rel}","templated":true}]}}