{"id":7867,"date":"2024-11-06T12:48:56","date_gmt":"2024-11-06T12:48:56","guid":{"rendered":"https:\/\/pracek.si\/ekrani-za-prenosnike\/?post_type=product&#038;p=7867"},"modified":"2024-11-23T08:04:28","modified_gmt":"2024-11-23T08:04:28","slug":"n116bca-ea1-116-hd-lcd-zaslon-za-prenosnik-mat-30-pin-z-nosilci-nov","status":"publish","type":"product","link":"https:\/\/pracek.si\/ekrani-za-prenosnike\/product\/n116bca-ea1-116-hd-lcd-zaslon-za-prenosnik-mat-30-pin-z-nosilci-nov\/","title":{"rendered":"N116BCA-EA1 11,6&#8243; HD LCD zaslon za prenosnik, mat, 30-pin z nosilci, nov"},"content":{"rendered":"<p><strong>Dejanski model LCD ekrana: MB116AN01-3 ver 1.1 \u2013 popolnoma zdru\u017eljiv z LCD ekranom N116BCA-EA1<\/strong><\/p>\n<p>LCD zaslon N116BCA-EA1 velikosti 11,6&#8243; je odli\u010dna izbira za kompaktne prenosnike, ki potrebujejo kakovosten zaslon. Z lo\u010dljivostjo 1366&#215;768 HD ta zaslon ponuja ostre in jasne slike, primerne za vsakodnevno uporabo. Mat povr\u0161ina zmanj\u0161uje ble\u0161\u010danje, zato je zaslon primeren za razli\u010dne svetlobne pogoje, 30-pinska eDP povezava pa zagotavlja zdru\u017eljivost s \u0161tevilnimi modeli prenosnikov.<\/p>\n<p>Ta zaslon vklju\u010duje levi in desni nosilec za varno pritrditev ter LED osvetlitev ozadja za energetsko u\u010dinkovito delovanje. Gre za zaslon brez tehnologije IPS in brez funkcije na dotik, zasnovan za zanesljivo kakovost brez dodatne kompleksnosti funkcij na dotik.<\/p>\n<p>Stanje: popolnoma nov, kar zagotavlja brezhiben zaslon, pripravljen za takoj\u0161njo uporabo.<\/p>\n","protected":false},"excerpt":{"rendered":"<p>Nadgradite svoj prenosnik z LCD zaslonom N116BCA-EA1 11,6&#8243; \u0161irokega formata. Z lo\u010dljivostjo HD, mat povr\u0161ino in 30-pinsko eDP povezavo zagotavlja jasne slike v kompaktni velikosti. Vklju\u010deni sta levi in desni nosilec. Stanje: novo.<\/p>\n","protected":false},"featured_media":7837,"template":"","meta":[],"product_brand":[],"product_cat":[78],"product_tag":[],"class_list":{"0":"post-7867","1":"product","2":"type-product","3":"status-publish","4":"has-post-thumbnail","6":"product_cat-11-6","8":"first","9":"instock","10":"taxable","11":"shipping-taxable","12":"purchasable","13":"product-type-simple"},"_links":{"self":[{"href":"https:\/\/pracek.si\/ekrani-za-prenosnike\/wp-json\/wp\/v2\/product\/7867","targetHints":{"allow":["GET"]}}],"collection":[{"href":"https:\/\/pracek.si\/ekrani-za-prenosnike\/wp-json\/wp\/v2\/product"}],"about":[{"href":"https:\/\/pracek.si\/ekrani-za-prenosnike\/wp-json\/wp\/v2\/types\/product"}],"wp:featuredmedia":[{"embeddable":true,"href":"https:\/\/pracek.si\/ekrani-za-prenosnike\/wp-json\/wp\/v2\/media\/7837"}],"wp:attachment":[{"href":"https:\/\/pracek.si\/ekrani-za-prenosnike\/wp-json\/wp\/v2\/media?parent=7867"}],"wp:term":[{"taxonomy":"product_brand","embeddable":true,"href":"https:\/\/pracek.si\/ekrani-za-prenosnike\/wp-json\/wp\/v2\/product_brand?post=7867"},{"taxonomy":"product_cat","embeddable":true,"href":"https:\/\/pracek.si\/ekrani-za-prenosnike\/wp-json\/wp\/v2\/product_cat?post=7867"},{"taxonomy":"product_tag","embeddable":true,"href":"https:\/\/pracek.si\/ekrani-za-prenosnike\/wp-json\/wp\/v2\/product_tag?post=7867"}],"curies":[{"name":"wp","href":"https:\/\/api.w.org\/{rel}","templated":true}]}}