{"id":7873,"date":"2024-11-06T15:36:03","date_gmt":"2024-11-06T15:36:03","guid":{"rendered":"https:\/\/pracek.si\/ekrani-za-prenosnike\/?post_type=product&#038;p=7873"},"modified":"2025-01-18T10:31:41","modified_gmt":"2025-01-18T10:31:41","slug":"ne135fbm-n41-v8-1-lcd-zaslon-135-qhd-svetleci-2256x1504-non-touch-40pin-novo","status":"publish","type":"product","link":"https:\/\/pracek.si\/ekrani-za-prenosnike\/product\/ne135fbm-n41-v8-1-lcd-zaslon-135-qhd-svetleci-2256x1504-non-touch-40pin-novo\/","title":{"rendered":"NE135FBM-N41 V8.1 LCD Zaslon 13,5&#8243; QHD Svetle\u010di 2256&#215;1504 Non-Touch 30pin Novo"},"content":{"rendered":"<p>Izbolj\u0161ajte zaslon svojega prenosnika z LCD zaslonom NE135FBM-N41 V8.1 13,5&#8243;, ki je zasnovan za izjemno jasnost in \u017eivahne barve. Ta visokokakovosten zaslon ponuja lo\u010dljivost 2256\u00d71504 QHD, kar zagotavlja ostre in podrobne slike s svetle\u010do povr\u0161ino, ki izbolj\u0161a kakovost slike. Z natan\u010dnostjo barv S-RGB zagotavlja bogate in \u017eive barve za naravno izku\u0161njo, kar je idealno za naloge, ki zahtevajo natan\u010dnost.<\/p>\n<p>30-pinski eDP konektor zagotavlja varno in stabilno povezavo, medtem ko obojestranski lepilni trakovi poenostavijo namestitev in omogo\u010dajo enostavno uporabo brez dodatnih orodij. Ta zaslon je brez dotika in ne vklju\u010duje zgornjih in spodnjih nosilcev, kar omogo\u010da eleganten, minimalisti\u010den dizajn, ki je popoln za zamenjavo ali nadgradnjo zaslona prenosnega ra\u010dunalnika.<\/p>\n<p>Upo\u0161tevajte, da zaslon ni IPS, vendar \u0161e vedno zagotavlja jasno in dosledno vizualno izku\u0161njo. Ta LCD zaslon je v popolnoma novem stanju, kar zagotavlja optimalno delovanje po namestitvi.<\/p>\n","protected":false},"excerpt":{"rendered":"<p>Nadgradite svoj prenosnik z LCD zaslonom NE135FBM-N41 V8.1 13,5&#8243;. S svetle\u010do povr\u0161ino, QHD lo\u010dljivostjo (2256&#215;1504) in S-RGB natan\u010dnostjo barv ponuja \u017eive slike. Vklju\u010deni obojestranski lepilni trakovi za enostavno namestitev. Stanje: novo.<\/p>\n","protected":false},"featured_media":7874,"template":"","meta":[],"product_brand":[],"product_cat":[74],"product_tag":[],"class_list":{"0":"post-7873","1":"product","2":"type-product","3":"status-publish","4":"has-post-thumbnail","6":"product_cat-13-5","8":"first","9":"instock","10":"taxable","11":"shipping-taxable","12":"purchasable","13":"product-type-simple"},"_links":{"self":[{"href":"https:\/\/pracek.si\/ekrani-za-prenosnike\/wp-json\/wp\/v2\/product\/7873","targetHints":{"allow":["GET"]}}],"collection":[{"href":"https:\/\/pracek.si\/ekrani-za-prenosnike\/wp-json\/wp\/v2\/product"}],"about":[{"href":"https:\/\/pracek.si\/ekrani-za-prenosnike\/wp-json\/wp\/v2\/types\/product"}],"wp:featuredmedia":[{"embeddable":true,"href":"https:\/\/pracek.si\/ekrani-za-prenosnike\/wp-json\/wp\/v2\/media\/7874"}],"wp:attachment":[{"href":"https:\/\/pracek.si\/ekrani-za-prenosnike\/wp-json\/wp\/v2\/media?parent=7873"}],"wp:term":[{"taxonomy":"product_brand","embeddable":true,"href":"https:\/\/pracek.si\/ekrani-za-prenosnike\/wp-json\/wp\/v2\/product_brand?post=7873"},{"taxonomy":"product_cat","embeddable":true,"href":"https:\/\/pracek.si\/ekrani-za-prenosnike\/wp-json\/wp\/v2\/product_cat?post=7873"},{"taxonomy":"product_tag","embeddable":true,"href":"https:\/\/pracek.si\/ekrani-za-prenosnike\/wp-json\/wp\/v2\/product_tag?post=7873"}],"curies":[{"name":"wp","href":"https:\/\/api.w.org\/{rel}","templated":true}]}}