{"id":7875,"date":"2024-11-06T15:39:55","date_gmt":"2024-11-06T15:39:55","guid":{"rendered":"https:\/\/pracek.si\/ekrani-za-prenosnike\/?post_type=product&#038;p=7875"},"modified":"2025-01-18T10:31:53","modified_gmt":"2025-01-18T10:31:53","slug":"acer-swift-3-sf313-53-135-qhd-lcd-zaslon-2256x1504-edp-40pin-brez-dotika-nov","status":"publish","type":"product","link":"https:\/\/pracek.si\/ekrani-za-prenosnike\/product\/acer-swift-3-sf313-53-135-qhd-lcd-zaslon-2256x1504-edp-40pin-brez-dotika-nov\/","title":{"rendered":"Acer Swift 3 SF313-53 13,5&#8243; QHD LCD zaslon 2256&#215;1504 eDP 30pin brez dotika Nov"},"content":{"rendered":"<p><strong>Dejanski model LCD ekrana: NE135FBM-N41 V8.1 \u2013 popolnoma zdru\u017eljiv z LCD ekranom za prenosnik Acer Swift 3 SF313-53-7165 526M 78UG 79HQ 557C &#8211; non-touch<\/strong><\/p>\n<p>Nadgradite svoj Acer Swift 3 SF313-53-7165 z visokokakovostnim LCD zaslonom 13,5&#8243;, ki ponuja jasnost in \u017eivahne barve. Zaslon ima osupljivo QHD lo\u010dljivost 2256\u00d71504, kar omogo\u010da ostra in jasna slika z bogatimi barvami. Sijajna povr\u0161ina izbolj\u0161a vibracije barv, zaradi \u010desar je zaslon idealen za tiste, ki u\u017eivajo v svetlih in jasnih prikazih.<\/p>\n<p>Zaslon je opremljen s 30-pin eDP priklju\u010dkom, ki zagotavlja zanesljivo in stabilno povezavo. V paketu so vklju\u010deni tudi obojestranski lepilni trakovi, ki omogo\u010dajo hitro in enostavno namestitev. Zaslon ni na dotik in ne vklju\u010duje zgornjih in spodnjih nosilcev, vendar je popolnoma zdru\u017eljiv z modeli Acer Swift 3 SF313-53-7165 (526M, 78UG, 79HQ, 557C).<\/p>\n<p>Zaslon uporablja LED tehnologijo, ima S-RGB barvni spekter in ni IPS. Je v popolnoma novem stanju, pripravljen za uporabo in vam bo zagotovil izku\u0161njo z novim zaslonom.<\/p>\n","protected":false},"excerpt":{"rendered":"<p>Zamenjajte LCD zaslon na Acer Swift 3 SF313-53-7165 s tem 13,5&#8243; QHD zaslonom. Ima sijajno povr\u0161ino, lo\u010dljivost 2256\u00d71504 in 30-pin eDP priklju\u010dek. Vklju\u010deni so obojestranski lepilni trakovi za enostavno namestitev. Stanje: novo.<\/p>\n","protected":false},"featured_media":7874,"template":"","meta":[],"product_brand":[],"product_cat":[74],"product_tag":[59],"class_list":{"0":"post-7875","1":"product","2":"type-product","3":"status-publish","4":"has-post-thumbnail","6":"product_cat-13-5","7":"product_tag-acer","9":"first","10":"instock","11":"taxable","12":"shipping-taxable","13":"purchasable","14":"product-type-simple"},"_links":{"self":[{"href":"https:\/\/pracek.si\/ekrani-za-prenosnike\/wp-json\/wp\/v2\/product\/7875","targetHints":{"allow":["GET"]}}],"collection":[{"href":"https:\/\/pracek.si\/ekrani-za-prenosnike\/wp-json\/wp\/v2\/product"}],"about":[{"href":"https:\/\/pracek.si\/ekrani-za-prenosnike\/wp-json\/wp\/v2\/types\/product"}],"wp:featuredmedia":[{"embeddable":true,"href":"https:\/\/pracek.si\/ekrani-za-prenosnike\/wp-json\/wp\/v2\/media\/7874"}],"wp:attachment":[{"href":"https:\/\/pracek.si\/ekrani-za-prenosnike\/wp-json\/wp\/v2\/media?parent=7875"}],"wp:term":[{"taxonomy":"product_brand","embeddable":true,"href":"https:\/\/pracek.si\/ekrani-za-prenosnike\/wp-json\/wp\/v2\/product_brand?post=7875"},{"taxonomy":"product_cat","embeddable":true,"href":"https:\/\/pracek.si\/ekrani-za-prenosnike\/wp-json\/wp\/v2\/product_cat?post=7875"},{"taxonomy":"product_tag","embeddable":true,"href":"https:\/\/pracek.si\/ekrani-za-prenosnike\/wp-json\/wp\/v2\/product_tag?post=7875"}],"curies":[{"name":"wp","href":"https:\/\/api.w.org\/{rel}","templated":true}]}}